{"id":6030,"date":"2025-10-10T13:54:22","date_gmt":"2025-10-10T16:54:22","guid":{"rendered":"https:\/\/backingtracksmusic.com\/?post_type=product&#038;p=6030"},"modified":"2025-10-10T13:56:18","modified_gmt":"2025-10-10T16:56:18","slug":"dont-cry-for-me-argentina-v-2","status":"publish","type":"product","link":"https:\/\/backingtracksmusic.com\/pt\/produto\/dont-cry-for-me-argentina-v-2\/","title":{"rendered":"Don\u00b4t cry for me Argentina V.2"},"content":{"rendered":"<h3>Informa\u00e7\u00f5es:<\/h3>\n<p>\u00abDon&#8217;t Cry for Me Argentina\u00bb \u2014en espa\u00f1ol: \u00abNo llores por m\u00ed Argentina\u00bb\u2014 es una canci\u00f3n de 1976 compuesta por Andrew Lloyd Webber (m\u00fasica) y Tim Rice (letras) e interpretada por Julie Covington en el \u00e1lbum conceptual Evita.<\/p>","protected":false},"excerpt":{"rendered":"<h3>Demo:<\/h3>\n<div class=\"wp-playlist wp-audio-playlist wp-playlist-light\">\n<div class=\"wp-playlist-current-item\"><\/div>\n<p>\t\t<audio controls=\"controls\" preload=\"none\" width=\"1378\"\n\t\t\t><\/audio><\/p>\n<div class=\"wp-playlist-next\"><\/div>\n<div class=\"wp-playlist-prev\"><\/div>\n<p>\t<noscript><\/p>\n<ol>\n<li><a href='https:\/\/backingtracksmusic.com\/wp-content\/uploads\/2025\/10\/no-llores-por-mi-argentina-play-v2-refe-FLUTE-DEMO.mp3'>no llores por mi argentina play v2 + refe FLUTE DEMO<\/a><\/li>\n<li><a href='https:\/\/backingtracksmusic.com\/wp-content\/uploads\/2025\/10\/no-llores-por-mi-argentina-play-v2-DEMO.mp3'>no llores por mi argentina play v2 DEMO<\/a><\/li>\n<\/ol>\n<p>\t<\/noscript><br \/>\n\t<script type=\"application\/json\" class=\"wp-playlist-script\">{\"type\":\"audio\",\"tracklist\":true,\"tracknumbers\":true,\"images\":false,\"artists\":false,\"tracks\":[{\"src\":\"https:\/\/backingtracksmusic.com\/wp-content\/uploads\/2025\/10\/no-llores-por-mi-argentina-play-v2-refe-FLUTE-DEMO.mp3\",\"type\":\"audio\/mpeg\",\"title\":\"no llores por mi argentina play v2 + refe FLUTE DEMO\",\"caption\":\"\",\"description\":\"\\\"no llores por mi argentina play v2 + refe FLUTE DEMO\\\". G\\u00e9nero: Otro.\",\"meta\":{\"genre\":\"Otro\",\"length_formatted\":\"2:17\"},\"image\":{\"src\":\"https:\/\/backingtracksmusic.com\/wp-includes\/images\/media\/audio.svg\",\"width\":48,\"height\":64},\"thumb\":{\"src\":\"https:\/\/backingtracksmusic.com\/wp-includes\/images\/media\/audio.svg\",\"width\":48,\"height\":64}},{\"src\":\"https:\/\/backingtracksmusic.com\/wp-content\/uploads\/2025\/10\/no-llores-por-mi-argentina-play-v2-DEMO.mp3\",\"type\":\"audio\/mpeg\",\"title\":\"no llores por mi argentina play v2 DEMO\",\"caption\":\"\",\"description\":\"\\\"no llores por mi argentina play v2 DEMO\\\". G\\u00e9nero: Otro.\",\"meta\":{\"genre\":\"Otro\",\"length_formatted\":\"0:56\"},\"image\":{\"src\":\"https:\/\/backingtracksmusic.com\/wp-includes\/images\/media\/audio.svg\",\"width\":48,\"height\":64},\"thumb\":{\"src\":\"https:\/\/backingtracksmusic.com\/wp-includes\/images\/media\/audio.svg\",\"width\":48,\"height\":64}}]}<\/script>\n<\/div>","protected":false},"featured_media":0,"template":"","meta":{"_acf_changed":false},"product_brand":[],"product_cat":[93],"product_tag":[205],"class_list":{"0":"post-6030","1":"product","2":"type-product","3":"status-publish","5":"product_cat-08-musicales","6":"product_tag-andrew-lloyd-webber","8":"first","9":"instock","10":"virtual","11":"purchasable","12":"product-type-simple"},"acf":[],"_links":{"self":[{"href":"https:\/\/backingtracksmusic.com\/pt\/wp-json\/wp\/v2\/product\/6030","targetHints":{"allow":["GET"]}}],"collection":[{"href":"https:\/\/backingtracksmusic.com\/pt\/wp-json\/wp\/v2\/product"}],"about":[{"href":"https:\/\/backingtracksmusic.com\/pt\/wp-json\/wp\/v2\/types\/product"}],"wp:attachment":[{"href":"https:\/\/backingtracksmusic.com\/pt\/wp-json\/wp\/v2\/media?parent=6030"}],"wp:term":[{"taxonomy":"product_brand","embeddable":true,"href":"https:\/\/backingtracksmusic.com\/pt\/wp-json\/wp\/v2\/product_brand?post=6030"},{"taxonomy":"product_cat","embeddable":true,"href":"https:\/\/backingtracksmusic.com\/pt\/wp-json\/wp\/v2\/product_cat?post=6030"},{"taxonomy":"product_tag","embeddable":true,"href":"https:\/\/backingtracksmusic.com\/pt\/wp-json\/wp\/v2\/product_tag?post=6030"}],"curies":[{"name":"wp","href":"https:\/\/api.w.org\/{rel}","templated":true}]}}