{"id":5920,"date":"2025-05-02T20:18:59","date_gmt":"2025-05-02T23:18:59","guid":{"rendered":"https:\/\/backingtracksmusic.com\/?post_type=product&#038;p=5920"},"modified":"2025-05-02T20:21:45","modified_gmt":"2025-05-02T23:21:45","slug":"blackbird","status":"publish","type":"product","link":"https:\/\/backingtracksmusic.com\/pt\/produto\/blackbird\/","title":{"rendered":"Blackbird"},"content":{"rendered":"<h3>Informa\u00e7\u00f5es:<\/h3>\n<p>\u00ab Blackbird \u00bb es una canci\u00f3n de la banda de rock inglesa The Beatles , incluida en su \u00e1lbum doble de 1968, The Beatles (tambi\u00e9n conocido como \u00abThe White Album\u00bb). Fue escrita por Paul McCartney , acreditada a Lennon-McCartney y interpretada como pieza solista por McCartney.<\/p>","protected":false},"excerpt":{"rendered":"<h3>Demo:<\/h3>\n<div class=\"wp-playlist wp-audio-playlist wp-playlist-light\">\n<div class=\"wp-playlist-current-item\"><\/div>\n<p>\t\t<audio controls=\"controls\" preload=\"none\" width=\"1378\"\n\t\t\t><\/audio><\/p>\n<div class=\"wp-playlist-next\"><\/div>\n<div class=\"wp-playlist-prev\"><\/div>\n<p>\t<noscript><\/p>\n<ol>\n<li><a href='https:\/\/backingtracksmusic.com\/wp-content\/uploads\/2025\/05\/Blackbird-G-cover-flute-reference-DEMO.mp3'>Blackbird G cover + flute reference DEMO<\/a><\/li>\n<li><a href='https:\/\/backingtracksmusic.com\/wp-content\/uploads\/2025\/05\/Blackbird-G-cover-DEMO.mp3'>Blackbird G cover DEMO<\/a><\/li>\n<\/ol>\n<p>\t<\/noscript><br \/>\n\t<script type=\"application\/json\" class=\"wp-playlist-script\">{\"type\":\"audio\",\"tracklist\":true,\"tracknumbers\":true,\"images\":false,\"artists\":false,\"tracks\":[{\"src\":\"https:\/\/backingtracksmusic.com\/wp-content\/uploads\/2025\/05\/Blackbird-G-cover-flute-reference-DEMO.mp3\",\"type\":\"audio\/mpeg\",\"title\":\"Blackbird G cover + flute reference DEMO\",\"caption\":\"\",\"description\":\"\\\"Blackbird G cover + flute reference DEMO\\\". G\\u00e9nero: Otro.\",\"meta\":{\"genre\":\"Otro\",\"length_formatted\":\"1:02\"},\"image\":{\"src\":\"https:\/\/backingtracksmusic.com\/wp-includes\/images\/media\/audio.svg\",\"width\":48,\"height\":64},\"thumb\":{\"src\":\"https:\/\/backingtracksmusic.com\/wp-includes\/images\/media\/audio.svg\",\"width\":48,\"height\":64}},{\"src\":\"https:\/\/backingtracksmusic.com\/wp-content\/uploads\/2025\/05\/Blackbird-G-cover-DEMO.mp3\",\"type\":\"audio\/mpeg\",\"title\":\"Blackbird G cover DEMO\",\"caption\":\"\",\"description\":\"\\\"Blackbird G cover DEMO\\\". G\\u00e9nero: Otro.\",\"meta\":{\"genre\":\"Otro\",\"length_formatted\":\"1:24\"},\"image\":{\"src\":\"https:\/\/backingtracksmusic.com\/wp-includes\/images\/media\/audio.svg\",\"width\":48,\"height\":64},\"thumb\":{\"src\":\"https:\/\/backingtracksmusic.com\/wp-includes\/images\/media\/audio.svg\",\"width\":48,\"height\":64}}]}<\/script>\n<\/div>","protected":false},"featured_media":5921,"template":"","meta":{"_acf_changed":false},"product_brand":[],"product_cat":[100],"product_tag":[212,217],"class_list":{"0":"post-5920","1":"product","2":"type-product","3":"status-publish","4":"has-post-thumbnail","6":"product_cat-16-mix","7":"product_tag-john-lennon","8":"product_tag-paul-mccartney","10":"first","11":"instock","12":"virtual","13":"purchasable","14":"product-type-simple"},"acf":[],"_links":{"self":[{"href":"https:\/\/backingtracksmusic.com\/pt\/wp-json\/wp\/v2\/product\/5920","targetHints":{"allow":["GET"]}}],"collection":[{"href":"https:\/\/backingtracksmusic.com\/pt\/wp-json\/wp\/v2\/product"}],"about":[{"href":"https:\/\/backingtracksmusic.com\/pt\/wp-json\/wp\/v2\/types\/product"}],"wp:featuredmedia":[{"embeddable":true,"href":"https:\/\/backingtracksmusic.com\/pt\/wp-json\/wp\/v2\/media\/5921"}],"wp:attachment":[{"href":"https:\/\/backingtracksmusic.com\/pt\/wp-json\/wp\/v2\/media?parent=5920"}],"wp:term":[{"taxonomy":"product_brand","embeddable":true,"href":"https:\/\/backingtracksmusic.com\/pt\/wp-json\/wp\/v2\/product_brand?post=5920"},{"taxonomy":"product_cat","embeddable":true,"href":"https:\/\/backingtracksmusic.com\/pt\/wp-json\/wp\/v2\/product_cat?post=5920"},{"taxonomy":"product_tag","embeddable":true,"href":"https:\/\/backingtracksmusic.com\/pt\/wp-json\/wp\/v2\/product_tag?post=5920"}],"curies":[{"name":"wp","href":"https:\/\/api.w.org\/{rel}","templated":true}]}}