{"id":5815,"date":"2025-02-19T14:08:57","date_gmt":"2025-02-19T17:08:57","guid":{"rendered":"https:\/\/backingtracksmusic.com\/?post_type=product&#038;p=5815"},"modified":"2025-02-19T14:10:44","modified_gmt":"2025-02-19T17:10:44","slug":"part-of-your-world","status":"publish","type":"product","link":"https:\/\/backingtracksmusic.com\/pt\/produto\/part-of-your-world\/","title":{"rendered":"Part of your world"},"content":{"rendered":"<h3>Informa\u00e7\u00f5es:<\/h3>\n<p>La sirenita (en ingl\u00e9s: The Little Mermaid) es una pel\u00edcula de animaci\u00f3n de 1989 producida por Walt Disney Pictures<br \/>\nla musica compuesta por Alan Menken<\/p>\n<p>&nbsp;<\/p>\n<p>&nbsp;<\/p>","protected":false},"excerpt":{"rendered":"<h3>Demo:<\/h3>\n<div class=\"wp-playlist wp-audio-playlist wp-playlist-light\">\n<div class=\"wp-playlist-current-item\"><\/div>\n<p>\t\t<audio controls=\"controls\" preload=\"none\" width=\"1378\"\n\t\t\t><\/audio><\/p>\n<div class=\"wp-playlist-next\"><\/div>\n<div class=\"wp-playlist-prev\"><\/div>\n<p>\t<noscript><\/p>\n<ol>\n<li><a href='https:\/\/backingtracksmusic.com\/wp-content\/uploads\/2025\/02\/Part-of-your-world-little-mermaid-piano-cov-er-DEMO.mp3'>Part of your world ](little mermaid) piano cov er DEMO<\/a><\/li>\n<li><a href='https:\/\/backingtracksmusic.com\/wp-content\/uploads\/2025\/02\/Part-of-your-world-little-mermaid-piano-cov-er-violin-refe-DEMO.mp3'>Part of your world ](little mermaid) piano cov er + violin refe DEMO<\/a><\/li>\n<\/ol>\n<p>\t<\/noscript><br \/>\n\t<script type=\"application\/json\" class=\"wp-playlist-script\">{\"type\":\"audio\",\"tracklist\":true,\"tracknumbers\":true,\"images\":false,\"artists\":false,\"tracks\":[{\"src\":\"https:\/\/backingtracksmusic.com\/wp-content\/uploads\/2025\/02\/Part-of-your-world-little-mermaid-piano-cov-er-DEMO.mp3\",\"type\":\"audio\/mpeg\",\"title\":\"Part of your world ](little mermaid) piano cov er DEMO\",\"caption\":\"\",\"description\":\"\\\"Part of your world ](little mermaid) piano cov er DEMO\\\". G\\u00e9nero: Otro.\",\"meta\":{\"genre\":\"Otro\",\"length_formatted\":\"1:12\"},\"image\":{\"src\":\"https:\/\/backingtracksmusic.com\/wp-includes\/images\/media\/audio.svg\",\"width\":48,\"height\":64},\"thumb\":{\"src\":\"https:\/\/backingtracksmusic.com\/wp-includes\/images\/media\/audio.svg\",\"width\":48,\"height\":64}},{\"src\":\"https:\/\/backingtracksmusic.com\/wp-content\/uploads\/2025\/02\/Part-of-your-world-little-mermaid-piano-cov-er-violin-refe-DEMO.mp3\",\"type\":\"audio\/mpeg\",\"title\":\"Part of your world ](little mermaid) piano cov er + violin refe DEMO\",\"caption\":\"\",\"description\":\"\\\"Part of your world ](little mermaid) piano cov er + violin refe DEMO\\\". G\\u00e9nero: Otro.\",\"meta\":{\"genre\":\"Otro\",\"length_formatted\":\"1:12\"},\"image\":{\"src\":\"https:\/\/backingtracksmusic.com\/wp-includes\/images\/media\/audio.svg\",\"width\":48,\"height\":64},\"thumb\":{\"src\":\"https:\/\/backingtracksmusic.com\/wp-includes\/images\/media\/audio.svg\",\"width\":48,\"height\":64}}]}<\/script>\n<\/div>","protected":false},"featured_media":5816,"template":"","meta":{"_acf_changed":false},"product_brand":[],"product_cat":[93],"product_tag":[204],"class_list":{"0":"post-5815","1":"product","2":"type-product","3":"status-publish","4":"has-post-thumbnail","6":"product_cat-08-musicales","7":"product_tag-alan-menken","9":"first","10":"instock","11":"virtual","12":"purchasable","13":"product-type-simple"},"acf":[],"_links":{"self":[{"href":"https:\/\/backingtracksmusic.com\/pt\/wp-json\/wp\/v2\/product\/5815","targetHints":{"allow":["GET"]}}],"collection":[{"href":"https:\/\/backingtracksmusic.com\/pt\/wp-json\/wp\/v2\/product"}],"about":[{"href":"https:\/\/backingtracksmusic.com\/pt\/wp-json\/wp\/v2\/types\/product"}],"wp:featuredmedia":[{"embeddable":true,"href":"https:\/\/backingtracksmusic.com\/pt\/wp-json\/wp\/v2\/media\/5816"}],"wp:attachment":[{"href":"https:\/\/backingtracksmusic.com\/pt\/wp-json\/wp\/v2\/media?parent=5815"}],"wp:term":[{"taxonomy":"product_brand","embeddable":true,"href":"https:\/\/backingtracksmusic.com\/pt\/wp-json\/wp\/v2\/product_brand?post=5815"},{"taxonomy":"product_cat","embeddable":true,"href":"https:\/\/backingtracksmusic.com\/pt\/wp-json\/wp\/v2\/product_cat?post=5815"},{"taxonomy":"product_tag","embeddable":true,"href":"https:\/\/backingtracksmusic.com\/pt\/wp-json\/wp\/v2\/product_tag?post=5815"}],"curies":[{"name":"wp","href":"https:\/\/api.w.org\/{rel}","templated":true}]}}