{"id":5595,"date":"2024-08-26T15:03:52","date_gmt":"2024-08-26T18:03:52","guid":{"rendered":"https:\/\/backingtracksmusic.com\/?post_type=product&#038;p=5595"},"modified":"2024-08-26T15:06:12","modified_gmt":"2024-08-26T18:06:12","slug":"bachianas-brasileiras-n-5","status":"publish","type":"product","link":"https:\/\/backingtracksmusic.com\/pt\/produto\/bachianas-brasileiras-n-5\/","title":{"rendered":"Bachianas brasileiras N.5"},"content":{"rendered":"<h3>Informa\u00e7\u00f5es:<\/h3>\n<p>Las Bachianas brasileiras son un grupo de obras creadas por el compositor brasile\u00f1o Heitor Villa-Lobos entre los a\u00f1os 1930 y 1945.<br \/>\nVilla-Lobos les otorg\u00f3 este nombre debido a que en todas quiso fusionar el folclore brasile\u00f1o con el estilo y la forma de componer del compositor barroco alem\u00e1n Johann Sebastian Bach, a quien admiraba<\/p>\n<p>&nbsp;<\/p>\n<p>&nbsp;<\/p>","protected":false},"excerpt":{"rendered":"<h3>Demo:<\/h3>\n<div class=\"wp-playlist wp-audio-playlist wp-playlist-light\">\n<div class=\"wp-playlist-current-item\"><\/div>\n<p>\t\t<audio controls=\"controls\" preload=\"none\" width=\"1378\"\n\t\t\t><\/audio><\/p>\n<div class=\"wp-playlist-next\"><\/div>\n<div class=\"wp-playlist-prev\"><\/div>\n<p>\t<noscript><\/p>\n<ol>\n<li><a href='https:\/\/backingtracksmusic.com\/wp-content\/uploads\/2024\/08\/Bachianas-brasileras-N5-play-flute-reference-DEMO.mp3'>Bachianas brasileras N5 play + flute reference DEMO<\/a><\/li>\n<li><a href='https:\/\/backingtracksmusic.com\/wp-content\/uploads\/2024\/08\/Bachianas-brasileras-N5-play-DEMO.mp3'>Bachianas brasileras N5 play DEMO<\/a><\/li>\n<\/ol>\n<p>\t<\/noscript><br \/>\n\t<script type=\"application\/json\" class=\"wp-playlist-script\">{\"type\":\"audio\",\"tracklist\":true,\"tracknumbers\":true,\"images\":false,\"artists\":false,\"tracks\":[{\"src\":\"https:\/\/backingtracksmusic.com\/wp-content\/uploads\/2024\/08\/Bachianas-brasileras-N5-play-flute-reference-DEMO.mp3\",\"type\":\"audio\/mpeg\",\"title\":\"Bachianas brasileras N5 play + flute reference DEMO\",\"caption\":\"\",\"description\":\"\\\"Bachianas brasileras N5 play + flute reference DEMO\\\". G\\u00e9nero: Otro.\",\"meta\":{\"genre\":\"Otro\",\"length_formatted\":\"1:02\"},\"image\":{\"src\":\"https:\/\/backingtracksmusic.com\/wp-includes\/images\/media\/audio.svg\",\"width\":48,\"height\":64},\"thumb\":{\"src\":\"https:\/\/backingtracksmusic.com\/wp-includes\/images\/media\/audio.svg\",\"width\":48,\"height\":64}},{\"src\":\"https:\/\/backingtracksmusic.com\/wp-content\/uploads\/2024\/08\/Bachianas-brasileras-N5-play-DEMO.mp3\",\"type\":\"audio\/mpeg\",\"title\":\"Bachianas brasileras N5 play DEMO\",\"caption\":\"\",\"description\":\"\\\"Bachianas brasileras N5 play DEMO\\\". G\\u00e9nero: Otro.\",\"meta\":{\"genre\":\"Otro\",\"length_formatted\":\"0:58\"},\"image\":{\"src\":\"https:\/\/backingtracksmusic.com\/wp-includes\/images\/media\/audio.svg\",\"width\":48,\"height\":64},\"thumb\":{\"src\":\"https:\/\/backingtracksmusic.com\/wp-includes\/images\/media\/audio.svg\",\"width\":48,\"height\":64}}]}<\/script>\n<\/div>","protected":false},"featured_media":5596,"template":"","meta":{"_acf_changed":false},"product_brand":[],"product_cat":[89,96,97],"product_tag":[340,391],"class_list":{"0":"post-5595","1":"product","2":"type-product","3":"status-publish","4":"has-post-thumbnail","6":"product_cat-04-clasica","7":"product_cat-12-musica-do-brasil","8":"product_cat-13-love-songs","9":"product_tag-340","10":"product_tag-heitor-villa-lobos","12":"first","13":"instock","14":"virtual","15":"purchasable","16":"product-type-simple"},"acf":[],"_links":{"self":[{"href":"https:\/\/backingtracksmusic.com\/pt\/wp-json\/wp\/v2\/product\/5595","targetHints":{"allow":["GET"]}}],"collection":[{"href":"https:\/\/backingtracksmusic.com\/pt\/wp-json\/wp\/v2\/product"}],"about":[{"href":"https:\/\/backingtracksmusic.com\/pt\/wp-json\/wp\/v2\/types\/product"}],"wp:featuredmedia":[{"embeddable":true,"href":"https:\/\/backingtracksmusic.com\/pt\/wp-json\/wp\/v2\/media\/5596"}],"wp:attachment":[{"href":"https:\/\/backingtracksmusic.com\/pt\/wp-json\/wp\/v2\/media?parent=5595"}],"wp:term":[{"taxonomy":"product_brand","embeddable":true,"href":"https:\/\/backingtracksmusic.com\/pt\/wp-json\/wp\/v2\/product_brand?post=5595"},{"taxonomy":"product_cat","embeddable":true,"href":"https:\/\/backingtracksmusic.com\/pt\/wp-json\/wp\/v2\/product_cat?post=5595"},{"taxonomy":"product_tag","embeddable":true,"href":"https:\/\/backingtracksmusic.com\/pt\/wp-json\/wp\/v2\/product_tag?post=5595"}],"curies":[{"name":"wp","href":"https:\/\/api.w.org\/{rel}","templated":true}]}}