{"id":5473,"date":"2023-12-21T11:32:10","date_gmt":"2023-12-21T14:32:10","guid":{"rendered":"https:\/\/backingtracksmusic.com\/?post_type=product&#038;p=5473"},"modified":"2023-12-21T11:38:03","modified_gmt":"2023-12-21T14:38:03","slug":"carol-of-the-bells","status":"publish","type":"product","link":"https:\/\/backingtracksmusic.com\/pt\/produto\/carol-of-the-bells\/","title":{"rendered":"Carol of the bells"},"content":{"rendered":"<h3>Informa\u00e7\u00f5es:<\/h3>\n<p>Carol of the bells,\u200b es un villancico compuesto en 1916 por el compositor ucraniano Mikola Leont\u00f3vich.<br \/>\nLa pieza cuenta la historia de una golondrina que vuela por el centro de un barrio para anunciar que se acerca la pr\u00f3xima primavera. El villancico se suele cantar en la noche del 13 de enero que de acuerdo con el calendario juliano equivale al 31 de diciembre, en el que se celebra la \u00abTarde de generosidad\u00bb. Las primeras interpretaciones fueron realizadas por estudiantes de la Universidad de Kiev.1\u200b<br \/>\nA\u00f1os m\u00e1s tarde, el compositor estadounidense de origen ucraniano Peter Wilhousky adapt\u00f3 el tema al ingl\u00e9s bajo el t\u00edtulo de Carol of the Bells (Villancico de las campanas), la cual fue interpretada el 5 de octubre de 1921 por el Coro Nacional de Ucrania en el Carnegie Hall. En 1936<\/p>\n<p>&nbsp;<\/p>\n<p>&nbsp;<\/p>","protected":false},"excerpt":{"rendered":"<h3>Demo:<\/h3>\n<div class=\"wp-playlist wp-audio-playlist wp-playlist-light\">\n<div class=\"wp-playlist-current-item\"><\/div>\n<p>\t\t<audio controls=\"controls\" preload=\"none\" width=\"1378\"\n\t\t\t><\/audio><\/p>\n<div class=\"wp-playlist-next\"><\/div>\n<div class=\"wp-playlist-prev\"><\/div>\n<p>\t<noscript><\/p>\n<ol>\n<li><a href='https:\/\/backingtracksmusic.com\/wp-content\/uploads\/2023\/12\/carol-of-the-bells-Gm-play-demo.mp3'>carol of the bells Gm play demo<\/a><\/li>\n<li><a href='https:\/\/backingtracksmusic.com\/wp-content\/uploads\/2023\/12\/Carol-of-the-bells-Gm-play-flute-reference-DEMO.mp3'>Carol of the bells Gm play + flute reference DEMO<\/a><\/li>\n<\/ol>\n<p>\t<\/noscript><br \/>\n\t<script type=\"application\/json\" class=\"wp-playlist-script\">{\"type\":\"audio\",\"tracklist\":true,\"tracknumbers\":true,\"images\":false,\"artists\":false,\"tracks\":[{\"src\":\"https:\/\/backingtracksmusic.com\/wp-content\/uploads\/2023\/12\/carol-of-the-bells-Gm-play-demo.mp3\",\"type\":\"audio\/mpeg\",\"title\":\"carol of the bells Gm play demo\",\"caption\":\"\",\"description\":\"\\\"carol of the bells Gm play demo\\\". G\\u00e9nero: Otro.\",\"meta\":{\"genre\":\"Otro\",\"length_formatted\":\"1:08\"},\"image\":{\"src\":\"https:\/\/backingtracksmusic.com\/wp-includes\/images\/media\/audio.svg\",\"width\":48,\"height\":64},\"thumb\":{\"src\":\"https:\/\/backingtracksmusic.com\/wp-includes\/images\/media\/audio.svg\",\"width\":48,\"height\":64}},{\"src\":\"https:\/\/backingtracksmusic.com\/wp-content\/uploads\/2023\/12\/Carol-of-the-bells-Gm-play-flute-reference-DEMO.mp3\",\"type\":\"audio\/mpeg\",\"title\":\"Carol of the bells Gm play + flute reference DEMO\",\"caption\":\"\",\"description\":\"\\\"Carol of the bells Gm play + flute reference DEMO\\\". G\\u00e9nero: Otro.\",\"meta\":{\"genre\":\"Otro\",\"length_formatted\":\"1:15\"},\"image\":{\"src\":\"https:\/\/backingtracksmusic.com\/wp-includes\/images\/media\/audio.svg\",\"width\":48,\"height\":64},\"thumb\":{\"src\":\"https:\/\/backingtracksmusic.com\/wp-includes\/images\/media\/audio.svg\",\"width\":48,\"height\":64}}]}<\/script>\n<\/div>","protected":false},"featured_media":5474,"template":"","meta":{"_acf_changed":false},"product_brand":[],"product_cat":[102],"product_tag":[390],"class_list":{"0":"post-5473","1":"product","2":"type-product","3":"status-publish","4":"has-post-thumbnail","6":"product_cat-17-christmas-songs","7":"product_tag-mikola-leontovich","9":"first","10":"instock","11":"virtual","12":"purchasable","13":"product-type-simple"},"acf":[],"_links":{"self":[{"href":"https:\/\/backingtracksmusic.com\/pt\/wp-json\/wp\/v2\/product\/5473","targetHints":{"allow":["GET"]}}],"collection":[{"href":"https:\/\/backingtracksmusic.com\/pt\/wp-json\/wp\/v2\/product"}],"about":[{"href":"https:\/\/backingtracksmusic.com\/pt\/wp-json\/wp\/v2\/types\/product"}],"wp:featuredmedia":[{"embeddable":true,"href":"https:\/\/backingtracksmusic.com\/pt\/wp-json\/wp\/v2\/media\/5474"}],"wp:attachment":[{"href":"https:\/\/backingtracksmusic.com\/pt\/wp-json\/wp\/v2\/media?parent=5473"}],"wp:term":[{"taxonomy":"product_brand","embeddable":true,"href":"https:\/\/backingtracksmusic.com\/pt\/wp-json\/wp\/v2\/product_brand?post=5473"},{"taxonomy":"product_cat","embeddable":true,"href":"https:\/\/backingtracksmusic.com\/pt\/wp-json\/wp\/v2\/product_cat?post=5473"},{"taxonomy":"product_tag","embeddable":true,"href":"https:\/\/backingtracksmusic.com\/pt\/wp-json\/wp\/v2\/product_tag?post=5473"}],"curies":[{"name":"wp","href":"https:\/\/api.w.org\/{rel}","templated":true}]}}