{"id":5445,"date":"2023-11-30T18:19:57","date_gmt":"2023-11-30T21:19:57","guid":{"rendered":"https:\/\/backingtracksmusic.com\/?post_type=product&#038;p=5445"},"modified":"2023-11-30T18:21:44","modified_gmt":"2023-11-30T21:21:44","slug":"kara-sevda","status":"publish","type":"product","link":"https:\/\/backingtracksmusic.com\/pt\/produto\/kara-sevda\/","title":{"rendered":"Kara Sevda"},"content":{"rendered":"<h3>Informa\u00e7\u00f5es:<\/h3>\n<p>Kara Sevda, es una serie de televisi\u00f3n turca de drama y amor de gran \u00e9xito internacional, producida por Ay Yap\u0131m y emitida por Star TV entre el 2015 y el 2017.<br \/>\nla musica fue compuesta por Toygar I\u015f\u0131kl\u0131, es uno de los m\u00e1s importantes y famosos compositores y cantantes turcos. Es muy reconocido por su trabajo como compositor de bandas sonoras de series de televisi\u00f3n y pel\u00edculas.<\/p>\n<p>&nbsp;<\/p>","protected":false},"excerpt":{"rendered":"<h3>Demo:<\/h3>\n<div class=\"wp-playlist wp-audio-playlist wp-playlist-light\">\n<div class=\"wp-playlist-current-item\"><\/div>\n<p>\t\t<audio controls=\"controls\" preload=\"none\" width=\"1378\"\n\t\t\t><\/audio><\/p>\n<div class=\"wp-playlist-next\"><\/div>\n<div class=\"wp-playlist-prev\"><\/div>\n<p>\t<noscript><\/p>\n<ol>\n<li><a href='https:\/\/backingtracksmusic.com\/wp-content\/uploads\/2023\/11\/jenerik-PLAY-DEMO.mp3'>jenerik PLAY DEMO<\/a><\/li>\n<li><a href='https:\/\/backingtracksmusic.com\/wp-content\/uploads\/2023\/11\/jenerik-REFE-DEMO.mp3'>jenerik + REFE DEMO<\/a><\/li>\n<\/ol>\n<p>\t<\/noscript><br \/>\n\t<script type=\"application\/json\" class=\"wp-playlist-script\">{\"type\":\"audio\",\"tracklist\":true,\"tracknumbers\":true,\"images\":false,\"artists\":false,\"tracks\":[{\"src\":\"https:\/\/backingtracksmusic.com\/wp-content\/uploads\/2023\/11\/jenerik-PLAY-DEMO.mp3\",\"type\":\"audio\/mpeg\",\"title\":\"jenerik PLAY DEMO\",\"caption\":\"\",\"description\":\"\\\"jenerik PLAY DEMO\\\". G\\u00e9nero: Otro.\",\"meta\":{\"genre\":\"Otro\",\"length_formatted\":\"0:34\"},\"image\":{\"src\":\"https:\/\/backingtracksmusic.com\/wp-includes\/images\/media\/audio.svg\",\"width\":48,\"height\":64},\"thumb\":{\"src\":\"https:\/\/backingtracksmusic.com\/wp-includes\/images\/media\/audio.svg\",\"width\":48,\"height\":64}},{\"src\":\"https:\/\/backingtracksmusic.com\/wp-content\/uploads\/2023\/11\/jenerik-REFE-DEMO.mp3\",\"type\":\"audio\/mpeg\",\"title\":\"jenerik + REFE DEMO\",\"caption\":\"\",\"description\":\"\\\"jenerik + REFE DEMO\\\". G\\u00e9nero: Otro.\",\"meta\":{\"genre\":\"Otro\",\"length_formatted\":\"0:40\"},\"image\":{\"src\":\"https:\/\/backingtracksmusic.com\/wp-includes\/images\/media\/audio.svg\",\"width\":48,\"height\":64},\"thumb\":{\"src\":\"https:\/\/backingtracksmusic.com\/wp-includes\/images\/media\/audio.svg\",\"width\":48,\"height\":64}}]}<\/script>\n<\/div>","protected":false},"featured_media":5446,"template":"","meta":{"_acf_changed":false},"product_brand":[],"product_cat":[103],"product_tag":[388],"class_list":{"0":"post-5445","1":"product","2":"type-product","3":"status-publish","4":"has-post-thumbnail","6":"product_cat-10-tv-movies","7":"product_tag-toygar-isikli","9":"first","10":"instock","11":"virtual","12":"purchasable","13":"product-type-simple"},"acf":[],"_links":{"self":[{"href":"https:\/\/backingtracksmusic.com\/pt\/wp-json\/wp\/v2\/product\/5445","targetHints":{"allow":["GET"]}}],"collection":[{"href":"https:\/\/backingtracksmusic.com\/pt\/wp-json\/wp\/v2\/product"}],"about":[{"href":"https:\/\/backingtracksmusic.com\/pt\/wp-json\/wp\/v2\/types\/product"}],"wp:featuredmedia":[{"embeddable":true,"href":"https:\/\/backingtracksmusic.com\/pt\/wp-json\/wp\/v2\/media\/5446"}],"wp:attachment":[{"href":"https:\/\/backingtracksmusic.com\/pt\/wp-json\/wp\/v2\/media?parent=5445"}],"wp:term":[{"taxonomy":"product_brand","embeddable":true,"href":"https:\/\/backingtracksmusic.com\/pt\/wp-json\/wp\/v2\/product_brand?post=5445"},{"taxonomy":"product_cat","embeddable":true,"href":"https:\/\/backingtracksmusic.com\/pt\/wp-json\/wp\/v2\/product_cat?post=5445"},{"taxonomy":"product_tag","embeddable":true,"href":"https:\/\/backingtracksmusic.com\/pt\/wp-json\/wp\/v2\/product_tag?post=5445"}],"curies":[{"name":"wp","href":"https:\/\/api.w.org\/{rel}","templated":true}]}}