{"id":5408,"date":"2023-10-17T13:05:38","date_gmt":"2023-10-17T16:05:38","guid":{"rendered":"https:\/\/backingtracksmusic.com\/?post_type=product&#038;p=5408"},"modified":"2023-10-17T13:07:48","modified_gmt":"2023-10-17T16:07:48","slug":"hatikvah","status":"publish","type":"product","link":"https:\/\/backingtracksmusic.com\/pt\/produto\/hatikvah\/","title":{"rendered":"Hatikvah"},"content":{"rendered":"<h3>Informa\u00e7\u00f5es:<\/h3>\n<p>Hatikvah, (en hebreo &#8220;la esperanza&#8221;). es el himno nacional de Israel. La m\u00fasica est\u00e1 basada en una melod\u00eda italiana del siglo xvii llamada La Mantovana. Es usada en el poema sinf\u00f3nico Vltava (\u2018El Moldava\u2019), perteneciente a la obra M\u00e1 vlast (\u2018Mi Patria\u2019), del compositor checo Bed\u0159ich Smetana. Fue recompuesta por Samuel Cohen y orquestada por el compositor Paul Ben-Haim en 1897.<\/p>","protected":false},"excerpt":{"rendered":"<h3>Demo:<\/h3>\n<div class=\"wp-playlist wp-audio-playlist wp-playlist-light\">\n<div class=\"wp-playlist-current-item\"><\/div>\n<p>\t\t<audio controls=\"controls\" preload=\"none\" width=\"1378\"\n\t\t\t><\/audio><\/p>\n<div class=\"wp-playlist-next\"><\/div>\n<div class=\"wp-playlist-prev\"><\/div>\n<p>\t<noscript><\/p>\n<ol>\n<li><a href='https:\/\/backingtracksmusic.com\/wp-content\/uploads\/2023\/10\/Hatikva-Gm-play-DEMO.mp3'>Hatikva Gm play DEMO<\/a><\/li>\n<li><a href='https:\/\/backingtracksmusic.com\/wp-content\/uploads\/2023\/10\/Hatikva-Gm-play-clarinet-refe-DEMO.mp3'>Hatikva Gm play + clarinet refe DEMO<\/a><\/li>\n<\/ol>\n<p>\t<\/noscript><br \/>\n\t<script type=\"application\/json\" class=\"wp-playlist-script\">{\"type\":\"audio\",\"tracklist\":true,\"tracknumbers\":true,\"images\":false,\"artists\":false,\"tracks\":[{\"src\":\"https:\/\/backingtracksmusic.com\/wp-content\/uploads\/2023\/10\/Hatikva-Gm-play-DEMO.mp3\",\"type\":\"audio\/mpeg\",\"title\":\"Hatikva Gm play DEMO\",\"caption\":\"\",\"description\":\"\\\"Hatikva Gm play DEMO\\\". G\\u00e9nero: Otro.\",\"meta\":{\"genre\":\"Otro\",\"length_formatted\":\"0:54\"},\"image\":{\"src\":\"https:\/\/backingtracksmusic.com\/wp-includes\/images\/media\/audio.svg\",\"width\":48,\"height\":64},\"thumb\":{\"src\":\"https:\/\/backingtracksmusic.com\/wp-includes\/images\/media\/audio.svg\",\"width\":48,\"height\":64}},{\"src\":\"https:\/\/backingtracksmusic.com\/wp-content\/uploads\/2023\/10\/Hatikva-Gm-play-clarinet-refe-DEMO.mp3\",\"type\":\"audio\/mpeg\",\"title\":\"Hatikva Gm play + clarinet refe DEMO\",\"caption\":\"\",\"description\":\"\\\"Hatikva Gm play + clarinet refe DEMO\\\". G\\u00e9nero: Otro.\",\"meta\":{\"genre\":\"Otro\",\"length_formatted\":\"0:47\"},\"image\":{\"src\":\"https:\/\/backingtracksmusic.com\/wp-includes\/images\/media\/audio.svg\",\"width\":48,\"height\":64},\"thumb\":{\"src\":\"https:\/\/backingtracksmusic.com\/wp-includes\/images\/media\/audio.svg\",\"width\":48,\"height\":64}}]}<\/script>\n<\/div>","protected":false},"featured_media":5409,"template":"","meta":{"_acf_changed":false},"product_brand":[],"product_cat":[95],"product_tag":[386],"class_list":{"0":"post-5408","1":"product","2":"type-product","3":"status-publish","4":"has-post-thumbnail","6":"product_cat-11-jewish-israeli-music","7":"product_tag-samuel-cohen","9":"first","10":"instock","11":"virtual","12":"purchasable","13":"product-type-simple"},"acf":[],"_links":{"self":[{"href":"https:\/\/backingtracksmusic.com\/pt\/wp-json\/wp\/v2\/product\/5408","targetHints":{"allow":["GET"]}}],"collection":[{"href":"https:\/\/backingtracksmusic.com\/pt\/wp-json\/wp\/v2\/product"}],"about":[{"href":"https:\/\/backingtracksmusic.com\/pt\/wp-json\/wp\/v2\/types\/product"}],"wp:featuredmedia":[{"embeddable":true,"href":"https:\/\/backingtracksmusic.com\/pt\/wp-json\/wp\/v2\/media\/5409"}],"wp:attachment":[{"href":"https:\/\/backingtracksmusic.com\/pt\/wp-json\/wp\/v2\/media?parent=5408"}],"wp:term":[{"taxonomy":"product_brand","embeddable":true,"href":"https:\/\/backingtracksmusic.com\/pt\/wp-json\/wp\/v2\/product_brand?post=5408"},{"taxonomy":"product_cat","embeddable":true,"href":"https:\/\/backingtracksmusic.com\/pt\/wp-json\/wp\/v2\/product_cat?post=5408"},{"taxonomy":"product_tag","embeddable":true,"href":"https:\/\/backingtracksmusic.com\/pt\/wp-json\/wp\/v2\/product_tag?post=5408"}],"curies":[{"name":"wp","href":"https:\/\/api.w.org\/{rel}","templated":true}]}}