{"id":5359,"date":"2023-07-30T18:34:59","date_gmt":"2023-07-30T21:34:59","guid":{"rendered":"https:\/\/backingtracksmusic.com\/?post_type=product&#038;p=5359"},"modified":"2023-07-30T18:41:28","modified_gmt":"2023-07-30T21:41:28","slug":"manha-de-carnaval","status":"publish","type":"product","link":"https:\/\/backingtracksmusic.com\/pt\/produto\/manha-de-carnaval\/","title":{"rendered":"Manha de Carnaval"},"content":{"rendered":"<h3>Informa\u00e7\u00f5es:<\/h3>\n<p><a title=\"Per\u00fa\" href=\"https:\/\/es.wikipedia.org\/wiki\/Per%C3%BA\">\u00abManh\u00e3 de Carnaval\u00bb, con letra de Ant\u00f4nio Maria (1921 \u2014 1964) y m\u00fasica de Luiz Bonf\u00e1 (1922 \u2014 2001), fue compuesta en 1959 para la pel\u00edcula Orfeo negro de Marcel Camus y es una de las canciones brasile\u00f1as m\u00e1s conocidas.\u00a0<\/a><\/p>\n<p>&nbsp;<\/p>","protected":false},"excerpt":{"rendered":"<h3>Demo:<\/h3>\n<div class=\"wp-playlist wp-audio-playlist wp-playlist-light\">\n<div class=\"wp-playlist-current-item\"><\/div>\n<p>\t\t<audio controls=\"controls\" preload=\"none\" width=\"1378\"\n\t\t\t><\/audio><\/p>\n<div class=\"wp-playlist-next\"><\/div>\n<div class=\"wp-playlist-prev\"><\/div>\n<p>\t<noscript><\/p>\n<ol>\n<li><a href='https:\/\/backingtracksmusic.com\/wp-content\/uploads\/2023\/07\/Manha-de-carnaval-Am-ply-DEMO.mp3'>Manha de carnaval Am ply DEMO<\/a><\/li>\n<li><a href='https:\/\/backingtracksmusic.com\/wp-content\/uploads\/2023\/07\/Manha-de-carnaval-Am-ply-refe-trumpet-DEMO.mp3'>Manha de carnaval Am ply + refe trumpet DEMO<\/a><\/li>\n<\/ol>\n<p>\t<\/noscript><br \/>\n\t<script type=\"application\/json\" class=\"wp-playlist-script\">{\"type\":\"audio\",\"tracklist\":true,\"tracknumbers\":true,\"images\":false,\"artists\":false,\"tracks\":[{\"src\":\"https:\/\/backingtracksmusic.com\/wp-content\/uploads\/2023\/07\/Manha-de-carnaval-Am-ply-DEMO.mp3\",\"type\":\"audio\/mpeg\",\"title\":\"Manha de carnaval Am ply DEMO\",\"caption\":\"\",\"description\":\"\\\"Manha de carnaval Am ply DEMO\\\". G\\u00e9nero: Otro.\",\"meta\":{\"genre\":\"Otro\",\"length_formatted\":\"0:54\"},\"image\":{\"src\":\"https:\/\/backingtracksmusic.com\/wp-includes\/images\/media\/audio.svg\",\"width\":48,\"height\":64},\"thumb\":{\"src\":\"https:\/\/backingtracksmusic.com\/wp-includes\/images\/media\/audio.svg\",\"width\":48,\"height\":64}},{\"src\":\"https:\/\/backingtracksmusic.com\/wp-content\/uploads\/2023\/07\/Manha-de-carnaval-Am-ply-refe-trumpet-DEMO.mp3\",\"type\":\"audio\/mpeg\",\"title\":\"Manha de carnaval Am ply + refe trumpet DEMO\",\"caption\":\"\",\"description\":\"\\\"Manha de carnaval Am ply + refe trumpet DEMO\\\". G\\u00e9nero: Otro.\",\"meta\":{\"genre\":\"Otro\",\"length_formatted\":\"1:01\"},\"image\":{\"src\":\"https:\/\/backingtracksmusic.com\/wp-includes\/images\/media\/audio.svg\",\"width\":48,\"height\":64},\"thumb\":{\"src\":\"https:\/\/backingtracksmusic.com\/wp-includes\/images\/media\/audio.svg\",\"width\":48,\"height\":64}}]}<\/script>\n<\/div>","protected":false},"featured_media":5360,"template":"","meta":{"_acf_changed":false},"product_brand":[],"product_cat":[92,96],"product_tag":[383],"class_list":{"0":"post-5359","1":"product","2":"type-product","3":"status-publish","4":"has-post-thumbnail","6":"product_cat-07-jazz","7":"product_cat-12-musica-do-brasil","8":"product_tag-luis-bonfa","10":"first","11":"instock","12":"virtual","13":"purchasable","14":"product-type-simple"},"acf":[],"_links":{"self":[{"href":"https:\/\/backingtracksmusic.com\/pt\/wp-json\/wp\/v2\/product\/5359","targetHints":{"allow":["GET"]}}],"collection":[{"href":"https:\/\/backingtracksmusic.com\/pt\/wp-json\/wp\/v2\/product"}],"about":[{"href":"https:\/\/backingtracksmusic.com\/pt\/wp-json\/wp\/v2\/types\/product"}],"wp:featuredmedia":[{"embeddable":true,"href":"https:\/\/backingtracksmusic.com\/pt\/wp-json\/wp\/v2\/media\/5360"}],"wp:attachment":[{"href":"https:\/\/backingtracksmusic.com\/pt\/wp-json\/wp\/v2\/media?parent=5359"}],"wp:term":[{"taxonomy":"product_brand","embeddable":true,"href":"https:\/\/backingtracksmusic.com\/pt\/wp-json\/wp\/v2\/product_brand?post=5359"},{"taxonomy":"product_cat","embeddable":true,"href":"https:\/\/backingtracksmusic.com\/pt\/wp-json\/wp\/v2\/product_cat?post=5359"},{"taxonomy":"product_tag","embeddable":true,"href":"https:\/\/backingtracksmusic.com\/pt\/wp-json\/wp\/v2\/product_tag?post=5359"}],"curies":[{"name":"wp","href":"https:\/\/api.w.org\/{rel}","templated":true}]}}