{"id":5296,"date":"2023-03-21T10:24:22","date_gmt":"2023-03-21T13:24:22","guid":{"rendered":"https:\/\/backingtracksmusic.com\/?post_type=product&#038;p=5296"},"modified":"2023-03-21T10:37:42","modified_gmt":"2023-03-21T13:37:42","slug":"vier-ernste-gesange-four-serious-songs-op-121","status":"publish","type":"product","link":"https:\/\/backingtracksmusic.com\/pt\/produto\/vier-ernste-gesange-four-serious-songs-op-121\/","title":{"rendered":"Vier ernste Ges\u00e4nge (Four Serious Songs), Op. 121"},"content":{"rendered":"<h3>Informa\u00e7\u00f5es:<\/h3>\n<p>Vier ernste Ges\u00e4nge (Four Serious Songs), Op. 121, es un ciclo de 4 canciones compuestas por Johannes Brahms para bajo y piano.<br \/>\nBrahms lo compuso en Vienna en 1896 dedicado a Max Klinger.<\/p>\n<p>&nbsp;<\/p>","protected":false},"excerpt":{"rendered":"<div class=\"wp-playlist wp-audio-playlist wp-playlist-light\">\n<div class=\"wp-playlist-current-item\"><\/div>\n<p>\t\t<audio controls=\"controls\" preload=\"none\" width=\"1378\"\n\t\t\t><\/audio><\/p>\n<div class=\"wp-playlist-next\"><\/div>\n<div class=\"wp-playlist-prev\"><\/div>\n<p>\t<noscript><\/p>\n<ol>\n<li><a href='https:\/\/backingtracksmusic.com\/wp-content\/uploads\/2023\/03\/Brahms-n1-piano-play-DEMO.mp3'>Brahms n1 piano play DEMO<\/a><\/li>\n<li><a href='https:\/\/backingtracksmusic.com\/wp-content\/uploads\/2023\/03\/Vier-Ernste-Gesange-cover-refernce-tbn-DEMO.mp3'>Vier Ernste Gesange cover + refernce tbn DEMO<\/a><\/li>\n<\/ol>\n<p>\t<\/noscript><br \/>\n\t<script type=\"application\/json\" class=\"wp-playlist-script\">{\"type\":\"audio\",\"tracklist\":true,\"tracknumbers\":true,\"images\":false,\"artists\":false,\"tracks\":[{\"src\":\"https:\/\/backingtracksmusic.com\/wp-content\/uploads\/2023\/03\/Brahms-n1-piano-play-DEMO.mp3\",\"type\":\"audio\/mpeg\",\"title\":\"Brahms n1 piano play DEMO\",\"caption\":\"\",\"description\":\"\\\"Brahms n1 piano play DEMO\\\". G\\u00e9nero: Otro.\",\"meta\":{\"genre\":\"Otro\",\"length_formatted\":\"1:33\"},\"image\":{\"src\":\"https:\/\/backingtracksmusic.com\/wp-includes\/images\/media\/audio.svg\",\"width\":48,\"height\":64},\"thumb\":{\"src\":\"https:\/\/backingtracksmusic.com\/wp-includes\/images\/media\/audio.svg\",\"width\":48,\"height\":64}},{\"src\":\"https:\/\/backingtracksmusic.com\/wp-content\/uploads\/2023\/03\/Vier-Ernste-Gesange-cover-refernce-tbn-DEMO.mp3\",\"type\":\"audio\/mpeg\",\"title\":\"Vier Ernste Gesange cover + refernce tbn DEMO\",\"caption\":\"\",\"description\":\"\\\"Vier Ernste Gesange cover + refernce tbn DEMO\\\". G\\u00e9nero: Otro.\",\"meta\":{\"genre\":\"Otro\",\"length_formatted\":\"1:04\"},\"image\":{\"src\":\"https:\/\/backingtracksmusic.com\/wp-includes\/images\/media\/audio.svg\",\"width\":48,\"height\":64},\"thumb\":{\"src\":\"https:\/\/backingtracksmusic.com\/wp-includes\/images\/media\/audio.svg\",\"width\":48,\"height\":64}}]}<\/script>\n<\/div>\n<h3>Demo:<\/h3>","protected":false},"featured_media":5297,"template":"","meta":{"_acf_changed":false},"product_brand":[],"product_cat":[89],"product_tag":[378],"class_list":{"0":"post-5296","1":"product","2":"type-product","3":"status-publish","4":"has-post-thumbnail","6":"product_cat-04-clasica","7":"product_tag-johannes-brahms","9":"first","10":"instock","11":"virtual","12":"purchasable","13":"product-type-simple"},"acf":[],"_links":{"self":[{"href":"https:\/\/backingtracksmusic.com\/pt\/wp-json\/wp\/v2\/product\/5296","targetHints":{"allow":["GET"]}}],"collection":[{"href":"https:\/\/backingtracksmusic.com\/pt\/wp-json\/wp\/v2\/product"}],"about":[{"href":"https:\/\/backingtracksmusic.com\/pt\/wp-json\/wp\/v2\/types\/product"}],"wp:featuredmedia":[{"embeddable":true,"href":"https:\/\/backingtracksmusic.com\/pt\/wp-json\/wp\/v2\/media\/5297"}],"wp:attachment":[{"href":"https:\/\/backingtracksmusic.com\/pt\/wp-json\/wp\/v2\/media?parent=5296"}],"wp:term":[{"taxonomy":"product_brand","embeddable":true,"href":"https:\/\/backingtracksmusic.com\/pt\/wp-json\/wp\/v2\/product_brand?post=5296"},{"taxonomy":"product_cat","embeddable":true,"href":"https:\/\/backingtracksmusic.com\/pt\/wp-json\/wp\/v2\/product_cat?post=5296"},{"taxonomy":"product_tag","embeddable":true,"href":"https:\/\/backingtracksmusic.com\/pt\/wp-json\/wp\/v2\/product_tag?post=5296"}],"curies":[{"name":"wp","href":"https:\/\/api.w.org\/{rel}","templated":true}]}}