{"id":5261,"date":"2023-02-25T13:04:12","date_gmt":"2023-02-25T16:04:12","guid":{"rendered":"https:\/\/backingtracksmusic.com\/?post_type=product&#038;p=5261"},"modified":"2023-02-25T13:18:53","modified_gmt":"2023-02-25T16:18:53","slug":"volare","status":"publish","type":"product","link":"https:\/\/backingtracksmusic.com\/pt\/produto\/volare\/","title":{"rendered":"Volare"},"content":{"rendered":"<h3>Informa\u00e7\u00f5es:<\/h3>\n<p>Volare (Nel blu dipinto di blu), es la canci\u00f3n insignia de Domenico Modugno. Con este tema, el cantante gan\u00f3 en el Festival de San Remo de 1958 y represent\u00f3 a Italia en el Festival de la Canci\u00f3n de Eurovisi\u00f3n del mismo a\u00f1o, en el que finaliz\u00f3 en tercera posici\u00f3n.<\/p>\n<p>La canci\u00f3n fue un \u00e9xito comercial a nivel internacional, y con el paso del tiempo se convirti\u00f3 en una de las m\u00e1s representativas de la historia musical italiana.<\/p>\n<p>&nbsp;<\/p>","protected":false},"excerpt":{"rendered":"<h3>Demo:<\/h3>\n<div class=\"wp-playlist wp-audio-playlist wp-playlist-light\">\n<div class=\"wp-playlist-current-item\"><\/div>\n<p>\t\t<audio controls=\"controls\" preload=\"none\" width=\"1378\"\n\t\t\t><\/audio><\/p>\n<div class=\"wp-playlist-next\"><\/div>\n<div class=\"wp-playlist-prev\"><\/div>\n<p>\t<noscript><\/p>\n<ol>\n<li><a href='https:\/\/backingtracksmusic.com\/wp-content\/uploads\/2023\/02\/volare-E-play-Reference-flute-DEMO.mp3'>volare E play + Reference flute DEMO<\/a><\/li>\n<li><a href='https:\/\/backingtracksmusic.com\/wp-content\/uploads\/2023\/02\/volare-E-play-DEMO.mp3'>volare E play DEMO<\/a><\/li>\n<\/ol>\n<p>\t<\/noscript><br \/>\n\t<script type=\"application\/json\" class=\"wp-playlist-script\">{\"type\":\"audio\",\"tracklist\":true,\"tracknumbers\":true,\"images\":false,\"artists\":false,\"tracks\":[{\"src\":\"https:\/\/backingtracksmusic.com\/wp-content\/uploads\/2023\/02\/volare-E-play-Reference-flute-DEMO.mp3\",\"type\":\"audio\/mpeg\",\"title\":\"volare E play + Reference flute DEMO\",\"caption\":\"\",\"description\":\"\\\"volare E play + Reference flute DEMO\\\". G\\u00e9nero: Otro.\",\"meta\":{\"genre\":\"Otro\",\"length_formatted\":\"1:01\"},\"image\":{\"src\":\"https:\/\/backingtracksmusic.com\/wp-includes\/images\/media\/audio.svg\",\"width\":48,\"height\":64},\"thumb\":{\"src\":\"https:\/\/backingtracksmusic.com\/wp-includes\/images\/media\/audio.svg\",\"width\":48,\"height\":64}},{\"src\":\"https:\/\/backingtracksmusic.com\/wp-content\/uploads\/2023\/02\/volare-E-play-DEMO.mp3\",\"type\":\"audio\/mpeg\",\"title\":\"volare E play DEMO\",\"caption\":\"\",\"description\":\"\\\"volare E play DEMO\\\". G\\u00e9nero: Otro.\",\"meta\":{\"genre\":\"Otro\",\"length_formatted\":\"1:40\"},\"image\":{\"src\":\"https:\/\/backingtracksmusic.com\/wp-includes\/images\/media\/audio.svg\",\"width\":48,\"height\":64},\"thumb\":{\"src\":\"https:\/\/backingtracksmusic.com\/wp-includes\/images\/media\/audio.svg\",\"width\":48,\"height\":64}}]}<\/script>\n<\/div>","protected":false},"featured_media":5262,"template":"","meta":{"_acf_changed":false},"product_brand":[],"product_cat":[99],"product_tag":[372],"class_list":{"0":"post-5261","1":"product","2":"type-product","3":"status-publish","4":"has-post-thumbnail","6":"product_cat-15-oldes","7":"product_tag-domenico-modugno","9":"first","10":"instock","11":"virtual","12":"purchasable","13":"product-type-simple"},"acf":[],"_links":{"self":[{"href":"https:\/\/backingtracksmusic.com\/pt\/wp-json\/wp\/v2\/product\/5261","targetHints":{"allow":["GET"]}}],"collection":[{"href":"https:\/\/backingtracksmusic.com\/pt\/wp-json\/wp\/v2\/product"}],"about":[{"href":"https:\/\/backingtracksmusic.com\/pt\/wp-json\/wp\/v2\/types\/product"}],"wp:featuredmedia":[{"embeddable":true,"href":"https:\/\/backingtracksmusic.com\/pt\/wp-json\/wp\/v2\/media\/5262"}],"wp:attachment":[{"href":"https:\/\/backingtracksmusic.com\/pt\/wp-json\/wp\/v2\/media?parent=5261"}],"wp:term":[{"taxonomy":"product_brand","embeddable":true,"href":"https:\/\/backingtracksmusic.com\/pt\/wp-json\/wp\/v2\/product_brand?post=5261"},{"taxonomy":"product_cat","embeddable":true,"href":"https:\/\/backingtracksmusic.com\/pt\/wp-json\/wp\/v2\/product_cat?post=5261"},{"taxonomy":"product_tag","embeddable":true,"href":"https:\/\/backingtracksmusic.com\/pt\/wp-json\/wp\/v2\/product_tag?post=5261"}],"curies":[{"name":"wp","href":"https:\/\/api.w.org\/{rel}","templated":true}]}}