{"id":5210,"date":"2023-01-26T16:10:07","date_gmt":"2023-01-26T19:10:07","guid":{"rendered":"https:\/\/backingtracksmusic.com\/?post_type=product&#038;p=5210"},"modified":"2023-01-26T16:13:56","modified_gmt":"2023-01-26T19:13:56","slug":"corcovado","status":"publish","type":"product","link":"https:\/\/backingtracksmusic.com\/pt\/produto\/corcovado\/","title":{"rendered":"Corcovado"},"content":{"rendered":"<h3>Informa\u00e7\u00f5es:<\/h3>\n<p>&#8220;Corcovado&#8221; (conocida en ingl\u00e9s como &#8220;Quiet Nights of Quiet Stars&#8221;) es una canci\u00f3n est\u00e1ndar de jazz y bossa nova escrita por Ant\u00f4nio Carlos Jobim en 1960<br \/>\nEl t\u00edtulo portugu\u00e9s se refiere a la monta\u00f1a Corcovado en R\u00edo de Janeiro.<br \/>\nesta version basada en la version del harmoniquista Tooth Thielemann<\/p>\n<p>&nbsp;<\/p>\n<p>&nbsp;<\/p>","protected":false},"excerpt":{"rendered":"<h3>Demo:<\/h3>\n<div class=\"wp-playlist wp-audio-playlist wp-playlist-light\">\n<div class=\"wp-playlist-current-item\"><\/div>\n<p>\t\t<audio controls=\"controls\" preload=\"none\" width=\"1378\"\n\t\t\t><\/audio><\/p>\n<div class=\"wp-playlist-next\"><\/div>\n<div class=\"wp-playlist-prev\"><\/div>\n<p>\t<noscript><\/p>\n<ol>\n<li><a href='https:\/\/backingtracksmusic.com\/wp-content\/uploads\/2023\/01\/Corcovado-F-play-refe-DEMO.mp3'>Corcovado F play +refe DEMO<\/a><\/li>\n<li><a href='https:\/\/backingtracksmusic.com\/wp-content\/uploads\/2023\/01\/Corcovado-F-play-DEMO.mp3'>Corcovado F play DEMO<\/a><\/li>\n<\/ol>\n<p>\t<\/noscript><br \/>\n\t<script type=\"application\/json\" class=\"wp-playlist-script\">{\"type\":\"audio\",\"tracklist\":true,\"tracknumbers\":true,\"images\":false,\"artists\":false,\"tracks\":[{\"src\":\"https:\/\/backingtracksmusic.com\/wp-content\/uploads\/2023\/01\/Corcovado-F-play-refe-DEMO.mp3\",\"type\":\"audio\/mpeg\",\"title\":\"Corcovado F play +refe DEMO\",\"caption\":\"\",\"description\":\"\\\"Corcovado F play +refe DEMO\\\". G\\u00e9nero: Otro.\",\"meta\":{\"genre\":\"Otro\",\"length_formatted\":\"2:15\"},\"image\":{\"src\":\"https:\/\/backingtracksmusic.com\/wp-includes\/images\/media\/audio.svg\",\"width\":48,\"height\":64},\"thumb\":{\"src\":\"https:\/\/backingtracksmusic.com\/wp-includes\/images\/media\/audio.svg\",\"width\":48,\"height\":64}},{\"src\":\"https:\/\/backingtracksmusic.com\/wp-content\/uploads\/2023\/01\/Corcovado-F-play-DEMO.mp3\",\"type\":\"audio\/mpeg\",\"title\":\"Corcovado F play DEMO\",\"caption\":\"\",\"description\":\"\\\"Corcovado F play DEMO\\\". G\\u00e9nero: Otro.\",\"meta\":{\"genre\":\"Otro\",\"length_formatted\":\"1:08\"},\"image\":{\"src\":\"https:\/\/backingtracksmusic.com\/wp-includes\/images\/media\/audio.svg\",\"width\":48,\"height\":64},\"thumb\":{\"src\":\"https:\/\/backingtracksmusic.com\/wp-includes\/images\/media\/audio.svg\",\"width\":48,\"height\":64}}]}<\/script>\n<\/div>","protected":false},"featured_media":5211,"template":"","meta":{"_acf_changed":false},"product_brand":[],"product_cat":[92,96],"product_tag":[362],"class_list":{"0":"post-5210","1":"product","2":"type-product","3":"status-publish","4":"has-post-thumbnail","6":"product_cat-07-jazz","7":"product_cat-12-musica-do-brasil","8":"product_tag-jobim","10":"first","11":"instock","12":"virtual","13":"purchasable","14":"product-type-simple"},"acf":[],"_links":{"self":[{"href":"https:\/\/backingtracksmusic.com\/pt\/wp-json\/wp\/v2\/product\/5210","targetHints":{"allow":["GET"]}}],"collection":[{"href":"https:\/\/backingtracksmusic.com\/pt\/wp-json\/wp\/v2\/product"}],"about":[{"href":"https:\/\/backingtracksmusic.com\/pt\/wp-json\/wp\/v2\/types\/product"}],"wp:featuredmedia":[{"embeddable":true,"href":"https:\/\/backingtracksmusic.com\/pt\/wp-json\/wp\/v2\/media\/5211"}],"wp:attachment":[{"href":"https:\/\/backingtracksmusic.com\/pt\/wp-json\/wp\/v2\/media?parent=5210"}],"wp:term":[{"taxonomy":"product_brand","embeddable":true,"href":"https:\/\/backingtracksmusic.com\/pt\/wp-json\/wp\/v2\/product_brand?post=5210"},{"taxonomy":"product_cat","embeddable":true,"href":"https:\/\/backingtracksmusic.com\/pt\/wp-json\/wp\/v2\/product_cat?post=5210"},{"taxonomy":"product_tag","embeddable":true,"href":"https:\/\/backingtracksmusic.com\/pt\/wp-json\/wp\/v2\/product_tag?post=5210"}],"curies":[{"name":"wp","href":"https:\/\/api.w.org\/{rel}","templated":true}]}}