{"id":5204,"date":"2023-01-08T18:37:31","date_gmt":"2023-01-08T21:37:31","guid":{"rendered":"https:\/\/backingtracksmusic.com\/?post_type=product&#038;p=5204"},"modified":"2023-01-08T18:39:19","modified_gmt":"2023-01-08T21:39:19","slug":"haba-nagila","status":"publish","type":"product","link":"https:\/\/backingtracksmusic.com\/pt\/produto\/haba-nagila\/","title":{"rendered":"Haba Nagila"},"content":{"rendered":"<h3>Informa\u00e7\u00f5es:<\/h3>\n<p>Hava Nagila (en hebreo \u05d4\u05d1\u05d4 \u05e0\u05d2\u05d9\u05dc\u05d4 \u05d5\u05e0\u05e9\u05de\u05d7\u05d4) es una canci\u00f3n tradicional hebrea, cuyo t\u00edtulo significa &#8220;Alegr\u00e9monos&#8221;. Se trata de una canci\u00f3n de celebraci\u00f3n, especialmente popular entre las comunidades seculares jud\u00edas y gitanas.Hava Nagila (en hebreo \u05d4\u05d1\u05d4 \u05e0\u05d2\u05d9\u05dc\u05d4 \u05d5\u05e0\u05e9\u05de\u05d7\u05d4) es una canci\u00f3n tradicional hebrea, cuyo t\u00edtulo significa &#8220;Alegr\u00e9monos&#8221;. Se trata de una canci\u00f3n de celebraci\u00f3n, especialmente popular entre las comunidades seculares jud\u00edas y gitanas. Hava Nagila (en hebreo \u05d4\u05d1\u05d4 \u05e0\u05d2\u05d9\u05dc\u05d4 \u05d5\u05e0\u05e9\u05de\u05d7\u05d4) es una canci\u00f3n tradicional hebrea, cuyo t\u00edtulo significa &#8220;Alegr\u00e9monos&#8221;. Se trata de una canci\u00f3n de celebraci\u00f3n, especialmente popular entre las comunidades seculares jud\u00edas y gitanas.<br \/>\nHavah Nagila es, probablemente, la melod\u00eda jud\u00eda m\u00e1s popular del mundo.\u200b Es interpretada en fiestas y festivales jud\u00edos, as\u00ed como en numerosas pel\u00edculas y series de televisi\u00f3n donde se caracteriza a jud\u00edos.<br \/>\ncompuesta en 1918 por Abraham Zvi Idelsohn.<\/p>\n<p>&nbsp;<\/p>\n<p>&nbsp;<\/p>","protected":false},"excerpt":{"rendered":"<h3>Demo:<\/h3>\n<div class=\"wp-playlist wp-audio-playlist wp-playlist-light\">\n<div class=\"wp-playlist-current-item\"><\/div>\n<p>\t\t<audio controls=\"controls\" preload=\"none\" width=\"1378\"\n\t\t\t><\/audio><\/p>\n<div class=\"wp-playlist-next\"><\/div>\n<div class=\"wp-playlist-prev\"><\/div>\n<p>\t<noscript><\/p>\n<ol>\n<li><a href='https:\/\/backingtracksmusic.com\/wp-content\/uploads\/2023\/01\/haba-nagila-Cm-play-clarinet-Reference-DEMO.mp3'>haba nagila Cm play + clarinet Reference DEMO<\/a><\/li>\n<li><a href='https:\/\/backingtracksmusic.com\/wp-content\/uploads\/2023\/01\/haba-nagila-Cm-play-DEMO.mp3'>haba nagila Cm play DEMO<\/a><\/li>\n<\/ol>\n<p>\t<\/noscript><br \/>\n\t<script type=\"application\/json\" class=\"wp-playlist-script\">{\"type\":\"audio\",\"tracklist\":true,\"tracknumbers\":true,\"images\":false,\"artists\":false,\"tracks\":[{\"src\":\"https:\/\/backingtracksmusic.com\/wp-content\/uploads\/2023\/01\/haba-nagila-Cm-play-clarinet-Reference-DEMO.mp3\",\"type\":\"audio\/mpeg\",\"title\":\"haba nagila Cm play + clarinet Reference DEMO\",\"caption\":\"\",\"description\":\"\\\"haba nagila Cm play + clarinet Reference DEMO\\\". G\\u00e9nero: Otro.\",\"meta\":{\"genre\":\"Otro\",\"length_formatted\":\"1:00\"},\"image\":{\"src\":\"https:\/\/backingtracksmusic.com\/wp-includes\/images\/media\/audio.svg\",\"width\":48,\"height\":64},\"thumb\":{\"src\":\"https:\/\/backingtracksmusic.com\/wp-includes\/images\/media\/audio.svg\",\"width\":48,\"height\":64}},{\"src\":\"https:\/\/backingtracksmusic.com\/wp-content\/uploads\/2023\/01\/haba-nagila-Cm-play-DEMO.mp3\",\"type\":\"audio\/mpeg\",\"title\":\"haba nagila Cm play DEMO\",\"caption\":\"\",\"description\":\"\\\"haba nagila Cm play DEMO\\\". G\\u00e9nero: Otro.\",\"meta\":{\"genre\":\"Otro\",\"length_formatted\":\"0:45\"},\"image\":{\"src\":\"https:\/\/backingtracksmusic.com\/wp-includes\/images\/media\/audio.svg\",\"width\":48,\"height\":64},\"thumb\":{\"src\":\"https:\/\/backingtracksmusic.com\/wp-includes\/images\/media\/audio.svg\",\"width\":48,\"height\":64}}]}<\/script>\n<\/div>","protected":false},"featured_media":5205,"template":"","meta":{"_acf_changed":false},"product_brand":[],"product_cat":[95],"product_tag":[361],"class_list":{"0":"post-5204","1":"product","2":"type-product","3":"status-publish","4":"has-post-thumbnail","6":"product_cat-11-jewish-israeli-music","7":"product_tag-abraham-zvi-idelsohn","9":"first","10":"instock","11":"virtual","12":"purchasable","13":"product-type-simple"},"acf":[],"_links":{"self":[{"href":"https:\/\/backingtracksmusic.com\/pt\/wp-json\/wp\/v2\/product\/5204","targetHints":{"allow":["GET"]}}],"collection":[{"href":"https:\/\/backingtracksmusic.com\/pt\/wp-json\/wp\/v2\/product"}],"about":[{"href":"https:\/\/backingtracksmusic.com\/pt\/wp-json\/wp\/v2\/types\/product"}],"wp:featuredmedia":[{"embeddable":true,"href":"https:\/\/backingtracksmusic.com\/pt\/wp-json\/wp\/v2\/media\/5205"}],"wp:attachment":[{"href":"https:\/\/backingtracksmusic.com\/pt\/wp-json\/wp\/v2\/media?parent=5204"}],"wp:term":[{"taxonomy":"product_brand","embeddable":true,"href":"https:\/\/backingtracksmusic.com\/pt\/wp-json\/wp\/v2\/product_brand?post=5204"},{"taxonomy":"product_cat","embeddable":true,"href":"https:\/\/backingtracksmusic.com\/pt\/wp-json\/wp\/v2\/product_cat?post=5204"},{"taxonomy":"product_tag","embeddable":true,"href":"https:\/\/backingtracksmusic.com\/pt\/wp-json\/wp\/v2\/product_tag?post=5204"}],"curies":[{"name":"wp","href":"https:\/\/api.w.org\/{rel}","templated":true}]}}