{"id":5195,"date":"2023-01-04T12:39:37","date_gmt":"2023-01-04T15:39:37","guid":{"rendered":"https:\/\/backingtracksmusic.com\/?post_type=product&#038;p=5195"},"modified":"2023-01-04T12:41:26","modified_gmt":"2023-01-04T15:41:26","slug":"sabor-a-mi","status":"publish","type":"product","link":"https:\/\/backingtracksmusic.com\/pt\/produto\/sabor-a-mi\/","title":{"rendered":"Sabor a mi"},"content":{"rendered":"<h3>Informa\u00e7\u00f5es:<\/h3>\n<p>\u00abSabor a m\u00ed\u00bb es un bolero de 1959 del compositor y cantante mexicano \u00c1lvaro Carrillo. La populariz\u00f3 internacionalmente, en 1964, el tr\u00edo mexicano Los Panchos, con la colaboraci\u00f3n de Eydie Gorm\u00e9.<br \/>\nSeg\u00fan el hijo del compositor, la inspiraci\u00f3n le lleg\u00f3 a su padre cuando entre trago y trago de co\u00f1ac besaba a su prometida, Ana Mar\u00eda Inch\u00e1ustegui, quien le recrimin\u00f3 que con tanto beso la estaba emborrachando, a lo que \u00e9l respondi\u00f3: &#8220;Ahora, llevar\u00e1s sabor a m\u00ed&#8221;.<\/p>\n<p>&nbsp;<\/p>\n<p>&nbsp;<\/p>","protected":false},"excerpt":{"rendered":"<h3>Demo:<\/h3>\n<div class=\"wp-playlist wp-audio-playlist wp-playlist-light\">\n<div class=\"wp-playlist-current-item\"><\/div>\n<p>\t\t<audio controls=\"controls\" preload=\"none\" width=\"1378\"\n\t\t\t><\/audio><\/p>\n<div class=\"wp-playlist-next\"><\/div>\n<div class=\"wp-playlist-prev\"><\/div>\n<p>\t<noscript><\/p>\n<ol>\n<li><a href='https:\/\/backingtracksmusic.com\/wp-content\/uploads\/2023\/01\/Sabor-a-mi-G-play-flute-reference-DEMO.mp3'>Sabor a mi G play + flute reference DEMO<\/a><\/li>\n<li><a href='https:\/\/backingtracksmusic.com\/wp-content\/uploads\/2023\/01\/Sabor-a-mi-G-play-DEMO.mp3'>Sabor a mi G play DEMO<\/a><\/li>\n<\/ol>\n<p>\t<\/noscript><br \/>\n\t<script type=\"application\/json\" class=\"wp-playlist-script\">{\"type\":\"audio\",\"tracklist\":true,\"tracknumbers\":true,\"images\":false,\"artists\":false,\"tracks\":[{\"src\":\"https:\/\/backingtracksmusic.com\/wp-content\/uploads\/2023\/01\/Sabor-a-mi-G-play-flute-reference-DEMO.mp3\",\"type\":\"audio\/mpeg\",\"title\":\"Sabor a mi G play + flute reference DEMO\",\"caption\":\"\",\"description\":\"\\\"Sabor a mi G play + flute reference DEMO\\\". G\\u00e9nero: Otro.\",\"meta\":{\"genre\":\"Otro\",\"length_formatted\":\"0:39\"},\"image\":{\"src\":\"https:\/\/backingtracksmusic.com\/wp-includes\/images\/media\/audio.svg\",\"width\":48,\"height\":64},\"thumb\":{\"src\":\"https:\/\/backingtracksmusic.com\/wp-includes\/images\/media\/audio.svg\",\"width\":48,\"height\":64}},{\"src\":\"https:\/\/backingtracksmusic.com\/wp-content\/uploads\/2023\/01\/Sabor-a-mi-G-play-DEMO.mp3\",\"type\":\"audio\/mpeg\",\"title\":\"Sabor a mi G play DEMO\",\"caption\":\"\",\"description\":\"\\\"Sabor a mi G play DEMO\\\". G\\u00e9nero: Otro.\",\"meta\":{\"genre\":\"Otro\",\"length_formatted\":\"0:58\"},\"image\":{\"src\":\"https:\/\/backingtracksmusic.com\/wp-includes\/images\/media\/audio.svg\",\"width\":48,\"height\":64},\"thumb\":{\"src\":\"https:\/\/backingtracksmusic.com\/wp-includes\/images\/media\/audio.svg\",\"width\":48,\"height\":64}}]}<\/script>\n<\/div>","protected":false},"featured_media":5196,"template":"","meta":{"_acf_changed":false},"product_brand":[],"product_cat":[88],"product_tag":[360],"class_list":{"0":"post-5195","1":"product","2":"type-product","3":"status-publish","4":"has-post-thumbnail","6":"product_cat-03-boleros","7":"product_tag-alvaro-carrillo","9":"first","10":"instock","11":"virtual","12":"purchasable","13":"product-type-simple"},"acf":[],"_links":{"self":[{"href":"https:\/\/backingtracksmusic.com\/pt\/wp-json\/wp\/v2\/product\/5195","targetHints":{"allow":["GET"]}}],"collection":[{"href":"https:\/\/backingtracksmusic.com\/pt\/wp-json\/wp\/v2\/product"}],"about":[{"href":"https:\/\/backingtracksmusic.com\/pt\/wp-json\/wp\/v2\/types\/product"}],"wp:featuredmedia":[{"embeddable":true,"href":"https:\/\/backingtracksmusic.com\/pt\/wp-json\/wp\/v2\/media\/5196"}],"wp:attachment":[{"href":"https:\/\/backingtracksmusic.com\/pt\/wp-json\/wp\/v2\/media?parent=5195"}],"wp:term":[{"taxonomy":"product_brand","embeddable":true,"href":"https:\/\/backingtracksmusic.com\/pt\/wp-json\/wp\/v2\/product_brand?post=5195"},{"taxonomy":"product_cat","embeddable":true,"href":"https:\/\/backingtracksmusic.com\/pt\/wp-json\/wp\/v2\/product_cat?post=5195"},{"taxonomy":"product_tag","embeddable":true,"href":"https:\/\/backingtracksmusic.com\/pt\/wp-json\/wp\/v2\/product_tag?post=5195"}],"curies":[{"name":"wp","href":"https:\/\/api.w.org\/{rel}","templated":true}]}}