{"id":5148,"date":"2022-12-20T19:22:02","date_gmt":"2022-12-20T22:22:02","guid":{"rendered":"https:\/\/backingtracksmusic.com\/?post_type=product&#038;p=5148"},"modified":"2022-12-20T19:33:22","modified_gmt":"2022-12-20T22:33:22","slug":"moliendo-cafe","status":"publish","type":"product","link":"https:\/\/backingtracksmusic.com\/pt\/produto\/moliendo-cafe\/","title":{"rendered":"Moliendo cafe"},"content":{"rendered":"<h3>Informa\u00e7\u00f5es:<\/h3>\n<p>Moliendo caf\u00e9 es una canci\u00f3n compuesta por el m\u00fasico venezolano Jos\u00e9 Manzo Perroni en 1958. El tema fue interpretado por Hugo Blanco Manzo. Una versi\u00f3n posterior de Mina alcanz\u00f3 el n\u00famero 1 de popularidad en Italia en 1961. Lucho Gatica la populariz\u00f3 en M\u00e9xico y Chile tambi\u00e9n en 1961.<\/p>\n<p>Esta canci\u00f3n es considerada como \u00edcono n\u00famero uno en las canchas de los equipos hispanoparlantes. Se hizo popular por su pegajoso ritmo que imponen los bombos, redoblantes, platillos y trompetas.<\/p>\n<p>&nbsp;<\/p>\n<p>&nbsp;<\/p>","protected":false},"excerpt":{"rendered":"<h3>Demo:<\/h3>\n<div class=\"wp-playlist wp-audio-playlist wp-playlist-light\">\n<div class=\"wp-playlist-current-item\"><\/div>\n<p>\t\t<audio controls=\"controls\" preload=\"none\" width=\"1378\"\n\t\t\t><\/audio><\/p>\n<div class=\"wp-playlist-next\"><\/div>\n<div class=\"wp-playlist-prev\"><\/div>\n<p>\t<noscript><\/p>\n<ol>\n<li><a href='https:\/\/backingtracksmusic.com\/wp-content\/uploads\/2022\/12\/Moliendo-Cafe-Gm-play-refe-DEMO.mp3'>Moliendo Cafe Gm play + refe DEMO<\/a><\/li>\n<li><a href='https:\/\/backingtracksmusic.com\/wp-content\/uploads\/2022\/12\/Moliendo-Cafe-Gm-play-DEMO.mp3'>Moliendo Cafe Gm play DEMO<\/a><\/li>\n<\/ol>\n<p>\t<\/noscript><br \/>\n\t<script type=\"application\/json\" class=\"wp-playlist-script\">{\"type\":\"audio\",\"tracklist\":true,\"tracknumbers\":true,\"images\":false,\"artists\":false,\"tracks\":[{\"src\":\"https:\/\/backingtracksmusic.com\/wp-content\/uploads\/2022\/12\/Moliendo-Cafe-Gm-play-refe-DEMO.mp3\",\"type\":\"audio\/mpeg\",\"title\":\"Moliendo Cafe Gm play + refe DEMO\",\"caption\":\"\",\"description\":\"\\\"Moliendo Cafe Gm play + refe DEMO\\\". G\\u00e9nero: Otro.\",\"meta\":{\"genre\":\"Otro\",\"length_formatted\":\"1:14\"},\"image\":{\"src\":\"https:\/\/backingtracksmusic.com\/wp-includes\/images\/media\/audio.svg\",\"width\":48,\"height\":64},\"thumb\":{\"src\":\"https:\/\/backingtracksmusic.com\/wp-includes\/images\/media\/audio.svg\",\"width\":48,\"height\":64}},{\"src\":\"https:\/\/backingtracksmusic.com\/wp-content\/uploads\/2022\/12\/Moliendo-Cafe-Gm-play-DEMO.mp3\",\"type\":\"audio\/mpeg\",\"title\":\"Moliendo Cafe Gm play DEMO\",\"caption\":\"\",\"description\":\"\\\"Moliendo Cafe Gm play DEMO\\\". G\\u00e9nero: Otro.\",\"meta\":{\"genre\":\"Otro\",\"length_formatted\":\"1:20\"},\"image\":{\"src\":\"https:\/\/backingtracksmusic.com\/wp-includes\/images\/media\/audio.svg\",\"width\":48,\"height\":64},\"thumb\":{\"src\":\"https:\/\/backingtracksmusic.com\/wp-includes\/images\/media\/audio.svg\",\"width\":48,\"height\":64}}]}<\/script>\n<\/div>","protected":false},"featured_media":5149,"template":"","meta":{"_acf_changed":false},"product_brand":[],"product_cat":[88],"product_tag":[355],"class_list":{"0":"post-5148","1":"product","2":"type-product","3":"status-publish","4":"has-post-thumbnail","6":"product_cat-03-boleros","7":"product_tag-jose-manzo-perroni","9":"first","10":"instock","11":"virtual","12":"purchasable","13":"product-type-simple"},"acf":[],"_links":{"self":[{"href":"https:\/\/backingtracksmusic.com\/pt\/wp-json\/wp\/v2\/product\/5148","targetHints":{"allow":["GET"]}}],"collection":[{"href":"https:\/\/backingtracksmusic.com\/pt\/wp-json\/wp\/v2\/product"}],"about":[{"href":"https:\/\/backingtracksmusic.com\/pt\/wp-json\/wp\/v2\/types\/product"}],"wp:featuredmedia":[{"embeddable":true,"href":"https:\/\/backingtracksmusic.com\/pt\/wp-json\/wp\/v2\/media\/5149"}],"wp:attachment":[{"href":"https:\/\/backingtracksmusic.com\/pt\/wp-json\/wp\/v2\/media?parent=5148"}],"wp:term":[{"taxonomy":"product_brand","embeddable":true,"href":"https:\/\/backingtracksmusic.com\/pt\/wp-json\/wp\/v2\/product_brand?post=5148"},{"taxonomy":"product_cat","embeddable":true,"href":"https:\/\/backingtracksmusic.com\/pt\/wp-json\/wp\/v2\/product_cat?post=5148"},{"taxonomy":"product_tag","embeddable":true,"href":"https:\/\/backingtracksmusic.com\/pt\/wp-json\/wp\/v2\/product_tag?post=5148"}],"curies":[{"name":"wp","href":"https:\/\/api.w.org\/{rel}","templated":true}]}}