{"id":5092,"date":"2022-11-17T10:27:36","date_gmt":"2022-11-17T13:27:36","guid":{"rendered":"https:\/\/backingtracksmusic.com\/?post_type=product&#038;p=5092"},"modified":"2022-11-17T10:30:17","modified_gmt":"2022-11-17T13:30:17","slug":"historia-de-un-amor","status":"publish","type":"product","link":"https:\/\/backingtracksmusic.com\/pt\/produto\/historia-de-un-amor\/","title":{"rendered":"Historia de un amor"},"content":{"rendered":"<h3>Informa\u00e7\u00f5es:<\/h3>\n<p>\u00abHistoria de un amor\u00bb es un bolero escrito en 1955 por el autor paname\u00f1o Carlos Eleta Almar\u00e1n para su hermano a ra\u00edz de la muerte de su cu\u00f1ada.<\/p>","protected":false},"excerpt":{"rendered":"<h3>Demo:<\/h3>\n<div class=\"wp-playlist wp-audio-playlist wp-playlist-light\">\n<div class=\"wp-playlist-current-item\"><\/div>\n<p>\t\t<audio controls=\"controls\" preload=\"none\" width=\"1378\"\n\t\t\t><\/audio><\/p>\n<div class=\"wp-playlist-next\"><\/div>\n<div class=\"wp-playlist-prev\"><\/div>\n<p>\t<noscript><\/p>\n<ol>\n<li><a href='https:\/\/backingtracksmusic.com\/wp-content\/uploads\/2022\/11\/Historia-de-un-amor-Dm-play-reference-DEMO.mp3'>Historia de un amor Dm play + reference DEMO<\/a><\/li>\n<li><a href='https:\/\/backingtracksmusic.com\/wp-content\/uploads\/2022\/11\/Historia-de-un-amor-Dm-play-DEMO.mp3'>Historia de un amor Dm play DEMO<\/a><\/li>\n<\/ol>\n<p>\t<\/noscript><br \/>\n\t<script type=\"application\/json\" class=\"wp-playlist-script\">{\"type\":\"audio\",\"tracklist\":true,\"tracknumbers\":true,\"images\":false,\"artists\":false,\"tracks\":[{\"src\":\"https:\/\/backingtracksmusic.com\/wp-content\/uploads\/2022\/11\/Historia-de-un-amor-Dm-play-reference-DEMO.mp3\",\"type\":\"audio\/mpeg\",\"title\":\"Historia de un amor Dm play + reference DEMO\",\"caption\":\"\",\"description\":\"\\\"Historia de un amor Dm play + reference DEMO\\\". G\\u00e9nero: Otro.\",\"meta\":{\"genre\":\"Otro\",\"length_formatted\":\"0:28\"},\"image\":{\"src\":\"https:\/\/backingtracksmusic.com\/wp-includes\/images\/media\/audio.svg\",\"width\":48,\"height\":64},\"thumb\":{\"src\":\"https:\/\/backingtracksmusic.com\/wp-includes\/images\/media\/audio.svg\",\"width\":48,\"height\":64}},{\"src\":\"https:\/\/backingtracksmusic.com\/wp-content\/uploads\/2022\/11\/Historia-de-un-amor-Dm-play-DEMO.mp3\",\"type\":\"audio\/mpeg\",\"title\":\"Historia de un amor Dm play DEMO\",\"caption\":\"\",\"description\":\"\\\"Historia de un amor Dm play DEMO\\\". G\\u00e9nero: Otro.\",\"meta\":{\"genre\":\"Otro\",\"length_formatted\":\"0:52\"},\"image\":{\"src\":\"https:\/\/backingtracksmusic.com\/wp-includes\/images\/media\/audio.svg\",\"width\":48,\"height\":64},\"thumb\":{\"src\":\"https:\/\/backingtracksmusic.com\/wp-includes\/images\/media\/audio.svg\",\"width\":48,\"height\":64}}]}<\/script>\n<\/div>","protected":false},"featured_media":5093,"template":"","meta":{"_acf_changed":false},"product_brand":[],"product_cat":[88],"product_tag":[344],"class_list":{"0":"post-5092","1":"product","2":"type-product","3":"status-publish","4":"has-post-thumbnail","6":"product_cat-03-boleros","7":"product_tag-carlos-eleta-almaran","9":"first","10":"instock","11":"virtual","12":"purchasable","13":"product-type-simple"},"acf":[],"_links":{"self":[{"href":"https:\/\/backingtracksmusic.com\/pt\/wp-json\/wp\/v2\/product\/5092","targetHints":{"allow":["GET"]}}],"collection":[{"href":"https:\/\/backingtracksmusic.com\/pt\/wp-json\/wp\/v2\/product"}],"about":[{"href":"https:\/\/backingtracksmusic.com\/pt\/wp-json\/wp\/v2\/types\/product"}],"wp:featuredmedia":[{"embeddable":true,"href":"https:\/\/backingtracksmusic.com\/pt\/wp-json\/wp\/v2\/media\/5093"}],"wp:attachment":[{"href":"https:\/\/backingtracksmusic.com\/pt\/wp-json\/wp\/v2\/media?parent=5092"}],"wp:term":[{"taxonomy":"product_brand","embeddable":true,"href":"https:\/\/backingtracksmusic.com\/pt\/wp-json\/wp\/v2\/product_brand?post=5092"},{"taxonomy":"product_cat","embeddable":true,"href":"https:\/\/backingtracksmusic.com\/pt\/wp-json\/wp\/v2\/product_cat?post=5092"},{"taxonomy":"product_tag","embeddable":true,"href":"https:\/\/backingtracksmusic.com\/pt\/wp-json\/wp\/v2\/product_tag?post=5092"}],"curies":[{"name":"wp","href":"https:\/\/api.w.org\/{rel}","templated":true}]}}