{"id":5080,"date":"2022-10-28T11:48:08","date_gmt":"2022-10-28T14:48:08","guid":{"rendered":"https:\/\/backingtracksmusic.com\/?post_type=product&#038;p=5080"},"modified":"2022-10-28T11:50:33","modified_gmt":"2022-10-28T14:50:33","slug":"aranjuez-concerto-2","status":"publish","type":"product","link":"https:\/\/backingtracksmusic.com\/pt\/produto\/aranjuez-concerto-2\/","title":{"rendered":"Aranjuez concerto 2"},"content":{"rendered":"<h3>Informa\u00e7\u00f5es:<\/h3>\n<p>El Concierto de Aranjuez es una composici\u00f3n musical para guitarra y orquesta (cfr. concierto para guitarra y orquesta) del compositor espa\u00f1ol Joaqu\u00edn Rodrigo. Escrito en 1939, es el trabajo m\u00e1s conocido de Joaqu\u00edn Rodrigo y su \u00e9xito establece la reputaci\u00f3n de dicho compositor como uno de los principales de la posguerra espa\u00f1ola. Su adagio es singularmente popular, habiendo sido cantado por m\u00faltiples figuras de la \u00f3pera y la canci\u00f3n mel\u00f3dica.<\/p>","protected":false},"excerpt":{"rendered":"<h3>Demo:<\/h3>\n<div class=\"wp-playlist wp-audio-playlist wp-playlist-light\">\n<div class=\"wp-playlist-current-item\"><\/div>\n<p>\t\t<audio controls=\"controls\" preload=\"none\" width=\"1378\"\n\t\t\t><\/audio><\/p>\n<div class=\"wp-playlist-next\"><\/div>\n<div class=\"wp-playlist-prev\"><\/div>\n<p>\t<noscript><\/p>\n<ol>\n<li><a href='https:\/\/backingtracksmusic.com\/wp-content\/uploads\/2022\/10\/Aranjuez-Bm-play-refe-DEMO.mp3'>Aranjuez Bm play + refe DEMO<\/a><\/li>\n<li><a href='https:\/\/backingtracksmusic.com\/wp-content\/uploads\/2022\/10\/Aranjuez-Bm-play-DEMO.mp3'>Aranjuez Bm play DEMO<\/a><\/li>\n<\/ol>\n<p>\t<\/noscript><br \/>\n\t<script type=\"application\/json\" class=\"wp-playlist-script\">{\"type\":\"audio\",\"tracklist\":true,\"tracknumbers\":true,\"images\":false,\"artists\":false,\"tracks\":[{\"src\":\"https:\/\/backingtracksmusic.com\/wp-content\/uploads\/2022\/10\/Aranjuez-Bm-play-refe-DEMO.mp3\",\"type\":\"audio\/mpeg\",\"title\":\"Aranjuez Bm play + refe DEMO\",\"caption\":\"\",\"description\":\"\\\"Aranjuez Bm play + refe DEMO\\\". G\\u00e9nero: Otro.\",\"meta\":{\"genre\":\"Otro\",\"length_formatted\":\"1:03\"},\"image\":{\"src\":\"https:\/\/backingtracksmusic.com\/wp-includes\/images\/media\/audio.svg\",\"width\":48,\"height\":64},\"thumb\":{\"src\":\"https:\/\/backingtracksmusic.com\/wp-includes\/images\/media\/audio.svg\",\"width\":48,\"height\":64}},{\"src\":\"https:\/\/backingtracksmusic.com\/wp-content\/uploads\/2022\/10\/Aranjuez-Bm-play-DEMO.mp3\",\"type\":\"audio\/mpeg\",\"title\":\"Aranjuez Bm play DEMO\",\"caption\":\"\",\"description\":\"\\\"Aranjuez Bm play DEMO\\\". G\\u00e9nero: Otro.\",\"meta\":{\"genre\":\"Otro\",\"length_formatted\":\"1:05\"},\"image\":{\"src\":\"https:\/\/backingtracksmusic.com\/wp-includes\/images\/media\/audio.svg\",\"width\":48,\"height\":64},\"thumb\":{\"src\":\"https:\/\/backingtracksmusic.com\/wp-includes\/images\/media\/audio.svg\",\"width\":48,\"height\":64}}]}<\/script>\n<\/div>","protected":false},"featured_media":5081,"template":"","meta":{"_acf_changed":false},"product_brand":[],"product_cat":[89,99],"product_tag":[296],"class_list":{"0":"post-5080","1":"product","2":"type-product","3":"status-publish","4":"has-post-thumbnail","6":"product_cat-04-clasica","7":"product_cat-15-oldes","8":"product_tag-joaquin-rodrigo","10":"first","11":"instock","12":"virtual","13":"purchasable","14":"product-type-simple"},"acf":[],"_links":{"self":[{"href":"https:\/\/backingtracksmusic.com\/pt\/wp-json\/wp\/v2\/product\/5080","targetHints":{"allow":["GET"]}}],"collection":[{"href":"https:\/\/backingtracksmusic.com\/pt\/wp-json\/wp\/v2\/product"}],"about":[{"href":"https:\/\/backingtracksmusic.com\/pt\/wp-json\/wp\/v2\/types\/product"}],"wp:featuredmedia":[{"embeddable":true,"href":"https:\/\/backingtracksmusic.com\/pt\/wp-json\/wp\/v2\/media\/5081"}],"wp:attachment":[{"href":"https:\/\/backingtracksmusic.com\/pt\/wp-json\/wp\/v2\/media?parent=5080"}],"wp:term":[{"taxonomy":"product_brand","embeddable":true,"href":"https:\/\/backingtracksmusic.com\/pt\/wp-json\/wp\/v2\/product_brand?post=5080"},{"taxonomy":"product_cat","embeddable":true,"href":"https:\/\/backingtracksmusic.com\/pt\/wp-json\/wp\/v2\/product_cat?post=5080"},{"taxonomy":"product_tag","embeddable":true,"href":"https:\/\/backingtracksmusic.com\/pt\/wp-json\/wp\/v2\/product_tag?post=5080"}],"curies":[{"name":"wp","href":"https:\/\/api.w.org\/{rel}","templated":true}]}}