{"id":4991,"date":"2022-05-29T11:30:05","date_gmt":"2022-05-29T14:30:05","guid":{"rendered":"https:\/\/backingtracksmusic.com\/?post_type=product&#038;p=4991"},"modified":"2022-05-29T11:31:45","modified_gmt":"2022-05-29T14:31:45","slug":"volver","status":"publish","type":"product","link":"https:\/\/backingtracksmusic.com\/pt\/produto\/volver\/","title":{"rendered":"Volver"},"content":{"rendered":"<h3>Informa\u00e7\u00f5es:<\/h3>\n<p>\u00abVolver\u00bb es una canci\u00f3n de tango compuesta en 1934 por el cantante y m\u00fasico Carlos Gardel (1890-1935) y por el poeta Alfredo Le Pera (1900-1935).<\/p>\n<p>Gardel la interpret\u00f3 en la pel\u00edcula El d\u00eda que me quieras, filmada en enero de 1935, apenas meses antes de su muerte.<\/p>\n<p>&nbsp;<\/p>\n<p>&nbsp;<\/p>","protected":false},"excerpt":{"rendered":"<h3>Demo:<\/h3>\n<div class=\"wp-playlist wp-audio-playlist wp-playlist-light\">\n<div class=\"wp-playlist-current-item\"><\/div>\n<p>\t\t<audio controls=\"controls\" preload=\"none\" width=\"1378\"\n\t\t\t><\/audio><\/p>\n<div class=\"wp-playlist-next\"><\/div>\n<div class=\"wp-playlist-prev\"><\/div>\n<p>\t<noscript><\/p>\n<ol>\n<li><a href='https:\/\/backingtracksmusic.com\/wp-content\/uploads\/2022\/05\/Volver-C-play-full-flute-reference-DEMO.mp3'>Volver C play full + flute reference DEMO<\/a><\/li>\n<li><a href='https:\/\/backingtracksmusic.com\/wp-content\/uploads\/2022\/05\/Volver-C-play-full-DEMO.mp3'>Volver C play full DEMO<\/a><\/li>\n<\/ol>\n<p>\t<\/noscript><br \/>\n\t<script type=\"application\/json\" class=\"wp-playlist-script\">{\"type\":\"audio\",\"tracklist\":true,\"tracknumbers\":true,\"images\":false,\"artists\":false,\"tracks\":[{\"src\":\"https:\/\/backingtracksmusic.com\/wp-content\/uploads\/2022\/05\/Volver-C-play-full-flute-reference-DEMO.mp3\",\"type\":\"audio\/mpeg\",\"title\":\"Volver C play full + flute reference DEMO\",\"caption\":\"\",\"description\":\"\\\"Volver C play full + flute reference DEMO\\\". G\\u00e9nero: Otro.\",\"meta\":{\"genre\":\"Otro\",\"length_formatted\":\"1:06\"},\"image\":{\"src\":\"https:\/\/backingtracksmusic.com\/wp-includes\/images\/media\/audio.svg\",\"width\":48,\"height\":64},\"thumb\":{\"src\":\"https:\/\/backingtracksmusic.com\/wp-includes\/images\/media\/audio.svg\",\"width\":48,\"height\":64}},{\"src\":\"https:\/\/backingtracksmusic.com\/wp-content\/uploads\/2022\/05\/Volver-C-play-full-DEMO.mp3\",\"type\":\"audio\/mpeg\",\"title\":\"Volver C play full DEMO\",\"caption\":\"\",\"description\":\"\\\"Volver C play full DEMO\\\". G\\u00e9nero: Otro.\",\"meta\":{\"genre\":\"Otro\",\"length_formatted\":\"1:14\"},\"image\":{\"src\":\"https:\/\/backingtracksmusic.com\/wp-includes\/images\/media\/audio.svg\",\"width\":48,\"height\":64},\"thumb\":{\"src\":\"https:\/\/backingtracksmusic.com\/wp-includes\/images\/media\/audio.svg\",\"width\":48,\"height\":64}}]}<\/script>\n<\/div>","protected":false},"featured_media":4992,"template":"","meta":{"_acf_changed":false},"product_brand":[],"product_cat":[86],"product_tag":[144],"class_list":{"0":"post-4991","1":"product","2":"type-product","3":"status-publish","4":"has-post-thumbnail","6":"product_cat-01-tango","7":"product_tag-carlos-gardel","9":"first","10":"instock","11":"virtual","12":"purchasable","13":"product-type-simple"},"acf":[],"_links":{"self":[{"href":"https:\/\/backingtracksmusic.com\/pt\/wp-json\/wp\/v2\/product\/4991","targetHints":{"allow":["GET"]}}],"collection":[{"href":"https:\/\/backingtracksmusic.com\/pt\/wp-json\/wp\/v2\/product"}],"about":[{"href":"https:\/\/backingtracksmusic.com\/pt\/wp-json\/wp\/v2\/types\/product"}],"wp:featuredmedia":[{"embeddable":true,"href":"https:\/\/backingtracksmusic.com\/pt\/wp-json\/wp\/v2\/media\/4992"}],"wp:attachment":[{"href":"https:\/\/backingtracksmusic.com\/pt\/wp-json\/wp\/v2\/media?parent=4991"}],"wp:term":[{"taxonomy":"product_brand","embeddable":true,"href":"https:\/\/backingtracksmusic.com\/pt\/wp-json\/wp\/v2\/product_brand?post=4991"},{"taxonomy":"product_cat","embeddable":true,"href":"https:\/\/backingtracksmusic.com\/pt\/wp-json\/wp\/v2\/product_cat?post=4991"},{"taxonomy":"product_tag","embeddable":true,"href":"https:\/\/backingtracksmusic.com\/pt\/wp-json\/wp\/v2\/product_tag?post=4991"}],"curies":[{"name":"wp","href":"https:\/\/api.w.org\/{rel}","templated":true}]}}