{"id":4853,"date":"2022-03-05T16:41:49","date_gmt":"2022-03-05T19:41:49","guid":{"rendered":"https:\/\/backingtracksmusic.com\/?post_type=product&#038;p=4853"},"modified":"2022-03-22T09:45:44","modified_gmt":"2022-03-22T12:45:44","slug":"sun-moon-miss-saigon","status":"publish","type":"product","link":"https:\/\/backingtracksmusic.com\/pt\/produto\/sun-moon-miss-saigon\/","title":{"rendered":"Sun &#038; Moon (Miss Saigon)"},"content":{"rendered":"<h3>Informa\u00e7\u00f5es:<\/h3>\n<p>Miss Saig\u00f3n es un musical de Claude-Michel Sch\u00f6nberg y Alain Boublil, con letras de Alain Boublil y Richard Maltby, Jr. Se estren\u00f3 por primera vez en el Teatro Drury Lane en Londres el 20 de septiembre de 1989<br \/>\nMiss Saig\u00f3n es una adaptaci\u00f3n de la \u00f3pera escrita por Giacomo Puccini, Madame Butterfly<\/p>\n<p>&nbsp;<\/p>\n<p>&nbsp;<\/p>","protected":false},"excerpt":{"rendered":"<h3>Demo:<\/h3>\n<div class=\"wp-playlist wp-audio-playlist wp-playlist-light\">\n<div class=\"wp-playlist-current-item\"><\/div>\n<p>\t\t<audio controls=\"controls\" preload=\"none\" width=\"1378\"\n\t\t\t><\/audio><\/p>\n<div class=\"wp-playlist-next\"><\/div>\n<div class=\"wp-playlist-prev\"><\/div>\n<p>\t<noscript><\/p>\n<ol>\n<li><a href='https:\/\/backingtracksmusic.com\/wp-content\/uploads\/2022\/03\/Sun-and-moon-play-referencie-flute-DEMO.mp3'>Sun and moon play + referencie flute DEMO<\/a><\/li>\n<li><a href='https:\/\/backingtracksmusic.com\/wp-content\/uploads\/2022\/03\/Sun-and-moon-play-DEMO.mp3'>Sun and moon play DEMO<\/a><\/li>\n<\/ol>\n<p>\t<\/noscript><br \/>\n\t<script type=\"application\/json\" class=\"wp-playlist-script\">{\"type\":\"audio\",\"tracklist\":true,\"tracknumbers\":true,\"images\":false,\"artists\":false,\"tracks\":[{\"src\":\"https:\/\/backingtracksmusic.com\/wp-content\/uploads\/2022\/03\/Sun-and-moon-play-referencie-flute-DEMO.mp3\",\"type\":\"audio\/mpeg\",\"title\":\"Sun and moon play + referencie flute DEMO\",\"caption\":\"\",\"description\":\"\\\"Sun and moon play + referencie flute DEMO\\\". G\\u00e9nero: Other.\",\"meta\":{\"genre\":\"Other\",\"length_formatted\":\"1:35\"},\"image\":{\"src\":\"https:\/\/backingtracksmusic.com\/wp-includes\/images\/media\/audio.svg\",\"width\":48,\"height\":64},\"thumb\":{\"src\":\"https:\/\/backingtracksmusic.com\/wp-includes\/images\/media\/audio.svg\",\"width\":48,\"height\":64}},{\"src\":\"https:\/\/backingtracksmusic.com\/wp-content\/uploads\/2022\/03\/Sun-and-moon-play-DEMO.mp3\",\"type\":\"audio\/mpeg\",\"title\":\"Sun and moon play DEMO\",\"caption\":\"\",\"description\":\"\\\"Sun and moon play DEMO\\\". G\\u00e9nero: Other.\",\"meta\":{\"genre\":\"Other\",\"length_formatted\":\"1:04\"},\"image\":{\"src\":\"https:\/\/backingtracksmusic.com\/wp-includes\/images\/media\/audio.svg\",\"width\":48,\"height\":64},\"thumb\":{\"src\":\"https:\/\/backingtracksmusic.com\/wp-includes\/images\/media\/audio.svg\",\"width\":48,\"height\":64}}]}<\/script>\n<\/div>","protected":false},"featured_media":4854,"template":"","meta":{"_acf_changed":false},"product_brand":[],"product_cat":[93],"product_tag":[327],"class_list":{"0":"post-4853","1":"product","2":"type-product","3":"status-publish","4":"has-post-thumbnail","6":"product_cat-08-musicales","7":"product_tag-claude-michel-schonberg","9":"first","10":"instock","11":"downloadable","12":"virtual","13":"purchasable","14":"product-type-simple"},"acf":[],"_links":{"self":[{"href":"https:\/\/backingtracksmusic.com\/pt\/wp-json\/wp\/v2\/product\/4853","targetHints":{"allow":["GET"]}}],"collection":[{"href":"https:\/\/backingtracksmusic.com\/pt\/wp-json\/wp\/v2\/product"}],"about":[{"href":"https:\/\/backingtracksmusic.com\/pt\/wp-json\/wp\/v2\/types\/product"}],"wp:featuredmedia":[{"embeddable":true,"href":"https:\/\/backingtracksmusic.com\/pt\/wp-json\/wp\/v2\/media\/4854"}],"wp:attachment":[{"href":"https:\/\/backingtracksmusic.com\/pt\/wp-json\/wp\/v2\/media?parent=4853"}],"wp:term":[{"taxonomy":"product_brand","embeddable":true,"href":"https:\/\/backingtracksmusic.com\/pt\/wp-json\/wp\/v2\/product_brand?post=4853"},{"taxonomy":"product_cat","embeddable":true,"href":"https:\/\/backingtracksmusic.com\/pt\/wp-json\/wp\/v2\/product_cat?post=4853"},{"taxonomy":"product_tag","embeddable":true,"href":"https:\/\/backingtracksmusic.com\/pt\/wp-json\/wp\/v2\/product_tag?post=4853"}],"curies":[{"name":"wp","href":"https:\/\/api.w.org\/{rel}","templated":true}]}}