{"id":4827,"date":"2022-02-25T17:39:31","date_gmt":"2022-02-25T20:39:31","guid":{"rendered":"https:\/\/backingtracksmusic.com\/?post_type=product&#038;p=4827"},"modified":"2022-03-22T09:45:55","modified_gmt":"2022-03-22T12:45:55","slug":"wave","status":"publish","type":"product","link":"https:\/\/backingtracksmusic.com\/pt\/produto\/wave\/","title":{"rendered":"Wave"},"content":{"rendered":"<h3>Informa\u00e7\u00f5es:<\/h3>\n<p>&#8220;Wave&#8221; (tambi\u00e9n conocido como &#8220;Vou Te Contar&#8221; en portugu\u00e9s) es una canci\u00f3n de bossa nova escrita por Ant\u00f4nio Carlos Jobim. Fue grabada primero como pieza instrumental en su \u00e1lbum hom\u00f3nimo de 1967. De acuerdo con la biograf\u00eda de Jobim que escribi\u00f3 S\u00e9rgio Cabral, Chico Buarque iba a escribir la letra, pero no la entreg\u00f3, as\u00ed que el propio Jobim le puso versos en portugu\u00e9s\u200b y en ingl\u00e9s.<\/p>\n<p>&nbsp;<\/p>\n<p>&nbsp;<\/p>","protected":false},"excerpt":{"rendered":"<h3>Demo:<\/h3>\n<div class=\"wp-playlist wp-audio-playlist wp-playlist-light\">\n<div class=\"wp-playlist-current-item\"><\/div>\n<p>\t\t<audio controls=\"controls\" preload=\"none\" width=\"1378\"\n\t\t\t><\/audio><\/p>\n<div class=\"wp-playlist-next\"><\/div>\n<div class=\"wp-playlist-prev\"><\/div>\n<p>\t<noscript><\/p>\n<ol>\n<li><a href='https:\/\/backingtracksmusic.com\/wp-content\/uploads\/2022\/02\/Wave-D-play-DEMO.mp3'>Wave D play DEMO<\/a><\/li>\n<li><a href='https:\/\/backingtracksmusic.com\/wp-content\/uploads\/2022\/02\/Wave-D-play-reference-flute-DEMO.mp3'>Wave D play + reference flute DEMO<\/a><\/li>\n<\/ol>\n<p>\t<\/noscript><br \/>\n\t<script type=\"application\/json\" class=\"wp-playlist-script\">{\"type\":\"audio\",\"tracklist\":true,\"tracknumbers\":true,\"images\":false,\"artists\":false,\"tracks\":[{\"src\":\"https:\/\/backingtracksmusic.com\/wp-content\/uploads\/2022\/02\/Wave-D-play-DEMO.mp3\",\"type\":\"audio\/mpeg\",\"title\":\"Wave D play DEMO\",\"caption\":\"\",\"description\":\"\\\"Wave D play DEMO\\\". G\\u00e9nero: Other.\",\"meta\":{\"genre\":\"Other\",\"length_formatted\":\"1:14\"},\"image\":{\"src\":\"https:\/\/backingtracksmusic.com\/wp-includes\/images\/media\/audio.svg\",\"width\":48,\"height\":64},\"thumb\":{\"src\":\"https:\/\/backingtracksmusic.com\/wp-includes\/images\/media\/audio.svg\",\"width\":48,\"height\":64}},{\"src\":\"https:\/\/backingtracksmusic.com\/wp-content\/uploads\/2022\/02\/Wave-D-play-reference-flute-DEMO.mp3\",\"type\":\"audio\/mpeg\",\"title\":\"Wave D play + reference flute DEMO\",\"caption\":\"\",\"description\":\"\\\"Wave D play + reference flute DEMO\\\". G\\u00e9nero: Other.\",\"meta\":{\"genre\":\"Other\",\"length_formatted\":\"1:03\"},\"image\":{\"src\":\"https:\/\/backingtracksmusic.com\/wp-includes\/images\/media\/audio.svg\",\"width\":48,\"height\":64},\"thumb\":{\"src\":\"https:\/\/backingtracksmusic.com\/wp-includes\/images\/media\/audio.svg\",\"width\":48,\"height\":64}}]}<\/script>\n<\/div>","protected":false},"featured_media":4828,"template":"","meta":{"_acf_changed":false},"product_brand":[],"product_cat":[92,96],"product_tag":[322],"class_list":{"0":"post-4827","1":"product","2":"type-product","3":"status-publish","4":"has-post-thumbnail","6":"product_cat-07-jazz","7":"product_cat-12-musica-do-brasil","8":"product_tag-tom-jobim","10":"first","11":"instock","12":"downloadable","13":"virtual","14":"purchasable","15":"product-type-simple"},"acf":[],"_links":{"self":[{"href":"https:\/\/backingtracksmusic.com\/pt\/wp-json\/wp\/v2\/product\/4827","targetHints":{"allow":["GET"]}}],"collection":[{"href":"https:\/\/backingtracksmusic.com\/pt\/wp-json\/wp\/v2\/product"}],"about":[{"href":"https:\/\/backingtracksmusic.com\/pt\/wp-json\/wp\/v2\/types\/product"}],"wp:featuredmedia":[{"embeddable":true,"href":"https:\/\/backingtracksmusic.com\/pt\/wp-json\/wp\/v2\/media\/4828"}],"wp:attachment":[{"href":"https:\/\/backingtracksmusic.com\/pt\/wp-json\/wp\/v2\/media?parent=4827"}],"wp:term":[{"taxonomy":"product_brand","embeddable":true,"href":"https:\/\/backingtracksmusic.com\/pt\/wp-json\/wp\/v2\/product_brand?post=4827"},{"taxonomy":"product_cat","embeddable":true,"href":"https:\/\/backingtracksmusic.com\/pt\/wp-json\/wp\/v2\/product_cat?post=4827"},{"taxonomy":"product_tag","embeddable":true,"href":"https:\/\/backingtracksmusic.com\/pt\/wp-json\/wp\/v2\/product_tag?post=4827"}],"curies":[{"name":"wp","href":"https:\/\/api.w.org\/{rel}","templated":true}]}}