{"id":4808,"date":"2022-02-19T16:00:23","date_gmt":"2022-02-19T19:00:23","guid":{"rendered":"https:\/\/backingtracksmusic.com\/?post_type=product&#038;p=4808"},"modified":"2022-03-22T09:46:02","modified_gmt":"2022-03-22T12:46:02","slug":"everytime-we-say-goodbye","status":"publish","type":"product","link":"https:\/\/backingtracksmusic.com\/pt\/produto\/everytime-we-say-goodbye\/","title":{"rendered":"Everytime we say goodbye"},"content":{"rendered":"<h3>Informa\u00e7\u00f5es:<\/h3>\n<p>&#8220;Ev&#8217;ry Time We Say Goodbye&#8221; es una canci\u00f3n de jazz con letra y m\u00fasica de Cole Porter, que forma parte del Great American Songbook, y fue publicado por Chappell &amp; Company. Fue introducido por Nan Wynn en 1944 en la revista musical Seven Lively Arts de Billy Rose. La canci\u00f3n se ha convertido en un est\u00e1ndar del jazz despu\u00e9s de ganar popularidad en la d\u00e9cada de 1950 y comienzos de 1960. Muchos artistas han sustituido el ap\u00f3strofo en &#8220;ev&#8217;ry&#8221; con una &#8220;e&#8221;.<\/p>\n<p>&nbsp;<\/p>\n<p>&nbsp;<\/p>","protected":false},"excerpt":{"rendered":"<h3>Demo:<\/h3>\n<div class=\"wp-playlist wp-audio-playlist wp-playlist-light\">\n<div class=\"wp-playlist-current-item\"><\/div>\n<p>\t\t<audio controls=\"controls\" preload=\"none\" width=\"1378\"\n\t\t\t><\/audio><\/p>\n<div class=\"wp-playlist-next\"><\/div>\n<div class=\"wp-playlist-prev\"><\/div>\n<p>\t<noscript><\/p>\n<ol>\n<li><a href='https:\/\/backingtracksmusic.com\/wp-content\/uploads\/2022\/02\/Everytime-we-say-goodbye-play-reference-clarinet-DEMO.mp3'>Everytime we say goodbye play + reference clarinet DEMO<\/a><\/li>\n<li><a href='https:\/\/backingtracksmusic.com\/wp-content\/uploads\/2022\/02\/Everytime-we-say-goodbye-play-DEMO.mp3'>Everytime we say goodbye play DEMO<\/a><\/li>\n<\/ol>\n<p>\t<\/noscript><br \/>\n\t<script type=\"application\/json\" class=\"wp-playlist-script\">{\"type\":\"audio\",\"tracklist\":true,\"tracknumbers\":true,\"images\":false,\"artists\":false,\"tracks\":[{\"src\":\"https:\/\/backingtracksmusic.com\/wp-content\/uploads\/2022\/02\/Everytime-we-say-goodbye-play-reference-clarinet-DEMO.mp3\",\"type\":\"audio\/mpeg\",\"title\":\"Everytime we say goodbye play + reference clarinet DEMO\",\"caption\":\"\",\"description\":\"\\\"Everytime we say goodbye play + reference clarinet DEMO\\\". G\\u00e9nero: Other.\",\"meta\":{\"genre\":\"Other\",\"length_formatted\":\"1:24\"},\"image\":{\"src\":\"https:\/\/backingtracksmusic.com\/wp-includes\/images\/media\/audio.svg\",\"width\":48,\"height\":64},\"thumb\":{\"src\":\"https:\/\/backingtracksmusic.com\/wp-includes\/images\/media\/audio.svg\",\"width\":48,\"height\":64}},{\"src\":\"https:\/\/backingtracksmusic.com\/wp-content\/uploads\/2022\/02\/Everytime-we-say-goodbye-play-DEMO.mp3\",\"type\":\"audio\/mpeg\",\"title\":\"Everytime we say goodbye play DEMO\",\"caption\":\"\",\"description\":\"\\\"Everytime we say goodbye play DEMO\\\". G\\u00e9nero: Other.\",\"meta\":{\"genre\":\"Other\",\"length_formatted\":\"0:58\"},\"image\":{\"src\":\"https:\/\/backingtracksmusic.com\/wp-includes\/images\/media\/audio.svg\",\"width\":48,\"height\":64},\"thumb\":{\"src\":\"https:\/\/backingtracksmusic.com\/wp-includes\/images\/media\/audio.svg\",\"width\":48,\"height\":64}}]}<\/script>\n<\/div>","protected":false},"featured_media":4809,"template":"","meta":{"_acf_changed":false},"product_brand":[],"product_cat":[92,97,99],"product_tag":[319],"class_list":{"0":"post-4808","1":"product","2":"type-product","3":"status-publish","4":"has-post-thumbnail","6":"product_cat-07-jazz","7":"product_cat-13-love-songs","8":"product_cat-15-oldes","9":"product_tag-cole-porter","11":"first","12":"instock","13":"downloadable","14":"virtual","15":"purchasable","16":"product-type-simple"},"acf":[],"_links":{"self":[{"href":"https:\/\/backingtracksmusic.com\/pt\/wp-json\/wp\/v2\/product\/4808","targetHints":{"allow":["GET"]}}],"collection":[{"href":"https:\/\/backingtracksmusic.com\/pt\/wp-json\/wp\/v2\/product"}],"about":[{"href":"https:\/\/backingtracksmusic.com\/pt\/wp-json\/wp\/v2\/types\/product"}],"wp:featuredmedia":[{"embeddable":true,"href":"https:\/\/backingtracksmusic.com\/pt\/wp-json\/wp\/v2\/media\/4809"}],"wp:attachment":[{"href":"https:\/\/backingtracksmusic.com\/pt\/wp-json\/wp\/v2\/media?parent=4808"}],"wp:term":[{"taxonomy":"product_brand","embeddable":true,"href":"https:\/\/backingtracksmusic.com\/pt\/wp-json\/wp\/v2\/product_brand?post=4808"},{"taxonomy":"product_cat","embeddable":true,"href":"https:\/\/backingtracksmusic.com\/pt\/wp-json\/wp\/v2\/product_cat?post=4808"},{"taxonomy":"product_tag","embeddable":true,"href":"https:\/\/backingtracksmusic.com\/pt\/wp-json\/wp\/v2\/product_tag?post=4808"}],"curies":[{"name":"wp","href":"https:\/\/api.w.org\/{rel}","templated":true}]}}