{"id":4796,"date":"2022-02-17T09:37:06","date_gmt":"2022-02-17T12:37:06","guid":{"rendered":"https:\/\/backingtracksmusic.com\/?post_type=product&#038;p=4796"},"modified":"2022-03-22T09:46:10","modified_gmt":"2022-03-22T12:46:10","slug":"on-my-own","status":"publish","type":"product","link":"https:\/\/backingtracksmusic.com\/pt\/produto\/on-my-own\/","title":{"rendered":"On my Own"},"content":{"rendered":"<h3>Informa\u00e7\u00f5es:<\/h3>\n<p>Los miserables es uno de los musicales m\u00e1s famosos y representados de todos los tiempos. Basado en la novela hom\u00f3nima de Victor Hugo, el espect\u00e1culo cuenta la historia de una serie de personajes y sus adversidades en el contexto de la Francia revolucionaria de principios del siglo XIX. Su partitura ganadora del Tony es obra del compositor Claude-Michel Sch\u00f6nberg<\/p>\n<p>&nbsp;<\/p>","protected":false},"excerpt":{"rendered":"<h3>Demo:<\/h3>\n<div class=\"wp-playlist wp-audio-playlist wp-playlist-light\">\n<div class=\"wp-playlist-current-item\"><\/div>\n<p>\t\t<audio controls=\"controls\" preload=\"none\" width=\"1378\"\n\t\t\t><\/audio><\/p>\n<div class=\"wp-playlist-next\"><\/div>\n<div class=\"wp-playlist-prev\"><\/div>\n<p>\t<noscript><\/p>\n<ol>\n<li><a href='https:\/\/backingtracksmusic.com\/wp-content\/uploads\/2022\/02\/On-my-own-play-reference-cello-DEMO.mp3'>On my own play + reference cello DEMO<\/a><\/li>\n<li><a href='https:\/\/backingtracksmusic.com\/wp-content\/uploads\/2022\/02\/On-my-own-play-DEMO.mp3'>On my own play DEMO<\/a><\/li>\n<\/ol>\n<p>\t<\/noscript><br \/>\n\t<script type=\"application\/json\" class=\"wp-playlist-script\">{\"type\":\"audio\",\"tracklist\":true,\"tracknumbers\":true,\"images\":false,\"artists\":false,\"tracks\":[{\"src\":\"https:\/\/backingtracksmusic.com\/wp-content\/uploads\/2022\/02\/On-my-own-play-reference-cello-DEMO.mp3\",\"type\":\"audio\/mpeg\",\"title\":\"On my own play + reference cello DEMO\",\"caption\":\"\",\"description\":\"\\\"On my own play + reference cello DEMO\\\". G\\u00e9nero: Other.\",\"meta\":{\"genre\":\"Other\",\"length_formatted\":\"1:05\"},\"image\":{\"src\":\"https:\/\/backingtracksmusic.com\/wp-includes\/images\/media\/audio.svg\",\"width\":48,\"height\":64},\"thumb\":{\"src\":\"https:\/\/backingtracksmusic.com\/wp-includes\/images\/media\/audio.svg\",\"width\":48,\"height\":64}},{\"src\":\"https:\/\/backingtracksmusic.com\/wp-content\/uploads\/2022\/02\/On-my-own-play-DEMO.mp3\",\"type\":\"audio\/mpeg\",\"title\":\"On my own play DEMO\",\"caption\":\"\",\"description\":\"\\\"On my own play DEMO\\\". G\\u00e9nero: Other.\",\"meta\":{\"genre\":\"Other\",\"length_formatted\":\"0:56\"},\"image\":{\"src\":\"https:\/\/backingtracksmusic.com\/wp-includes\/images\/media\/audio.svg\",\"width\":48,\"height\":64},\"thumb\":{\"src\":\"https:\/\/backingtracksmusic.com\/wp-includes\/images\/media\/audio.svg\",\"width\":48,\"height\":64}}]}<\/script>\n<\/div>","protected":false},"featured_media":4797,"template":"","meta":{"_acf_changed":false},"product_brand":[],"product_cat":[93],"product_tag":[315],"class_list":{"0":"post-4796","1":"product","2":"type-product","3":"status-publish","4":"has-post-thumbnail","6":"product_cat-08-musicales","7":"product_tag-claude-michel-schoenberg","9":"first","10":"instock","11":"downloadable","12":"virtual","13":"purchasable","14":"product-type-simple"},"acf":[],"_links":{"self":[{"href":"https:\/\/backingtracksmusic.com\/pt\/wp-json\/wp\/v2\/product\/4796","targetHints":{"allow":["GET"]}}],"collection":[{"href":"https:\/\/backingtracksmusic.com\/pt\/wp-json\/wp\/v2\/product"}],"about":[{"href":"https:\/\/backingtracksmusic.com\/pt\/wp-json\/wp\/v2\/types\/product"}],"wp:featuredmedia":[{"embeddable":true,"href":"https:\/\/backingtracksmusic.com\/pt\/wp-json\/wp\/v2\/media\/4797"}],"wp:attachment":[{"href":"https:\/\/backingtracksmusic.com\/pt\/wp-json\/wp\/v2\/media?parent=4796"}],"wp:term":[{"taxonomy":"product_brand","embeddable":true,"href":"https:\/\/backingtracksmusic.com\/pt\/wp-json\/wp\/v2\/product_brand?post=4796"},{"taxonomy":"product_cat","embeddable":true,"href":"https:\/\/backingtracksmusic.com\/pt\/wp-json\/wp\/v2\/product_cat?post=4796"},{"taxonomy":"product_tag","embeddable":true,"href":"https:\/\/backingtracksmusic.com\/pt\/wp-json\/wp\/v2\/product_tag?post=4796"}],"curies":[{"name":"wp","href":"https:\/\/api.w.org\/{rel}","templated":true}]}}