{"id":4770,"date":"2022-02-08T16:13:34","date_gmt":"2022-02-08T19:13:34","guid":{"rendered":"https:\/\/backingtracksmusic.com\/?post_type=product&#038;p=4770"},"modified":"2022-03-22T09:46:17","modified_gmt":"2022-03-22T12:46:17","slug":"l-o-v-e","status":"publish","type":"product","link":"https:\/\/backingtracksmusic.com\/pt\/produto\/l-o-v-e\/","title":{"rendered":"L-O-V-E"},"content":{"rendered":"<h3>Informa\u00e7\u00f5es:<\/h3>\n<p>&#8220;L-O-V-E&#8221; es una canci\u00f3n escrita por Bert Kaempfert y Milt Gabler, grabada por el cantante y pianista de jazz estadounidense Nat King Cole para su \u00e1lbum de estudio de 1965 L-O-V-E.<br \/>\nLa canci\u00f3n hab\u00eda aparecido previamente como pista instrumental en el \u00e1lbum Blue Midnight (1964) de Kaempfert.<\/p>\n<p>&nbsp;<\/p>\n<p>&nbsp;<\/p>","protected":false},"excerpt":{"rendered":"<h3>Demo:<\/h3>\n<div class=\"wp-playlist wp-audio-playlist wp-playlist-light\">\n<div class=\"wp-playlist-current-item\"><\/div>\n<p>\t\t<audio controls=\"controls\" preload=\"none\" width=\"1378\"\n\t\t\t><\/audio><\/p>\n<div class=\"wp-playlist-next\"><\/div>\n<div class=\"wp-playlist-prev\"><\/div>\n<p>\t<noscript><\/p>\n<ol>\n<li><a href='https:\/\/backingtracksmusic.com\/wp-content\/uploads\/2022\/02\/Love-piano-armonica-reference-DEMO.mp3'>Love piano + armonica reference DEMO<\/a><\/li>\n<li><a href='https:\/\/backingtracksmusic.com\/wp-content\/uploads\/2022\/02\/love-piano-play-DEMO.mp3'>love piano play DEMO<\/a><\/li>\n<\/ol>\n<p>\t<\/noscript><br \/>\n\t<script type=\"application\/json\" class=\"wp-playlist-script\">{\"type\":\"audio\",\"tracklist\":true,\"tracknumbers\":true,\"images\":false,\"artists\":false,\"tracks\":[{\"src\":\"https:\/\/backingtracksmusic.com\/wp-content\/uploads\/2022\/02\/Love-piano-armonica-reference-DEMO.mp3\",\"type\":\"audio\/mpeg\",\"title\":\"Love piano + armonica reference DEMO\",\"caption\":\"\",\"description\":\"\\\"Love piano + armonica reference DEMO\\\". G\\u00e9nero: Other.\",\"meta\":{\"genre\":\"Other\",\"length_formatted\":\"0:50\"},\"image\":{\"src\":\"https:\/\/backingtracksmusic.com\/wp-includes\/images\/media\/audio.svg\",\"width\":48,\"height\":64},\"thumb\":{\"src\":\"https:\/\/backingtracksmusic.com\/wp-includes\/images\/media\/audio.svg\",\"width\":48,\"height\":64}},{\"src\":\"https:\/\/backingtracksmusic.com\/wp-content\/uploads\/2022\/02\/love-piano-play-DEMO.mp3\",\"type\":\"audio\/mpeg\",\"title\":\"love piano play DEMO\",\"caption\":\"\",\"description\":\"\\\"love piano play DEMO\\\". G\\u00e9nero: Other.\",\"meta\":{\"genre\":\"Other\",\"length_formatted\":\"0:58\"},\"image\":{\"src\":\"https:\/\/backingtracksmusic.com\/wp-includes\/images\/media\/audio.svg\",\"width\":48,\"height\":64},\"thumb\":{\"src\":\"https:\/\/backingtracksmusic.com\/wp-includes\/images\/media\/audio.svg\",\"width\":48,\"height\":64}}]}<\/script>\n<\/div>","protected":false},"featured_media":4771,"template":"","meta":{"_acf_changed":false},"product_brand":[],"product_cat":[92],"product_tag":[309,310],"class_list":{"0":"post-4770","1":"product","2":"type-product","3":"status-publish","4":"has-post-thumbnail","6":"product_cat-07-jazz","7":"product_tag-bert-kaempfert","8":"product_tag-gabler","10":"first","11":"instock","12":"downloadable","13":"virtual","14":"purchasable","15":"product-type-simple"},"acf":[],"_links":{"self":[{"href":"https:\/\/backingtracksmusic.com\/pt\/wp-json\/wp\/v2\/product\/4770","targetHints":{"allow":["GET"]}}],"collection":[{"href":"https:\/\/backingtracksmusic.com\/pt\/wp-json\/wp\/v2\/product"}],"about":[{"href":"https:\/\/backingtracksmusic.com\/pt\/wp-json\/wp\/v2\/types\/product"}],"wp:featuredmedia":[{"embeddable":true,"href":"https:\/\/backingtracksmusic.com\/pt\/wp-json\/wp\/v2\/media\/4771"}],"wp:attachment":[{"href":"https:\/\/backingtracksmusic.com\/pt\/wp-json\/wp\/v2\/media?parent=4770"}],"wp:term":[{"taxonomy":"product_brand","embeddable":true,"href":"https:\/\/backingtracksmusic.com\/pt\/wp-json\/wp\/v2\/product_brand?post=4770"},{"taxonomy":"product_cat","embeddable":true,"href":"https:\/\/backingtracksmusic.com\/pt\/wp-json\/wp\/v2\/product_cat?post=4770"},{"taxonomy":"product_tag","embeddable":true,"href":"https:\/\/backingtracksmusic.com\/pt\/wp-json\/wp\/v2\/product_tag?post=4770"}],"curies":[{"name":"wp","href":"https:\/\/api.w.org\/{rel}","templated":true}]}}