{"id":4724,"date":"2022-01-17T16:20:19","date_gmt":"2022-01-17T19:20:19","guid":{"rendered":"https:\/\/backingtracksmusic.com\/?post_type=product&#038;p=4724"},"modified":"2022-03-22T09:46:41","modified_gmt":"2022-03-22T12:46:41","slug":"the-greatest-love-of-all","status":"publish","type":"product","link":"https:\/\/backingtracksmusic.com\/pt\/produto\/the-greatest-love-of-all\/","title":{"rendered":"The greatest love of all"},"content":{"rendered":"<p>Informacion:<\/p>\n<p>&nbsp;<\/p>\n<p>\u00abGreatest Love of All\u00bb (en espa\u00f1ol: \u00abEl amor m\u00e1s grande de todos\u00bb) fue publicado en noviembre de 1985 y es el cuarto sencillo del \u00e1lbum Whitney Houston de la cantante estadounidense del mismo nombre.<br \/>\nEl tema fue compuesto por Michael Masser y Linda Creed. La canci\u00f3n fue grabada originalmente (como &#8220;The Greatest Love of All&#8221;) por George Benson para la pel\u00edcula de 1977 Muhammad Ali film The Greatest. La grabaci\u00f3n original fue un \u00e9xito menor para Benson, aunque no entr\u00f3 a los Top 20.<\/p>\n<p>La versi\u00f3n original del \u00e1lbum presenta una introducci\u00f3n en piano, mientras que la versi\u00f3n del sencillo presenta una introducci\u00f3n en teclado. Despu\u00e9s de que el sencillo se convirtiera en un \u00e9xito, la versi\u00f3n en teclado reemplaz\u00f3 a la versi\u00f3n en piano en las copias futuras del \u00e1lbum.<\/p>\n<p>&nbsp;<\/p>","protected":false},"excerpt":{"rendered":"<div class=\"wp-playlist wp-audio-playlist wp-playlist-light\">\n<div class=\"wp-playlist-current-item\"><\/div>\n<p>\t\t<audio controls=\"controls\" preload=\"none\" width=\"1378\"\n\t\t\t><\/audio><\/p>\n<div class=\"wp-playlist-next\"><\/div>\n<div class=\"wp-playlist-prev\"><\/div>\n<p>\t<noscript><\/p>\n<ol>\n<li><a href='https:\/\/backingtracksmusic.com\/wp-content\/uploads\/2022\/01\/As-times-goes-by-casablanca-Eb-play-reference-trumpet-mute-DEMO.mp3'>As times goes by (casablanca) Eb play + reference trumpet mute DEMO<\/a><\/li>\n<li><a href='https:\/\/backingtracksmusic.com\/wp-content\/uploads\/2022\/01\/As-times-goes-by-casablanca-Eb-play-DEMO.mp3'>As times goes by (casablanca) Eb play DEMO<\/a><\/li>\n<\/ol>\n<p>\t<\/noscript><br \/>\n\t<script type=\"application\/json\" class=\"wp-playlist-script\">{\"type\":\"audio\",\"tracklist\":true,\"tracknumbers\":true,\"images\":false,\"artists\":false,\"tracks\":[{\"src\":\"https:\/\/backingtracksmusic.com\/wp-content\/uploads\/2022\/01\/As-times-goes-by-casablanca-Eb-play-reference-trumpet-mute-DEMO.mp3\",\"type\":\"audio\/mpeg\",\"title\":\"As times goes by (casablanca) Eb play + reference trumpet mute DEMO\",\"caption\":\"\",\"description\":\"\\\"As times goes by (casablanca) Eb play + reference trumpet mute DEMO\\\". G\\u00e9nero: Other.\",\"meta\":{\"genre\":\"Other\",\"length_formatted\":\"1:34\"},\"image\":{\"src\":\"https:\/\/backingtracksmusic.com\/wp-includes\/images\/media\/audio.svg\",\"width\":48,\"height\":64},\"thumb\":{\"src\":\"https:\/\/backingtracksmusic.com\/wp-includes\/images\/media\/audio.svg\",\"width\":48,\"height\":64}},{\"src\":\"https:\/\/backingtracksmusic.com\/wp-content\/uploads\/2022\/01\/As-times-goes-by-casablanca-Eb-play-DEMO.mp3\",\"type\":\"audio\/mpeg\",\"title\":\"As times goes by (casablanca) Eb play DEMO\",\"caption\":\"\",\"description\":\"\\\"As times goes by (casablanca) Eb play DEMO\\\". G\\u00e9nero: Other.\",\"meta\":{\"genre\":\"Other\",\"length_formatted\":\"1:26\"},\"image\":{\"src\":\"https:\/\/backingtracksmusic.com\/wp-includes\/images\/media\/audio.svg\",\"width\":48,\"height\":64},\"thumb\":{\"src\":\"https:\/\/backingtracksmusic.com\/wp-includes\/images\/media\/audio.svg\",\"width\":48,\"height\":64}}]}<\/script>\n<\/div>","protected":false},"featured_media":4725,"template":"","meta":{"_acf_changed":false},"product_brand":[],"product_cat":[97],"product_tag":[300,301],"class_list":{"0":"post-4724","1":"product","2":"type-product","3":"status-publish","4":"has-post-thumbnail","6":"product_cat-13-love-songs","7":"product_tag-linda-creed","8":"product_tag-michael-masser","10":"first","11":"instock","12":"virtual","13":"purchasable","14":"product-type-simple"},"acf":[],"_links":{"self":[{"href":"https:\/\/backingtracksmusic.com\/pt\/wp-json\/wp\/v2\/product\/4724","targetHints":{"allow":["GET"]}}],"collection":[{"href":"https:\/\/backingtracksmusic.com\/pt\/wp-json\/wp\/v2\/product"}],"about":[{"href":"https:\/\/backingtracksmusic.com\/pt\/wp-json\/wp\/v2\/types\/product"}],"wp:featuredmedia":[{"embeddable":true,"href":"https:\/\/backingtracksmusic.com\/pt\/wp-json\/wp\/v2\/media\/4725"}],"wp:attachment":[{"href":"https:\/\/backingtracksmusic.com\/pt\/wp-json\/wp\/v2\/media?parent=4724"}],"wp:term":[{"taxonomy":"product_brand","embeddable":true,"href":"https:\/\/backingtracksmusic.com\/pt\/wp-json\/wp\/v2\/product_brand?post=4724"},{"taxonomy":"product_cat","embeddable":true,"href":"https:\/\/backingtracksmusic.com\/pt\/wp-json\/wp\/v2\/product_cat?post=4724"},{"taxonomy":"product_tag","embeddable":true,"href":"https:\/\/backingtracksmusic.com\/pt\/wp-json\/wp\/v2\/product_tag?post=4724"}],"curies":[{"name":"wp","href":"https:\/\/api.w.org\/{rel}","templated":true}]}}