{"id":4712,"date":"2022-01-15T16:54:56","date_gmt":"2022-01-15T19:54:56","guid":{"rendered":"https:\/\/backingtracksmusic.com\/?post_type=product&#038;p=4712"},"modified":"2022-03-22T09:46:41","modified_gmt":"2022-03-22T12:46:41","slug":"harry-potter-hedwigs-theme","status":"publish","type":"product","link":"https:\/\/backingtracksmusic.com\/pt\/produto\/harry-potter-hedwigs-theme\/","title":{"rendered":"Harry Potter Hedwig&#8217;s Theme"},"content":{"rendered":"<p>Informacion:<\/p>\n<p>Hedwig&#8217;s Theme (Tema de Hedwig)<br \/>\nLa m\u00fasica de las pel\u00edculas de Harry Potter fue grabada y publicada en conjunto con la venta al p\u00fablico de las ocho pel\u00edculas correspondientes.<br \/>\nel compositor John Williams.<\/p>\n<p>&nbsp;<\/p>","protected":false},"excerpt":{"rendered":"<div class=\"wp-playlist wp-audio-playlist wp-playlist-light\">\n<div class=\"wp-playlist-current-item\"><\/div>\n<p>\t\t<audio controls=\"controls\" preload=\"none\" width=\"1378\"\n\t\t\t><\/audio><\/p>\n<div class=\"wp-playlist-next\"><\/div>\n<div class=\"wp-playlist-prev\"><\/div>\n<p>\t<noscript><\/p>\n<ol>\n<li><a href='https:\/\/backingtracksmusic.com\/wp-content\/uploads\/2022\/01\/Harry-Potter-Hedwigs-Theme-PLAY-reference-demo.mp3'>Harry Potter Hedwig&#8217;s Theme PLAY + reference demo<\/a><\/li>\n<li><a href='https:\/\/backingtracksmusic.com\/wp-content\/uploads\/2022\/01\/Harry-Potter-Hedwigs-Theme-PLAY-demo.mp3'>Harry Potter Hedwig&#8217;s Theme PLAY demo<\/a><\/li>\n<\/ol>\n<p>\t<\/noscript><br \/>\n\t<script type=\"application\/json\" class=\"wp-playlist-script\">{\"type\":\"audio\",\"tracklist\":true,\"tracknumbers\":true,\"images\":false,\"artists\":false,\"tracks\":[{\"src\":\"https:\/\/backingtracksmusic.com\/wp-content\/uploads\/2022\/01\/Harry-Potter-Hedwigs-Theme-PLAY-reference-demo.mp3\",\"type\":\"audio\/mpeg\",\"title\":\"Harry Potter Hedwig's Theme PLAY + reference demo\",\"caption\":\"\",\"description\":\"\\\"Harry Potter Hedwig's Theme PLAY + reference demo\\\". G\\u00e9nero: Other.\",\"meta\":{\"genre\":\"Other\",\"length_formatted\":\"1:11\"},\"image\":{\"src\":\"https:\/\/backingtracksmusic.com\/wp-includes\/images\/media\/audio.svg\",\"width\":48,\"height\":64},\"thumb\":{\"src\":\"https:\/\/backingtracksmusic.com\/wp-includes\/images\/media\/audio.svg\",\"width\":48,\"height\":64}},{\"src\":\"https:\/\/backingtracksmusic.com\/wp-content\/uploads\/2022\/01\/Harry-Potter-Hedwigs-Theme-PLAY-demo.mp3\",\"type\":\"audio\/mpeg\",\"title\":\"Harry Potter Hedwig's Theme PLAY demo\",\"caption\":\"\",\"description\":\"\\\"Harry Potter Hedwig's Theme PLAY demo\\\". G\\u00e9nero: Other.\",\"meta\":{\"genre\":\"Other\",\"length_formatted\":\"1:02\"},\"image\":{\"src\":\"https:\/\/backingtracksmusic.com\/wp-includes\/images\/media\/audio.svg\",\"width\":48,\"height\":64},\"thumb\":{\"src\":\"https:\/\/backingtracksmusic.com\/wp-includes\/images\/media\/audio.svg\",\"width\":48,\"height\":64}}]}<\/script>\n<\/div>","protected":false},"featured_media":4713,"template":"","meta":{"_acf_changed":false},"product_brand":[],"product_cat":[103],"product_tag":[260],"class_list":{"0":"post-4712","1":"product","2":"type-product","3":"status-publish","4":"has-post-thumbnail","6":"product_cat-10-tv-movies","7":"product_tag-john-williams","9":"first","10":"instock","11":"virtual","12":"purchasable","13":"product-type-simple"},"acf":[],"_links":{"self":[{"href":"https:\/\/backingtracksmusic.com\/pt\/wp-json\/wp\/v2\/product\/4712","targetHints":{"allow":["GET"]}}],"collection":[{"href":"https:\/\/backingtracksmusic.com\/pt\/wp-json\/wp\/v2\/product"}],"about":[{"href":"https:\/\/backingtracksmusic.com\/pt\/wp-json\/wp\/v2\/types\/product"}],"wp:featuredmedia":[{"embeddable":true,"href":"https:\/\/backingtracksmusic.com\/pt\/wp-json\/wp\/v2\/media\/4713"}],"wp:attachment":[{"href":"https:\/\/backingtracksmusic.com\/pt\/wp-json\/wp\/v2\/media?parent=4712"}],"wp:term":[{"taxonomy":"product_brand","embeddable":true,"href":"https:\/\/backingtracksmusic.com\/pt\/wp-json\/wp\/v2\/product_brand?post=4712"},{"taxonomy":"product_cat","embeddable":true,"href":"https:\/\/backingtracksmusic.com\/pt\/wp-json\/wp\/v2\/product_cat?post=4712"},{"taxonomy":"product_tag","embeddable":true,"href":"https:\/\/backingtracksmusic.com\/pt\/wp-json\/wp\/v2\/product_tag?post=4712"}],"curies":[{"name":"wp","href":"https:\/\/api.w.org\/{rel}","templated":true}]}}