{"id":4696,"date":"2022-01-10T15:14:45","date_gmt":"2022-01-10T18:14:45","guid":{"rendered":"https:\/\/backingtracksmusic.com\/?post_type=product&#038;p=4696"},"modified":"2022-03-22T09:46:49","modified_gmt":"2022-03-22T12:46:49","slug":"la-mascara-del-zorro","status":"publish","type":"product","link":"https:\/\/backingtracksmusic.com\/pt\/produto\/la-mascara-del-zorro\/","title":{"rendered":"La mascara del Zorro"},"content":{"rendered":"<p>Informacion:<\/p>\n<p>La m\u00e1scara del Zorro es una pel\u00edcula estadounidense del a\u00f1o 1998, basada en el personaje conocido como El Zorro, creado por Johnston McCulley. Fue dirigida por Martin Campbell y protagonizada por Antonio Banderas, Catherine Zeta-Jones, Anthony Hopkins y Stuart Wilson.<br \/>\nJames Horner fue contratado para componer la banda sonora en septiembre de 1997.<\/p>\n<p>&nbsp;<\/p>","protected":false},"excerpt":{"rendered":"<div class=\"wp-playlist wp-audio-playlist wp-playlist-light\">\n<div class=\"wp-playlist-current-item\"><\/div>\n<p>\t\t<audio controls=\"controls\" preload=\"none\" width=\"1378\"\n\t\t\t><\/audio><\/p>\n<div class=\"wp-playlist-next\"><\/div>\n<div class=\"wp-playlist-prev\"><\/div>\n<p>\t<noscript><\/p>\n<ol>\n<li><a href='https:\/\/backingtracksmusic.com\/wp-content\/uploads\/2022\/01\/Zorros-Theme-From-The-Mask-of-Zorro-play-DEMO.mp3'>Zorros Theme From The Mask of Zorro play DEMO<\/a><\/li>\n<li><a href='https:\/\/backingtracksmusic.com\/wp-content\/uploads\/2022\/01\/Zorros-Theme-From-The-Mask-of-Zorro-play-reference-DEMO.mp3'>Zorros Theme From The Mask of Zorro play + reference DEMO<\/a><\/li>\n<\/ol>\n<p>\t<\/noscript><br \/>\n\t<script type=\"application\/json\" class=\"wp-playlist-script\">{\"type\":\"audio\",\"tracklist\":true,\"tracknumbers\":true,\"images\":false,\"artists\":false,\"tracks\":[{\"src\":\"https:\/\/backingtracksmusic.com\/wp-content\/uploads\/2022\/01\/Zorros-Theme-From-The-Mask-of-Zorro-play-DEMO.mp3\",\"type\":\"audio\/mpeg\",\"title\":\"Zorros Theme From The Mask of Zorro play DEMO\",\"caption\":\"\",\"description\":\"\\\"Zorros Theme From The Mask of Zorro play DEMO\\\". G\\u00e9nero: Other.\",\"meta\":{\"genre\":\"Other\",\"length_formatted\":\"1:36\"},\"image\":{\"src\":\"https:\/\/backingtracksmusic.com\/wp-includes\/images\/media\/audio.svg\",\"width\":48,\"height\":64},\"thumb\":{\"src\":\"https:\/\/backingtracksmusic.com\/wp-includes\/images\/media\/audio.svg\",\"width\":48,\"height\":64}},{\"src\":\"https:\/\/backingtracksmusic.com\/wp-content\/uploads\/2022\/01\/Zorros-Theme-From-The-Mask-of-Zorro-play-reference-DEMO.mp3\",\"type\":\"audio\/mpeg\",\"title\":\"Zorros Theme From The Mask of Zorro play + reference DEMO\",\"caption\":\"\",\"description\":\"\\\"Zorros Theme From The Mask of Zorro play + reference DEMO\\\". G\\u00e9nero: Other.\",\"meta\":{\"genre\":\"Other\",\"length_formatted\":\"1:20\"},\"image\":{\"src\":\"https:\/\/backingtracksmusic.com\/wp-includes\/images\/media\/audio.svg\",\"width\":48,\"height\":64},\"thumb\":{\"src\":\"https:\/\/backingtracksmusic.com\/wp-includes\/images\/media\/audio.svg\",\"width\":48,\"height\":64}}]}<\/script>\n<\/div>","protected":false},"featured_media":4697,"template":"","meta":{"_acf_changed":false},"product_brand":[],"product_cat":[103],"product_tag":[263],"class_list":{"0":"post-4696","1":"product","2":"type-product","3":"status-publish","4":"has-post-thumbnail","6":"product_cat-10-tv-movies","7":"product_tag-james-horner","9":"first","10":"instock","11":"virtual","12":"purchasable","13":"product-type-simple"},"acf":[],"_links":{"self":[{"href":"https:\/\/backingtracksmusic.com\/pt\/wp-json\/wp\/v2\/product\/4696","targetHints":{"allow":["GET"]}}],"collection":[{"href":"https:\/\/backingtracksmusic.com\/pt\/wp-json\/wp\/v2\/product"}],"about":[{"href":"https:\/\/backingtracksmusic.com\/pt\/wp-json\/wp\/v2\/types\/product"}],"wp:featuredmedia":[{"embeddable":true,"href":"https:\/\/backingtracksmusic.com\/pt\/wp-json\/wp\/v2\/media\/4697"}],"wp:attachment":[{"href":"https:\/\/backingtracksmusic.com\/pt\/wp-json\/wp\/v2\/media?parent=4696"}],"wp:term":[{"taxonomy":"product_brand","embeddable":true,"href":"https:\/\/backingtracksmusic.com\/pt\/wp-json\/wp\/v2\/product_brand?post=4696"},{"taxonomy":"product_cat","embeddable":true,"href":"https:\/\/backingtracksmusic.com\/pt\/wp-json\/wp\/v2\/product_cat?post=4696"},{"taxonomy":"product_tag","embeddable":true,"href":"https:\/\/backingtracksmusic.com\/pt\/wp-json\/wp\/v2\/product_tag?post=4696"}],"curies":[{"name":"wp","href":"https:\/\/api.w.org\/{rel}","templated":true}]}}