{"id":4426,"date":"2021-12-30T13:53:02","date_gmt":"2021-12-30T16:53:02","guid":{"rendered":"https:\/\/backingtracksmusic.com\/?post_type=product&#038;p=4426"},"modified":"2022-03-22T09:47:17","modified_gmt":"2022-03-22T12:47:17","slug":"legend-of-1900","status":"publish","type":"product","link":"https:\/\/backingtracksmusic.com\/pt\/produto\/legend-of-1900\/","title":{"rendered":"Legend of 1900"},"content":{"rendered":"<h3>Informa\u00e7\u00f5es:<\/h3>\n<p><i><b>La leyenda de 1900<\/b>\u00a0<\/i>es la\u00a0<a class=\"mw-redirect\" title=\"Film soundtrack\" href=\"https:\/\/en.wikipedia.org\/wiki\/Film_soundtrack\">banda sonora<\/a>\u00a0<a title=\"The Legend of 1900\" href=\"https:\/\/en.wikipedia.org\/wiki\/The_Legend_of_1900\">de la pel\u00edcula del mismo nombre<\/a>\u00a0<a title=\"Italian language\" href=\"https:\/\/en.wikipedia.org\/wiki\/Italian_language\">(en italiano:<\/a>\u00a0<i lang=\"it\"><b>La leggenda del pianista sull&#8217;oceano,<\/b><\/i>La leyenda del pianista en el oc\u00e9ano).<\/p>\n<p><span>Se han lanzado dos versiones del \u00e1lbum: una versi\u00f3n original con 29 pistas, y otra versi\u00f3n con 21 para el mercado estadounidense.\u00a0<\/span><\/p>\n<p>&nbsp;<\/p>","protected":false},"excerpt":{"rendered":"<h3>Demo:<\/h3>\n<div class=\"wp-playlist wp-audio-playlist wp-playlist-light\">\n<div class=\"wp-playlist-current-item\"><\/div>\n<p>\t\t<audio controls=\"controls\" preload=\"none\" width=\"1378\"\n\t\t\t><\/audio><\/p>\n<div class=\"wp-playlist-next\"><\/div>\n<div class=\"wp-playlist-prev\"><\/div>\n<p>\t<noscript><\/p>\n<ol>\n<li><a href='https:\/\/backingtracksmusic.com\/wp-content\/uploads\/2021\/12\/Legend-of-1900-play-DEMO.mp3'>Legend of 1900 play DEMO<\/a><\/li>\n<li><a href='https:\/\/backingtracksmusic.com\/wp-content\/uploads\/2021\/12\/Legend-of-1900-play-referencia-cello-DEMO.mp3'>Legend of 1900 play + referencia cello DEMO<\/a><\/li>\n<\/ol>\n<p>\t<\/noscript><br \/>\n\t<script type=\"application\/json\" class=\"wp-playlist-script\">{\"type\":\"audio\",\"tracklist\":true,\"tracknumbers\":true,\"images\":false,\"artists\":false,\"tracks\":[{\"src\":\"https:\/\/backingtracksmusic.com\/wp-content\/uploads\/2021\/12\/Legend-of-1900-play-DEMO.mp3\",\"type\":\"audio\/mpeg\",\"title\":\"Legend of 1900 play DEMO\",\"caption\":\"\",\"description\":\"\\\"Legend of 1900 play DEMO\\\". G\\u00e9nero: Otro.\",\"meta\":{\"genre\":\"Otro\",\"length_formatted\":\"1:37\"},\"image\":{\"src\":\"https:\/\/backingtracksmusic.com\/wp-includes\/images\/media\/audio.svg\",\"width\":48,\"height\":64},\"thumb\":{\"src\":\"https:\/\/backingtracksmusic.com\/wp-includes\/images\/media\/audio.svg\",\"width\":48,\"height\":64}},{\"src\":\"https:\/\/backingtracksmusic.com\/wp-content\/uploads\/2021\/12\/Legend-of-1900-play-referencia-cello-DEMO.mp3\",\"type\":\"audio\/mpeg\",\"title\":\"Legend of 1900 play + referencia cello DEMO\",\"caption\":\"\",\"description\":\"\\\"Legend of 1900 play + referencia cello DEMO\\\". G\\u00e9nero: Otro.\",\"meta\":{\"genre\":\"Otro\",\"length_formatted\":\"1:54\"},\"image\":{\"src\":\"https:\/\/backingtracksmusic.com\/wp-includes\/images\/media\/audio.svg\",\"width\":48,\"height\":64},\"thumb\":{\"src\":\"https:\/\/backingtracksmusic.com\/wp-includes\/images\/media\/audio.svg\",\"width\":48,\"height\":64}}]}<\/script>\n<\/div>","protected":false},"featured_media":4427,"template":"","meta":{"_acf_changed":false},"product_brand":[],"product_cat":[103],"product_tag":[254],"class_list":{"0":"post-4426","1":"product","2":"type-product","3":"status-publish","4":"has-post-thumbnail","6":"product_cat-10-tv-movies","7":"product_tag-ennio-morricone","9":"first","10":"instock","11":"virtual","12":"purchasable","13":"product-type-simple"},"acf":[],"_links":{"self":[{"href":"https:\/\/backingtracksmusic.com\/pt\/wp-json\/wp\/v2\/product\/4426","targetHints":{"allow":["GET"]}}],"collection":[{"href":"https:\/\/backingtracksmusic.com\/pt\/wp-json\/wp\/v2\/product"}],"about":[{"href":"https:\/\/backingtracksmusic.com\/pt\/wp-json\/wp\/v2\/types\/product"}],"wp:featuredmedia":[{"embeddable":true,"href":"https:\/\/backingtracksmusic.com\/pt\/wp-json\/wp\/v2\/media\/4427"}],"wp:attachment":[{"href":"https:\/\/backingtracksmusic.com\/pt\/wp-json\/wp\/v2\/media?parent=4426"}],"wp:term":[{"taxonomy":"product_brand","embeddable":true,"href":"https:\/\/backingtracksmusic.com\/pt\/wp-json\/wp\/v2\/product_brand?post=4426"},{"taxonomy":"product_cat","embeddable":true,"href":"https:\/\/backingtracksmusic.com\/pt\/wp-json\/wp\/v2\/product_cat?post=4426"},{"taxonomy":"product_tag","embeddable":true,"href":"https:\/\/backingtracksmusic.com\/pt\/wp-json\/wp\/v2\/product_tag?post=4426"}],"curies":[{"name":"wp","href":"https:\/\/api.w.org\/{rel}","templated":true}]}}