{"id":4420,"date":"2021-12-30T13:18:52","date_gmt":"2021-12-30T16:18:52","guid":{"rendered":"https:\/\/backingtracksmusic.com\/?post_type=product&#038;p=4420"},"modified":"2022-03-22T09:47:25","modified_gmt":"2022-03-22T12:47:25","slug":"la-vita-e-bella","status":"publish","type":"product","link":"https:\/\/backingtracksmusic.com\/pt\/produto\/la-vita-e-bella\/","title":{"rendered":"La Vita e Bella"},"content":{"rendered":"<h3>Informa\u00e7\u00f5es:<\/h3>\n<p><i><b>La vida es bella<\/b><\/i>\u00a0(<i>La vita \u00e8 bella<\/i>\u00a0en\u00a0<a title=\"Idioma italiano\" href=\"https:\/\/es.wikipedia.org\/wiki\/Idioma_italiano\">italiano<\/a>) es una pel\u00edcula italiana\u00a0<a class=\"mw-redirect\" title=\"Cine dram\u00e1tico\" href=\"https:\/\/es.wikipedia.org\/wiki\/Cine_dram%C3%A1tico\">dram\u00e1tica<\/a>\u00a0de\u00a0<a title=\"1997\" href=\"https:\/\/es.wikipedia.org\/wiki\/1997\">1997<\/a>, escrita, dirigida y protagonizada por\u00a0<a title=\"Roberto Benigni\" href=\"https:\/\/es.wikipedia.org\/wiki\/Roberto_Benigni\">Roberto Benigni<\/a>.<\/p>\n<p>La pel\u00edcula fue un \u00e9xito comercial y de cr\u00edtica a nivel internacional, siendo galardonada con varios\u00a0<a title=\"Anexo:Premios y nominaciones de La vida es bella\" href=\"https:\/\/es.wikipedia.org\/wiki\/Anexo:Premios_y_nominaciones_de_La_vida_es_bella\">premios internacionales<\/a>, destacando el\u00a0<a title=\"Gran Premio del Jurado (Festival de Cannes)\" href=\"https:\/\/es.wikipedia.org\/wiki\/Gran_Premio_del_Jurado_(Festival_de_Cannes)\">Gran Premio del Jurado<\/a>\u00a0del\u00a0<a title=\"Festival de Cannes\" href=\"https:\/\/es.wikipedia.org\/wiki\/Festival_de_Cannes\">Festival de Cannes<\/a><\/p>\n<p>&nbsp;<\/p>","protected":false},"excerpt":{"rendered":"<h3>Demo:<\/h3>\n<div class=\"wp-playlist wp-audio-playlist wp-playlist-light\">\n<div class=\"wp-playlist-current-item\"><\/div>\n<p>\t\t<audio controls=\"controls\" preload=\"none\" width=\"1378\"\n\t\t\t><\/audio><\/p>\n<div class=\"wp-playlist-next\"><\/div>\n<div class=\"wp-playlist-prev\"><\/div>\n<p>\t<noscript><\/p>\n<ol>\n<li><a href='https:\/\/backingtracksmusic.com\/wp-content\/uploads\/2021\/12\/La-Vita-e-Bella-play-referencia-DEMO.mp3'>La Vita e Bella play + referencia DEMO<\/a><\/li>\n<li><a href='https:\/\/backingtracksmusic.com\/wp-content\/uploads\/2021\/12\/La-Vita-e-Bella-play-DEMO.mp3'>La Vita e Bella play DEMO<\/a><\/li>\n<\/ol>\n<p>\t<\/noscript><br \/>\n\t<script type=\"application\/json\" class=\"wp-playlist-script\">{\"type\":\"audio\",\"tracklist\":true,\"tracknumbers\":true,\"images\":false,\"artists\":false,\"tracks\":[{\"src\":\"https:\/\/backingtracksmusic.com\/wp-content\/uploads\/2021\/12\/La-Vita-e-Bella-play-referencia-DEMO.mp3\",\"type\":\"audio\/mpeg\",\"title\":\"La Vita e Bella play + referencia DEMO\",\"caption\":\"\",\"description\":\"\\\"La Vita e Bella play + referencia DEMO\\\". G\\u00e9nero: Otro.\",\"meta\":{\"genre\":\"Otro\",\"length_formatted\":\"1:11\"},\"image\":{\"src\":\"https:\/\/backingtracksmusic.com\/wp-includes\/images\/media\/audio.svg\",\"width\":48,\"height\":64},\"thumb\":{\"src\":\"https:\/\/backingtracksmusic.com\/wp-includes\/images\/media\/audio.svg\",\"width\":48,\"height\":64}},{\"src\":\"https:\/\/backingtracksmusic.com\/wp-content\/uploads\/2021\/12\/La-Vita-e-Bella-play-DEMO.mp3\",\"type\":\"audio\/mpeg\",\"title\":\"La Vita e Bella play DEMO\",\"caption\":\"\",\"description\":\"\\\"La Vita e Bella play DEMO\\\". G\\u00e9nero: Otro.\",\"meta\":{\"genre\":\"Otro\",\"length_formatted\":\"1:32\"},\"image\":{\"src\":\"https:\/\/backingtracksmusic.com\/wp-includes\/images\/media\/audio.svg\",\"width\":48,\"height\":64},\"thumb\":{\"src\":\"https:\/\/backingtracksmusic.com\/wp-includes\/images\/media\/audio.svg\",\"width\":48,\"height\":64}}]}<\/script>\n<\/div>","protected":false},"featured_media":4421,"template":"","meta":{"_acf_changed":false},"product_brand":[],"product_cat":[103],"product_tag":[253],"class_list":{"0":"post-4420","1":"product","2":"type-product","3":"status-publish","4":"has-post-thumbnail","6":"product_cat-10-tv-movies","7":"product_tag-nicola-piovani","9":"first","10":"instock","11":"virtual","12":"purchasable","13":"product-type-simple"},"acf":[],"_links":{"self":[{"href":"https:\/\/backingtracksmusic.com\/pt\/wp-json\/wp\/v2\/product\/4420","targetHints":{"allow":["GET"]}}],"collection":[{"href":"https:\/\/backingtracksmusic.com\/pt\/wp-json\/wp\/v2\/product"}],"about":[{"href":"https:\/\/backingtracksmusic.com\/pt\/wp-json\/wp\/v2\/types\/product"}],"wp:featuredmedia":[{"embeddable":true,"href":"https:\/\/backingtracksmusic.com\/pt\/wp-json\/wp\/v2\/media\/4421"}],"wp:attachment":[{"href":"https:\/\/backingtracksmusic.com\/pt\/wp-json\/wp\/v2\/media?parent=4420"}],"wp:term":[{"taxonomy":"product_brand","embeddable":true,"href":"https:\/\/backingtracksmusic.com\/pt\/wp-json\/wp\/v2\/product_brand?post=4420"},{"taxonomy":"product_cat","embeddable":true,"href":"https:\/\/backingtracksmusic.com\/pt\/wp-json\/wp\/v2\/product_cat?post=4420"},{"taxonomy":"product_tag","embeddable":true,"href":"https:\/\/backingtracksmusic.com\/pt\/wp-json\/wp\/v2\/product_tag?post=4420"}],"curies":[{"name":"wp","href":"https:\/\/api.w.org\/{rel}","templated":true}]}}