{"id":4331,"date":"2021-12-29T19:57:29","date_gmt":"2021-12-29T22:57:29","guid":{"rendered":"https:\/\/backingtracksmusic.com\/?post_type=product&#038;p=4331"},"modified":"2022-03-22T09:48:02","modified_gmt":"2022-03-22T12:48:02","slug":"hallelujah-chorus-d-haendel","status":"publish","type":"product","link":"https:\/\/backingtracksmusic.com\/pt\/produto\/hallelujah-chorus-d-haendel\/","title":{"rendered":"Hallelujah Chorus D (Haendel)"},"content":{"rendered":"<h3>Informa\u00e7\u00f5es:<\/h3>\n<p>El logro culminante de H\u00e4ndel, mes\u00edas, no fue un \u00e9xito inmediato. En 1741, Handel estaba fuertemente endeudado despu\u00e9s de una serie de fracasos musicales. Parec\u00eda que su carrera hab\u00eda terminado e incluso podr\u00eda verse obligado a ir a la c\u00e1rcel de deudores. El 8 de abril de 1741, H\u00e4ndel dio lo que \u00e9l cre\u00eda que era su \u00faltimo concierto.<br \/>\nLa composici\u00f3n de Mes\u00edas,el oratorio completo de 260 p\u00e1ginas, comenz\u00f3 el 22 de agosto de 1741, y fue compuesta en solo 24 d\u00edas, cuando H\u00e4ndel termin\u00f3 la orquestaci\u00f3n final el 14 de septiembre de 1741.<\/p>","protected":false},"excerpt":{"rendered":"<h3>Demo:<\/h3>\n<div class=\"wp-playlist wp-audio-playlist wp-playlist-light\">\n<div class=\"wp-playlist-current-item\"><\/div>\n<p>\t\t<audio controls=\"controls\" preload=\"none\" width=\"1378\"\n\t\t\t><\/audio><\/p>\n<div class=\"wp-playlist-next\"><\/div>\n<div class=\"wp-playlist-prev\"><\/div>\n<p>\t<noscript><\/p>\n<ol>\n<li><a href='https:\/\/backingtracksmusic.com\/wp-content\/uploads\/2021\/12\/Hallelujah-Chorus-D-piano-play-DEMO-1.mp3'>Hallelujah Chorus D piano play DEMO<\/a><\/li>\n<li><a href='https:\/\/backingtracksmusic.com\/wp-content\/uploads\/2021\/12\/Hallelujah-Chorus-D-piano-play-flute-reference-DEMO-1.mp3'>Hallelujah Chorus D piano play + flute reference DEMO<\/a><\/li>\n<\/ol>\n<p>\t<\/noscript><br \/>\n\t<script type=\"application\/json\" class=\"wp-playlist-script\">{\"type\":\"audio\",\"tracklist\":true,\"tracknumbers\":true,\"images\":false,\"artists\":false,\"tracks\":[{\"src\":\"https:\/\/backingtracksmusic.com\/wp-content\/uploads\/2021\/12\/Hallelujah-Chorus-D-piano-play-DEMO-1.mp3\",\"type\":\"audio\/mpeg\",\"title\":\"Hallelujah Chorus D piano play DEMO\",\"caption\":\"\",\"description\":\"\\\"Hallelujah Chorus D piano play DEMO\\\". G\\u00e9nero: Otro.\",\"meta\":{\"genre\":\"Otro\",\"length_formatted\":\"1:14\"},\"image\":{\"src\":\"https:\/\/backingtracksmusic.com\/wp-includes\/images\/media\/audio.svg\",\"width\":48,\"height\":64},\"thumb\":{\"src\":\"https:\/\/backingtracksmusic.com\/wp-includes\/images\/media\/audio.svg\",\"width\":48,\"height\":64}},{\"src\":\"https:\/\/backingtracksmusic.com\/wp-content\/uploads\/2021\/12\/Hallelujah-Chorus-D-piano-play-flute-reference-DEMO-1.mp3\",\"type\":\"audio\/mpeg\",\"title\":\"Hallelujah Chorus D piano play + flute reference DEMO\",\"caption\":\"\",\"description\":\"\\\"Hallelujah Chorus D piano play + flute reference DEMO\\\". G\\u00e9nero: Otro.\",\"meta\":{\"genre\":\"Otro\",\"length_formatted\":\"1:33\"},\"image\":{\"src\":\"https:\/\/backingtracksmusic.com\/wp-includes\/images\/media\/audio.svg\",\"width\":48,\"height\":64},\"thumb\":{\"src\":\"https:\/\/backingtracksmusic.com\/wp-includes\/images\/media\/audio.svg\",\"width\":48,\"height\":64}}]}<\/script>\n<\/div>","protected":false},"featured_media":4334,"template":"","meta":{"_acf_changed":false},"product_brand":[],"product_cat":[89,98],"product_tag":[238],"class_list":{"0":"post-4331","1":"product","2":"type-product","3":"status-publish","4":"has-post-thumbnail","6":"product_cat-04-clasica","7":"product_cat-14-wedding","8":"product_tag-haendel","10":"first","11":"instock","12":"virtual","13":"purchasable","14":"product-type-simple"},"acf":[],"_links":{"self":[{"href":"https:\/\/backingtracksmusic.com\/pt\/wp-json\/wp\/v2\/product\/4331","targetHints":{"allow":["GET"]}}],"collection":[{"href":"https:\/\/backingtracksmusic.com\/pt\/wp-json\/wp\/v2\/product"}],"about":[{"href":"https:\/\/backingtracksmusic.com\/pt\/wp-json\/wp\/v2\/types\/product"}],"wp:featuredmedia":[{"embeddable":true,"href":"https:\/\/backingtracksmusic.com\/pt\/wp-json\/wp\/v2\/media\/4334"}],"wp:attachment":[{"href":"https:\/\/backingtracksmusic.com\/pt\/wp-json\/wp\/v2\/media?parent=4331"}],"wp:term":[{"taxonomy":"product_brand","embeddable":true,"href":"https:\/\/backingtracksmusic.com\/pt\/wp-json\/wp\/v2\/product_brand?post=4331"},{"taxonomy":"product_cat","embeddable":true,"href":"https:\/\/backingtracksmusic.com\/pt\/wp-json\/wp\/v2\/product_cat?post=4331"},{"taxonomy":"product_tag","embeddable":true,"href":"https:\/\/backingtracksmusic.com\/pt\/wp-json\/wp\/v2\/product_tag?post=4331"}],"curies":[{"name":"wp","href":"https:\/\/api.w.org\/{rel}","templated":true}]}}