{"id":4272,"date":"2021-12-29T19:15:14","date_gmt":"2021-12-29T22:15:14","guid":{"rendered":"https:\/\/backingtracksmusic.com\/?post_type=product&#038;p=4272"},"modified":"2022-03-22T09:48:24","modified_gmt":"2022-03-22T12:48:24","slug":"ave-maria-gounod","status":"publish","type":"product","link":"https:\/\/backingtracksmusic.com\/pt\/produto\/ave-maria-gounod\/","title":{"rendered":"Ave maria (Gounod)"},"content":{"rendered":"<h3>Informa\u00e7\u00f5es:<\/h3>\n<p>El\u00a0<b>Ave Mar\u00eda de Bach\/Gounod<\/b>\u00a0es una composici\u00f3n sobre el texto en lat\u00edn\u00a0<a title=\"Avemar\u00eda\" href=\"https:\/\/es.wikipedia.org\/wiki\/Avemar%C3%ADa\">Avemar\u00eda<\/a>\u00a0publicado originalmente en\u00a0<a title=\"1853\" href=\"https:\/\/es.wikipedia.org\/wiki\/1853\">1853<\/a>\u00a0con la\u00a0<i>M\u00e9ditation sur le Premier Pr\u00e9lude de Piano de S. Bach<\/i>. La pieza consiste en una melod\u00eda del compositor rom\u00e1ntico franc\u00e9s\u00a0<a title=\"Charles Gounod\" href=\"https:\/\/es.wikipedia.org\/wiki\/Charles_Gounod\">Charles Gounod<\/a>, especialmente dise\u00f1ada para ser superpuesta sobre el Preludio n.\u00ba 1 en do mayor, BWV 846, del Libro I de\u00a0<a title=\"Johann Sebastian Bach\" href=\"https:\/\/es.wikipedia.org\/wiki\/Johann_Sebastian_Bach\">J. S. Bach<\/a>,\u00a0<i><a title=\"El clave bien temperado\" href=\"https:\/\/es.wikipedia.org\/wiki\/El_clave_bien_temperado\">El clave bien temperado<\/a><\/i>, escrito 137 a\u00f1os antes.<\/p>","protected":false},"excerpt":{"rendered":"<h3>Demo:<\/h3>\n<div class=\"wp-playlist wp-audio-playlist wp-playlist-light\">\n<div class=\"wp-playlist-current-item\"><\/div>\n<p>\t\t<audio controls=\"controls\" preload=\"none\" width=\"1378\"\n\t\t\t><\/audio><\/p>\n<div class=\"wp-playlist-next\"><\/div>\n<div class=\"wp-playlist-prev\"><\/div>\n<p>\t<noscript><\/p>\n<ol>\n<li><a href='https:\/\/backingtracksmusic.com\/wp-content\/uploads\/2021\/12\/Ave-maria-goudnov-con-violin-DEMO.mp3'>Ave maria goudnov con violin DEMO<\/a><\/li>\n<li><a href='https:\/\/backingtracksmusic.com\/wp-content\/uploads\/2021\/12\/ave-maria-goudnov-piano-DEMO.mp3'>ave maria goudnov piano DEMO<\/a><\/li>\n<\/ol>\n<p>\t<\/noscript><br \/>\n\t<script type=\"application\/json\" class=\"wp-playlist-script\">{\"type\":\"audio\",\"tracklist\":true,\"tracknumbers\":true,\"images\":false,\"artists\":false,\"tracks\":[{\"src\":\"https:\/\/backingtracksmusic.com\/wp-content\/uploads\/2021\/12\/Ave-maria-goudnov-con-violin-DEMO.mp3\",\"type\":\"audio\/mpeg\",\"title\":\"Ave maria goudnov con violin DEMO\",\"caption\":\"\",\"description\":\"\\\"Ave maria goudnov con violin DEMO\\\". G\\u00e9nero: Otro.\",\"meta\":{\"genre\":\"Otro\",\"length_formatted\":\"1:26\"},\"image\":{\"src\":\"https:\/\/backingtracksmusic.com\/wp-includes\/images\/media\/audio.svg\",\"width\":48,\"height\":64},\"thumb\":{\"src\":\"https:\/\/backingtracksmusic.com\/wp-includes\/images\/media\/audio.svg\",\"width\":48,\"height\":64}},{\"src\":\"https:\/\/backingtracksmusic.com\/wp-content\/uploads\/2021\/12\/ave-maria-goudnov-piano-DEMO.mp3\",\"type\":\"audio\/mpeg\",\"title\":\"ave maria goudnov piano DEMO\",\"caption\":\"\",\"description\":\"\\\"ave maria goudnov piano DEMO\\\". G\\u00e9nero: Otro.\",\"meta\":{\"genre\":\"Otro\",\"length_formatted\":\"1:24\"},\"image\":{\"src\":\"https:\/\/backingtracksmusic.com\/wp-includes\/images\/media\/audio.svg\",\"width\":48,\"height\":64},\"thumb\":{\"src\":\"https:\/\/backingtracksmusic.com\/wp-includes\/images\/media\/audio.svg\",\"width\":48,\"height\":64}}]}<\/script>\n<\/div>","protected":false},"featured_media":4273,"template":"","meta":{"_acf_changed":false},"product_brand":[],"product_cat":[89,98],"product_tag":[230,229],"class_list":{"0":"post-4272","1":"product","2":"type-product","3":"status-publish","4":"has-post-thumbnail","6":"product_cat-04-clasica","7":"product_cat-14-wedding","8":"product_tag-gounod","9":"product_tag-j-s-bach","11":"first","12":"instock","13":"virtual","14":"purchasable","15":"product-type-simple"},"acf":[],"_links":{"self":[{"href":"https:\/\/backingtracksmusic.com\/pt\/wp-json\/wp\/v2\/product\/4272","targetHints":{"allow":["GET"]}}],"collection":[{"href":"https:\/\/backingtracksmusic.com\/pt\/wp-json\/wp\/v2\/product"}],"about":[{"href":"https:\/\/backingtracksmusic.com\/pt\/wp-json\/wp\/v2\/types\/product"}],"wp:featuredmedia":[{"embeddable":true,"href":"https:\/\/backingtracksmusic.com\/pt\/wp-json\/wp\/v2\/media\/4273"}],"wp:attachment":[{"href":"https:\/\/backingtracksmusic.com\/pt\/wp-json\/wp\/v2\/media?parent=4272"}],"wp:term":[{"taxonomy":"product_brand","embeddable":true,"href":"https:\/\/backingtracksmusic.com\/pt\/wp-json\/wp\/v2\/product_brand?post=4272"},{"taxonomy":"product_cat","embeddable":true,"href":"https:\/\/backingtracksmusic.com\/pt\/wp-json\/wp\/v2\/product_cat?post=4272"},{"taxonomy":"product_tag","embeddable":true,"href":"https:\/\/backingtracksmusic.com\/pt\/wp-json\/wp\/v2\/product_tag?post=4272"}],"curies":[{"name":"wp","href":"https:\/\/api.w.org\/{rel}","templated":true}]}}