{"id":4118,"date":"2021-12-28T19:45:16","date_gmt":"2021-12-28T22:45:16","guid":{"rendered":"https:\/\/backingtracksmusic.com\/?post_type=product&#038;p=4118"},"modified":"2022-03-22T09:49:00","modified_gmt":"2022-03-22T12:49:00","slug":"hallelujah","status":"publish","type":"product","link":"https:\/\/backingtracksmusic.com\/pt\/produto\/hallelujah\/","title":{"rendered":"Hallelujah"},"content":{"rendered":"<h3>Informa\u00e7\u00f5es:<\/h3>\n<p><b>Hallelujah<\/b>\u00a0es una canci\u00f3n de\u00a0<a title=\"Leonard Cohen\" href=\"https:\/\/es.wikipedia.org\/wiki\/Leonard_Cohen\">Leonard Cohen<\/a>\u00a0publicada en su \u00e1lbum\u00a0<i><a title=\"Various Positions\" href=\"https:\/\/es.wikipedia.org\/wiki\/Various_Positions\">Various Positions<\/a><\/i>\u00a0en\u00a0<a title=\"1984\" href=\"https:\/\/es.wikipedia.org\/wiki\/1984\">1984<\/a>. Inicialmente, no obtuvo mayor reconocimiento. En 1991, fue versionada por el m\u00fasico gal\u00e9s\u00a0<a title=\"John Cale\" href=\"https:\/\/es.wikipedia.org\/wiki\/John_Cale\">John Cale<\/a>, y obtuvo una buena aceptaci\u00f3n. En 1994, el cantautor estadounidense\u00a0<a title=\"Jeff Buckley\" href=\"https:\/\/es.wikipedia.org\/wiki\/Jeff_Buckley\">Jeff Buckley<\/a>\u00a0grab\u00f3 la versi\u00f3n que result\u00f3 m\u00e1s aclamada, lo cual populariz\u00f3 la canci\u00f3n, y logr\u00f3 que desde ah\u00ed fuese versionada por numerosos artistas (m\u00e1s de ochenta versiones, hasta la fecha) a trav\u00e9s de conciertos y grabaciones<\/p>\n<p>&nbsp;<\/p>\n<p>&nbsp;<\/p>","protected":false},"excerpt":{"rendered":"<h3>Demo:<\/h3>\n<div class=\"wp-playlist wp-audio-playlist wp-playlist-light\">\n<div class=\"wp-playlist-current-item\"><\/div>\n<p>\t\t<audio controls=\"controls\" preload=\"none\" width=\"1378\"\n\t\t\t><\/audio><\/p>\n<div class=\"wp-playlist-next\"><\/div>\n<div class=\"wp-playlist-prev\"><\/div>\n<p>\t<noscript><\/p>\n<ol>\n<li><a href='https:\/\/backingtracksmusic.com\/wp-content\/uploads\/2021\/12\/Halelujah-play-referencia-demo.mp3'>Halelujah play + referencia demo<\/a><\/li>\n<li><a href='https:\/\/backingtracksmusic.com\/wp-content\/uploads\/2021\/12\/Halelujah-play-demo.mp3'>Halelujah play demo<\/a><\/li>\n<\/ol>\n<p>\t<\/noscript><br \/>\n\t<script type=\"application\/json\" class=\"wp-playlist-script\">{\"type\":\"audio\",\"tracklist\":true,\"tracknumbers\":true,\"images\":false,\"artists\":false,\"tracks\":[{\"src\":\"https:\/\/backingtracksmusic.com\/wp-content\/uploads\/2021\/12\/Halelujah-play-referencia-demo.mp3\",\"type\":\"audio\/mpeg\",\"title\":\"Halelujah play + referencia demo\",\"caption\":\"\",\"description\":\"\\\"Halelujah play + referencia demo\\\". G\\u00e9nero: Otro.\",\"meta\":{\"genre\":\"Otro\",\"length_formatted\":\"1:30\"},\"image\":{\"src\":\"https:\/\/backingtracksmusic.com\/wp-includes\/images\/media\/audio.svg\",\"width\":48,\"height\":64},\"thumb\":{\"src\":\"https:\/\/backingtracksmusic.com\/wp-includes\/images\/media\/audio.svg\",\"width\":48,\"height\":64}},{\"src\":\"https:\/\/backingtracksmusic.com\/wp-content\/uploads\/2021\/12\/Halelujah-play-demo.mp3\",\"type\":\"audio\/mpeg\",\"title\":\"Halelujah play demo\",\"caption\":\"\",\"description\":\"\\\"Halelujah play demo\\\". G\\u00e9nero: Otro.\",\"meta\":{\"genre\":\"Otro\",\"length_formatted\":\"1:23\"},\"image\":{\"src\":\"https:\/\/backingtracksmusic.com\/wp-includes\/images\/media\/audio.svg\",\"width\":48,\"height\":64},\"thumb\":{\"src\":\"https:\/\/backingtracksmusic.com\/wp-includes\/images\/media\/audio.svg\",\"width\":48,\"height\":64}}]}<\/script>\n<\/div>","protected":false},"featured_media":4119,"template":"","meta":{"_acf_changed":false},"product_brand":[],"product_cat":[97,99],"product_tag":[209],"class_list":{"0":"post-4118","1":"product","2":"type-product","3":"status-publish","4":"has-post-thumbnail","6":"product_cat-13-love-songs","7":"product_cat-15-oldes","8":"product_tag-leonard-cohen","10":"first","11":"instock","12":"virtual","13":"purchasable","14":"product-type-simple"},"acf":[],"_links":{"self":[{"href":"https:\/\/backingtracksmusic.com\/pt\/wp-json\/wp\/v2\/product\/4118","targetHints":{"allow":["GET"]}}],"collection":[{"href":"https:\/\/backingtracksmusic.com\/pt\/wp-json\/wp\/v2\/product"}],"about":[{"href":"https:\/\/backingtracksmusic.com\/pt\/wp-json\/wp\/v2\/types\/product"}],"wp:featuredmedia":[{"embeddable":true,"href":"https:\/\/backingtracksmusic.com\/pt\/wp-json\/wp\/v2\/media\/4119"}],"wp:attachment":[{"href":"https:\/\/backingtracksmusic.com\/pt\/wp-json\/wp\/v2\/media?parent=4118"}],"wp:term":[{"taxonomy":"product_brand","embeddable":true,"href":"https:\/\/backingtracksmusic.com\/pt\/wp-json\/wp\/v2\/product_brand?post=4118"},{"taxonomy":"product_cat","embeddable":true,"href":"https:\/\/backingtracksmusic.com\/pt\/wp-json\/wp\/v2\/product_cat?post=4118"},{"taxonomy":"product_tag","embeddable":true,"href":"https:\/\/backingtracksmusic.com\/pt\/wp-json\/wp\/v2\/product_tag?post=4118"}],"curies":[{"name":"wp","href":"https:\/\/api.w.org\/{rel}","templated":true}]}}