{"id":4114,"date":"2021-12-28T19:41:43","date_gmt":"2021-12-28T22:41:43","guid":{"rendered":"https:\/\/backingtracksmusic.com\/?post_type=product&#038;p=4114"},"modified":"2022-03-22T09:49:00","modified_gmt":"2022-03-22T12:49:00","slug":"caruso","status":"publish","type":"product","link":"https:\/\/backingtracksmusic.com\/pt\/produto\/caruso\/","title":{"rendered":"Caruso"},"content":{"rendered":"<h3>Informa\u00e7\u00f5es:<\/h3>\n<p>&#8220;Caruso&#8221; es una canci\u00f3n compuesta en 1986 por el cantautor italiano Lucio Dalla y dedicada al tenor, igualmente italiano, Enrico Caruso. Tras la muerte de Lucio Dalla, la canci\u00f3n ocup\u00f3 durante dos semanas el puesto n\u00famero dos en la lista italiana de sencillos,\u200bsiendo certificado tambi\u00e9n como disco de platino por la Federaci\u00f3n de la Industria de la M\u00fasica italiana<\/p>\n<p>&nbsp;<\/p>\n<p>&nbsp;<\/p>","protected":false},"excerpt":{"rendered":"<h3>Demo:<\/h3>\n<div class=\"wp-playlist wp-audio-playlist wp-playlist-light\">\n<div class=\"wp-playlist-current-item\"><\/div>\n<p>\t\t<audio controls=\"controls\" preload=\"none\" width=\"1378\"\n\t\t\t><\/audio><\/p>\n<div class=\"wp-playlist-next\"><\/div>\n<div class=\"wp-playlist-prev\"><\/div>\n<p>\t<noscript><\/p>\n<ol>\n<li><a href='https:\/\/backingtracksmusic.com\/wp-content\/uploads\/2021\/12\/Caruso-Gm-play-cello-reference-DEMO.mp3'>Caruso Gm play + cello reference DEMO<\/a><\/li>\n<li><a href='https:\/\/backingtracksmusic.com\/wp-content\/uploads\/2021\/12\/Caruso-Gm-play-DEMO.mp3'>Caruso Gm play DEMO<\/a><\/li>\n<\/ol>\n<p>\t<\/noscript><br \/>\n\t<script type=\"application\/json\" class=\"wp-playlist-script\">{\"type\":\"audio\",\"tracklist\":true,\"tracknumbers\":true,\"images\":false,\"artists\":false,\"tracks\":[{\"src\":\"https:\/\/backingtracksmusic.com\/wp-content\/uploads\/2021\/12\/Caruso-Gm-play-cello-reference-DEMO.mp3\",\"type\":\"audio\/mpeg\",\"title\":\"Caruso Gm play + cello reference DEMO\",\"caption\":\"\",\"description\":\"\\\"Caruso Gm play + cello reference DEMO\\\". G\\u00e9nero: Other.\",\"meta\":{\"genre\":\"Other\",\"length_formatted\":\"1:26\"},\"image\":{\"src\":\"https:\/\/backingtracksmusic.com\/wp-includes\/images\/media\/audio.svg\",\"width\":48,\"height\":64},\"thumb\":{\"src\":\"https:\/\/backingtracksmusic.com\/wp-includes\/images\/media\/audio.svg\",\"width\":48,\"height\":64}},{\"src\":\"https:\/\/backingtracksmusic.com\/wp-content\/uploads\/2021\/12\/Caruso-Gm-play-DEMO.mp3\",\"type\":\"audio\/mpeg\",\"title\":\"Caruso Gm play DEMO\",\"caption\":\"\",\"description\":\"\\\"Caruso Gm play DEMO\\\". G\\u00e9nero: Other.\",\"meta\":{\"genre\":\"Other\",\"length_formatted\":\"1:17\"},\"image\":{\"src\":\"https:\/\/backingtracksmusic.com\/wp-includes\/images\/media\/audio.svg\",\"width\":48,\"height\":64},\"thumb\":{\"src\":\"https:\/\/backingtracksmusic.com\/wp-includes\/images\/media\/audio.svg\",\"width\":48,\"height\":64}}]}<\/script>\n<\/div>","protected":false},"featured_media":4115,"template":"","meta":{"_acf_changed":false},"product_brand":[],"product_cat":[97,99],"product_tag":[208],"class_list":{"0":"post-4114","1":"product","2":"type-product","3":"status-publish","4":"has-post-thumbnail","6":"product_cat-13-love-songs","7":"product_cat-15-oldes","8":"product_tag-lucio-dalla","10":"first","11":"instock","12":"virtual","13":"purchasable","14":"product-type-simple"},"acf":[],"_links":{"self":[{"href":"https:\/\/backingtracksmusic.com\/pt\/wp-json\/wp\/v2\/product\/4114","targetHints":{"allow":["GET"]}}],"collection":[{"href":"https:\/\/backingtracksmusic.com\/pt\/wp-json\/wp\/v2\/product"}],"about":[{"href":"https:\/\/backingtracksmusic.com\/pt\/wp-json\/wp\/v2\/types\/product"}],"wp:featuredmedia":[{"embeddable":true,"href":"https:\/\/backingtracksmusic.com\/pt\/wp-json\/wp\/v2\/media\/4115"}],"wp:attachment":[{"href":"https:\/\/backingtracksmusic.com\/pt\/wp-json\/wp\/v2\/media?parent=4114"}],"wp:term":[{"taxonomy":"product_brand","embeddable":true,"href":"https:\/\/backingtracksmusic.com\/pt\/wp-json\/wp\/v2\/product_brand?post=4114"},{"taxonomy":"product_cat","embeddable":true,"href":"https:\/\/backingtracksmusic.com\/pt\/wp-json\/wp\/v2\/product_cat?post=4114"},{"taxonomy":"product_tag","embeddable":true,"href":"https:\/\/backingtracksmusic.com\/pt\/wp-json\/wp\/v2\/product_tag?post=4114"}],"curies":[{"name":"wp","href":"https:\/\/api.w.org\/{rel}","templated":true}]}}