{"id":4106,"date":"2021-12-28T19:31:16","date_gmt":"2021-12-28T22:31:16","guid":{"rendered":"https:\/\/backingtracksmusic.com\/?post_type=product&#038;p=4106"},"modified":"2022-03-22T09:49:00","modified_gmt":"2022-03-22T12:49:00","slug":"think-on-me-phantom-of-the-opera","status":"publish","type":"product","link":"https:\/\/backingtracksmusic.com\/pt\/produto\/think-on-me-phantom-of-the-opera\/","title":{"rendered":"Think on me (Phantom of the opera)"},"content":{"rendered":"<h3>Informa\u00e7\u00f5es:<\/h3>\n<p>El fantasma de la \u00f3pera es un musical de Andrew Lloyd Webber, letras de Charles Hart y Richard Stilgoe, y libreto de los propios Andrew Lloyd Webber y Richard Stilgoe. Est\u00e1 basado en la novela francesa Le Fant\u00f4me de l&#8217;Op\u00e9ra de Gast\u00f3n Leroux y, al igual que en \u00e9sta, su trama central se desarrolla en torno a Christine Daa\u00e9, una joven soprano de la \u00d3pera Populaire de Par\u00eds que se convierte en la obsesi\u00f3n de un misterioso compositor desfigurado.<\/p>\n<p>&nbsp;<\/p>\n<p>&nbsp;<\/p>","protected":false},"excerpt":{"rendered":"<h3>Demo:<\/h3>\n<div class=\"wp-playlist wp-audio-playlist wp-playlist-light\">\n<div class=\"wp-playlist-current-item\"><\/div>\n<p>\t\t<audio controls=\"controls\" preload=\"none\" width=\"1378\"\n\t\t\t><\/audio><\/p>\n<div class=\"wp-playlist-next\"><\/div>\n<div class=\"wp-playlist-prev\"><\/div>\n<p>\t<noscript><\/p>\n<ol>\n<li><a href='https:\/\/backingtracksmusic.com\/wp-content\/uploads\/2021\/12\/Think-of-Me-F-play-full-DEMO.mp3'>Think of Me F play full DEMO<\/a><\/li>\n<li><a href='https:\/\/backingtracksmusic.com\/wp-content\/uploads\/2021\/12\/Think-of-Me-F-play-full-referencia-flute-DEMO.mp3'>Think of Me F play full + referencia flute DEMO<\/a><\/li>\n<\/ol>\n<p>\t<\/noscript><br \/>\n\t<script type=\"application\/json\" class=\"wp-playlist-script\">{\"type\":\"audio\",\"tracklist\":true,\"tracknumbers\":true,\"images\":false,\"artists\":false,\"tracks\":[{\"src\":\"https:\/\/backingtracksmusic.com\/wp-content\/uploads\/2021\/12\/Think-of-Me-F-play-full-DEMO.mp3\",\"type\":\"audio\/mpeg\",\"title\":\"Think of Me F play full DEMO\",\"caption\":\"\",\"description\":\"\\\"Think of Me F play full DEMO\\\". G\\u00e9nero: Otro.\",\"meta\":{\"genre\":\"Otro\",\"length_formatted\":\"1:22\"},\"image\":{\"src\":\"https:\/\/backingtracksmusic.com\/wp-includes\/images\/media\/audio.svg\",\"width\":48,\"height\":64},\"thumb\":{\"src\":\"https:\/\/backingtracksmusic.com\/wp-includes\/images\/media\/audio.svg\",\"width\":48,\"height\":64}},{\"src\":\"https:\/\/backingtracksmusic.com\/wp-content\/uploads\/2021\/12\/Think-of-Me-F-play-full-referencia-flute-DEMO.mp3\",\"type\":\"audio\/mpeg\",\"title\":\"Think of Me F play full + referencia flute DEMO\",\"caption\":\"\",\"description\":\"\\\"Think of Me F play full + referencia flute DEMO\\\". G\\u00e9nero: Otro.\",\"meta\":{\"genre\":\"Otro\",\"length_formatted\":\"1:39\"},\"image\":{\"src\":\"https:\/\/backingtracksmusic.com\/wp-includes\/images\/media\/audio.svg\",\"width\":48,\"height\":64},\"thumb\":{\"src\":\"https:\/\/backingtracksmusic.com\/wp-includes\/images\/media\/audio.svg\",\"width\":48,\"height\":64}}]}<\/script>\n<\/div>","protected":false},"featured_media":4107,"template":"","meta":{"_acf_changed":false},"product_brand":[],"product_cat":[90,93],"product_tag":[205],"class_list":{"0":"post-4106","1":"product","2":"type-product","3":"status-publish","4":"has-post-thumbnail","6":"product_cat-05-disney","7":"product_cat-08-musicales","8":"product_tag-andrew-lloyd-webber","10":"first","11":"instock","12":"virtual","13":"purchasable","14":"product-type-simple"},"acf":[],"_links":{"self":[{"href":"https:\/\/backingtracksmusic.com\/pt\/wp-json\/wp\/v2\/product\/4106","targetHints":{"allow":["GET"]}}],"collection":[{"href":"https:\/\/backingtracksmusic.com\/pt\/wp-json\/wp\/v2\/product"}],"about":[{"href":"https:\/\/backingtracksmusic.com\/pt\/wp-json\/wp\/v2\/types\/product"}],"wp:featuredmedia":[{"embeddable":true,"href":"https:\/\/backingtracksmusic.com\/pt\/wp-json\/wp\/v2\/media\/4107"}],"wp:attachment":[{"href":"https:\/\/backingtracksmusic.com\/pt\/wp-json\/wp\/v2\/media?parent=4106"}],"wp:term":[{"taxonomy":"product_brand","embeddable":true,"href":"https:\/\/backingtracksmusic.com\/pt\/wp-json\/wp\/v2\/product_brand?post=4106"},{"taxonomy":"product_cat","embeddable":true,"href":"https:\/\/backingtracksmusic.com\/pt\/wp-json\/wp\/v2\/product_cat?post=4106"},{"taxonomy":"product_tag","embeddable":true,"href":"https:\/\/backingtracksmusic.com\/pt\/wp-json\/wp\/v2\/product_tag?post=4106"}],"curies":[{"name":"wp","href":"https:\/\/api.w.org\/{rel}","templated":true}]}}