{"id":4102,"date":"2021-12-28T19:27:34","date_gmt":"2021-12-28T22:27:34","guid":{"rendered":"https:\/\/backingtracksmusic.com\/?post_type=product&#038;p=4102"},"modified":"2022-03-22T09:49:08","modified_gmt":"2022-03-22T12:49:08","slug":"memory","status":"publish","type":"product","link":"https:\/\/backingtracksmusic.com\/pt\/produto\/memory\/","title":{"rendered":"Memory"},"content":{"rendered":"<h3>Informa\u00e7\u00f5es:<\/h3>\n<p>\u00abMemory\u00bb, algunas veces incorrectamente llamada &#8220;Memories&#8221;, es una canci\u00f3n popular del musical Cats de Andrew Lloyd Webber estrenado en 1981.\u200b El tema es cantado por el personaje Grizabella, una gata tiempo atr\u00e1s glamorosa que hoy es una sombra de lo que supo ser. La canci\u00f3n es una remembranza nost\u00e1lgica de su glorioso pasado y una declaraci\u00f3n de sus deseos de comenzar una nueva vida. Brevemente entonada durante el primer acto y completamente cerca del final del musical, &#8220;Memory&#8221; constituye su cl\u00edmax dram\u00e1tico y es la m\u00e1s popular y conocida de sus canciones. Sus compositores, Lloyd Webber y Nunn recibieron en 1981 el Premio Ivor Novello por Mejor canci\u00f3n<\/p>\n<p>&nbsp;<\/p>\n<p>&nbsp;<\/p>","protected":false},"excerpt":{"rendered":"<h3>Demo:<\/h3>\n<div class=\"wp-playlist wp-audio-playlist wp-playlist-light\">\n<div class=\"wp-playlist-current-item\"><\/div>\n<p>\t\t<audio controls=\"controls\" preload=\"none\" width=\"1378\"\n\t\t\t><\/audio><\/p>\n<div class=\"wp-playlist-next\"><\/div>\n<div class=\"wp-playlist-prev\"><\/div>\n<p>\t<noscript><\/p>\n<ol>\n<li><a href='https:\/\/backingtracksmusic.com\/wp-content\/uploads\/2021\/12\/Memory-A-play-flute-refe-DEMO.mp3'>Memory A play + flute refe DEMO<\/a><\/li>\n<li><a href='https:\/\/backingtracksmusic.com\/wp-content\/uploads\/2021\/12\/Memory-A-play-demo.mp3'>Memory A play demo<\/a><\/li>\n<\/ol>\n<p>\t<\/noscript><br \/>\n\t<script type=\"application\/json\" class=\"wp-playlist-script\">{\"type\":\"audio\",\"tracklist\":true,\"tracknumbers\":true,\"images\":false,\"artists\":false,\"tracks\":[{\"src\":\"https:\/\/backingtracksmusic.com\/wp-content\/uploads\/2021\/12\/Memory-A-play-flute-refe-DEMO.mp3\",\"type\":\"audio\/mpeg\",\"title\":\"Memory A play + flute refe DEMO\",\"caption\":\"\",\"description\":\"\\\"Memory A play + flute refe DEMO\\\". G\\u00e9nero: Other.\",\"meta\":{\"genre\":\"Other\",\"length_formatted\":\"1:14\"},\"image\":{\"src\":\"https:\/\/backingtracksmusic.com\/wp-includes\/images\/media\/audio.svg\",\"width\":48,\"height\":64},\"thumb\":{\"src\":\"https:\/\/backingtracksmusic.com\/wp-includes\/images\/media\/audio.svg\",\"width\":48,\"height\":64}},{\"src\":\"https:\/\/backingtracksmusic.com\/wp-content\/uploads\/2021\/12\/Memory-A-play-demo.mp3\",\"type\":\"audio\/mpeg\",\"title\":\"Memory A play demo\",\"caption\":\"\",\"description\":\"\\\"Memory A play demo\\\". G\\u00e9nero: Other.\",\"meta\":{\"genre\":\"Other\",\"length_formatted\":\"1:01\"},\"image\":{\"src\":\"https:\/\/backingtracksmusic.com\/wp-includes\/images\/media\/audio.svg\",\"width\":48,\"height\":64},\"thumb\":{\"src\":\"https:\/\/backingtracksmusic.com\/wp-includes\/images\/media\/audio.svg\",\"width\":48,\"height\":64}}]}<\/script>\n<\/div>","protected":false},"featured_media":4103,"template":"","meta":{"_acf_changed":false},"product_brand":[],"product_cat":[90,93],"product_tag":[205],"class_list":{"0":"post-4102","1":"product","2":"type-product","3":"status-publish","4":"has-post-thumbnail","6":"product_cat-05-disney","7":"product_cat-08-musicales","8":"product_tag-andrew-lloyd-webber","10":"first","11":"instock","12":"virtual","13":"purchasable","14":"product-type-simple"},"acf":[],"_links":{"self":[{"href":"https:\/\/backingtracksmusic.com\/pt\/wp-json\/wp\/v2\/product\/4102","targetHints":{"allow":["GET"]}}],"collection":[{"href":"https:\/\/backingtracksmusic.com\/pt\/wp-json\/wp\/v2\/product"}],"about":[{"href":"https:\/\/backingtracksmusic.com\/pt\/wp-json\/wp\/v2\/types\/product"}],"wp:featuredmedia":[{"embeddable":true,"href":"https:\/\/backingtracksmusic.com\/pt\/wp-json\/wp\/v2\/media\/4103"}],"wp:attachment":[{"href":"https:\/\/backingtracksmusic.com\/pt\/wp-json\/wp\/v2\/media?parent=4102"}],"wp:term":[{"taxonomy":"product_brand","embeddable":true,"href":"https:\/\/backingtracksmusic.com\/pt\/wp-json\/wp\/v2\/product_brand?post=4102"},{"taxonomy":"product_cat","embeddable":true,"href":"https:\/\/backingtracksmusic.com\/pt\/wp-json\/wp\/v2\/product_cat?post=4102"},{"taxonomy":"product_tag","embeddable":true,"href":"https:\/\/backingtracksmusic.com\/pt\/wp-json\/wp\/v2\/product_tag?post=4102"}],"curies":[{"name":"wp","href":"https:\/\/api.w.org\/{rel}","templated":true}]}}