{"id":4094,"date":"2021-12-28T19:17:26","date_gmt":"2021-12-28T22:17:26","guid":{"rendered":"https:\/\/backingtracksmusic.com\/?post_type=product&#038;p=4094"},"modified":"2022-03-22T09:49:08","modified_gmt":"2022-03-22T12:49:08","slug":"un-mundo-ideal-aladdin","status":"publish","type":"product","link":"https:\/\/backingtracksmusic.com\/pt\/produto\/un-mundo-ideal-aladdin\/","title":{"rendered":"Un mundo ideal (Aladdin)"},"content":{"rendered":"<h3>Informa\u00e7\u00f5es:<\/h3>\n<p>A Whole New World (Un mundo ideal) es una canci\u00f3n del a\u00f1o 1992 escrita y compuesta por el ingl\u00e9s Tim Rice y el estadounidense Alan Menken respectivamente, para la pel\u00edcula de Disney Aladd\u00edn, ganadora del premio \u00d3scar a la mejor canci\u00f3n original de dicho a\u00f1o. La versi\u00f3n original est\u00e1 cantada por los artistas Brad Kane y Lea Salonga, que son las voces de los personajes Aladd\u00edn y Jasm\u00edn<\/p>\n<p>&nbsp;<\/p>\n<p>&nbsp;<\/p>","protected":false},"excerpt":{"rendered":"<h3>Demo:<\/h3>\n<div class=\"wp-playlist wp-audio-playlist wp-playlist-light\">\n<div class=\"wp-playlist-current-item\"><\/div>\n<p>\t\t<audio controls=\"controls\" preload=\"none\" width=\"1378\"\n\t\t\t><\/audio><\/p>\n<div class=\"wp-playlist-next\"><\/div>\n<div class=\"wp-playlist-prev\"><\/div>\n<p>\t<noscript><\/p>\n<ol>\n<li><a href='https:\/\/backingtracksmusic.com\/wp-content\/uploads\/2021\/12\/A-Whole-New-World-Aladdin-Play-flute-reference-DEMO.mp3'>A Whole New World (Aladdin) Play + flute reference DEMO<\/a><\/li>\n<li><a href='https:\/\/backingtracksmusic.com\/wp-content\/uploads\/2021\/12\/A-Whole-New-World-Aladdin-piano-PLAY-DEMO.mp3'>A Whole New World (Aladdin) piano PLAY DEMO<\/a><\/li>\n<\/ol>\n<p>\t<\/noscript><br \/>\n\t<script type=\"application\/json\" class=\"wp-playlist-script\">{\"type\":\"audio\",\"tracklist\":true,\"tracknumbers\":true,\"images\":false,\"artists\":false,\"tracks\":[{\"src\":\"https:\/\/backingtracksmusic.com\/wp-content\/uploads\/2021\/12\/A-Whole-New-World-Aladdin-Play-flute-reference-DEMO.mp3\",\"type\":\"audio\/mpeg\",\"title\":\"A Whole New World (Aladdin) Play + flute reference DEMO\",\"caption\":\"\",\"description\":\"\\\"A Whole New World (Aladdin) Play + flute reference DEMO\\\". G\\u00e9nero: Otro.\",\"meta\":{\"genre\":\"Otro\",\"length_formatted\":\"1:22\"},\"image\":{\"src\":\"https:\/\/backingtracksmusic.com\/wp-includes\/images\/media\/audio.svg\",\"width\":48,\"height\":64},\"thumb\":{\"src\":\"https:\/\/backingtracksmusic.com\/wp-includes\/images\/media\/audio.svg\",\"width\":48,\"height\":64}},{\"src\":\"https:\/\/backingtracksmusic.com\/wp-content\/uploads\/2021\/12\/A-Whole-New-World-Aladdin-piano-PLAY-DEMO.mp3\",\"type\":\"audio\/mpeg\",\"title\":\"A Whole New World (Aladdin) piano PLAY DEMO\",\"caption\":\"\",\"description\":\"\\\"A Whole New World (Aladdin) piano PLAY DEMO\\\". G\\u00e9nero: Otro.\",\"meta\":{\"genre\":\"Otro\",\"length_formatted\":\"1:17\"},\"image\":{\"src\":\"https:\/\/backingtracksmusic.com\/wp-includes\/images\/media\/audio.svg\",\"width\":48,\"height\":64},\"thumb\":{\"src\":\"https:\/\/backingtracksmusic.com\/wp-includes\/images\/media\/audio.svg\",\"width\":48,\"height\":64}}]}<\/script>\n<\/div>","protected":false},"featured_media":4095,"template":"","meta":{"_acf_changed":false},"product_brand":[],"product_cat":[90,93],"product_tag":[204],"class_list":{"0":"post-4094","1":"product","2":"type-product","3":"status-publish","4":"has-post-thumbnail","6":"product_cat-05-disney","7":"product_cat-08-musicales","8":"product_tag-alan-menken","10":"first","11":"instock","12":"virtual","13":"purchasable","14":"product-type-simple"},"acf":[],"_links":{"self":[{"href":"https:\/\/backingtracksmusic.com\/pt\/wp-json\/wp\/v2\/product\/4094","targetHints":{"allow":["GET"]}}],"collection":[{"href":"https:\/\/backingtracksmusic.com\/pt\/wp-json\/wp\/v2\/product"}],"about":[{"href":"https:\/\/backingtracksmusic.com\/pt\/wp-json\/wp\/v2\/types\/product"}],"wp:featuredmedia":[{"embeddable":true,"href":"https:\/\/backingtracksmusic.com\/pt\/wp-json\/wp\/v2\/media\/4095"}],"wp:attachment":[{"href":"https:\/\/backingtracksmusic.com\/pt\/wp-json\/wp\/v2\/media?parent=4094"}],"wp:term":[{"taxonomy":"product_brand","embeddable":true,"href":"https:\/\/backingtracksmusic.com\/pt\/wp-json\/wp\/v2\/product_brand?post=4094"},{"taxonomy":"product_cat","embeddable":true,"href":"https:\/\/backingtracksmusic.com\/pt\/wp-json\/wp\/v2\/product_cat?post=4094"},{"taxonomy":"product_tag","embeddable":true,"href":"https:\/\/backingtracksmusic.com\/pt\/wp-json\/wp\/v2\/product_tag?post=4094"}],"curies":[{"name":"wp","href":"https:\/\/api.w.org\/{rel}","templated":true}]}}