{"id":4071,"date":"2021-12-28T18:48:45","date_gmt":"2021-12-28T21:48:45","guid":{"rendered":"https:\/\/backingtracksmusic.com\/?post_type=product&#038;p=4071"},"modified":"2022-03-22T09:49:22","modified_gmt":"2022-03-22T12:49:22","slug":"shalom-aleichem","status":"publish","type":"product","link":"https:\/\/backingtracksmusic.com\/pt\/produto\/shalom-aleichem\/","title":{"rendered":"Shalom aleichem"},"content":{"rendered":"<h3>Informa\u00e7\u00f5es:<\/h3>\n<p>Shalom alejem (en hebreo \u05e9\u05dc\u05d5\u05dd \u05e2\u05dc\u05d9\u05db\u05dd sh\u0101l\u00f4m \u02bbal\u00ea\u1e35em; en yidis \u05e9\u05dc\u05d5\u05dd\u05be\u05e2\u05dc\u05d9\u05db\u05dd \u015folem aleyxem) es un poema lit\u00fargico que los jud\u00edos observantes cantan los viernes por la noche para dar la bienvenida al Shabat.<\/p>\n<p>&nbsp;<\/p>\n<p>&nbsp;<\/p>","protected":false},"excerpt":{"rendered":"<h3>Demo:<\/h3>\n<div class=\"wp-playlist wp-audio-playlist wp-playlist-light\">\n<div class=\"wp-playlist-current-item\"><\/div>\n<p>\t\t<audio controls=\"controls\" preload=\"none\" width=\"1378\"\n\t\t\t><\/audio><\/p>\n<div class=\"wp-playlist-next\"><\/div>\n<div class=\"wp-playlist-prev\"><\/div>\n<p>\t<noscript><\/p>\n<ol>\n<li><a href='https:\/\/backingtracksmusic.com\/wp-content\/uploads\/2021\/12\/Shalom-Aleichem-piano-play-DEMO.mp3'>Shalom Aleichem piano play DEMO<\/a><\/li>\n<li><a href='https:\/\/backingtracksmusic.com\/wp-content\/uploads\/2021\/12\/Shalom-Aleichem-piano-play-FLUTE-REFERENCIA-DEMO.mp3'>Shalom Aleichem piano play + FLUTE REFERENCIA DEMO<\/a><\/li>\n<\/ol>\n<p>\t<\/noscript><br \/>\n\t<script type=\"application\/json\" class=\"wp-playlist-script\">{\"type\":\"audio\",\"tracklist\":true,\"tracknumbers\":true,\"images\":false,\"artists\":false,\"tracks\":[{\"src\":\"https:\/\/backingtracksmusic.com\/wp-content\/uploads\/2021\/12\/Shalom-Aleichem-piano-play-DEMO.mp3\",\"type\":\"audio\/mpeg\",\"title\":\"Shalom Aleichem piano play DEMO\",\"caption\":\"\",\"description\":\"\\\"Shalom Aleichem piano play DEMO\\\". G\\u00e9nero: Otro.\",\"meta\":{\"genre\":\"Otro\",\"length_formatted\":\"1:28\"},\"image\":{\"src\":\"https:\/\/backingtracksmusic.com\/wp-includes\/images\/media\/audio.svg\",\"width\":48,\"height\":64},\"thumb\":{\"src\":\"https:\/\/backingtracksmusic.com\/wp-includes\/images\/media\/audio.svg\",\"width\":48,\"height\":64}},{\"src\":\"https:\/\/backingtracksmusic.com\/wp-content\/uploads\/2021\/12\/Shalom-Aleichem-piano-play-FLUTE-REFERENCIA-DEMO.mp3\",\"type\":\"audio\/mpeg\",\"title\":\"Shalom Aleichem piano play + FLUTE REFERENCIA DEMO\",\"caption\":\"\",\"description\":\"\\\"Shalom Aleichem piano play + FLUTE REFERENCIA DEMO\\\". G\\u00e9nero: Otro.\",\"meta\":{\"genre\":\"Otro\",\"length_formatted\":\"1:35\"},\"image\":{\"src\":\"https:\/\/backingtracksmusic.com\/wp-includes\/images\/media\/audio.svg\",\"width\":48,\"height\":64},\"thumb\":{\"src\":\"https:\/\/backingtracksmusic.com\/wp-includes\/images\/media\/audio.svg\",\"width\":48,\"height\":64}}]}<\/script>\n<\/div>","protected":false},"featured_media":4072,"template":"","meta":{"_acf_changed":false},"product_brand":[],"product_cat":[95],"product_tag":[194],"class_list":{"0":"post-4071","1":"product","2":"type-product","3":"status-publish","4":"has-post-thumbnail","6":"product_cat-11-jewish-israeli-music","7":"product_tag-jewish-traditional","9":"first","10":"instock","11":"virtual","12":"purchasable","13":"product-type-simple"},"acf":[],"_links":{"self":[{"href":"https:\/\/backingtracksmusic.com\/pt\/wp-json\/wp\/v2\/product\/4071","targetHints":{"allow":["GET"]}}],"collection":[{"href":"https:\/\/backingtracksmusic.com\/pt\/wp-json\/wp\/v2\/product"}],"about":[{"href":"https:\/\/backingtracksmusic.com\/pt\/wp-json\/wp\/v2\/types\/product"}],"wp:featuredmedia":[{"embeddable":true,"href":"https:\/\/backingtracksmusic.com\/pt\/wp-json\/wp\/v2\/media\/4072"}],"wp:attachment":[{"href":"https:\/\/backingtracksmusic.com\/pt\/wp-json\/wp\/v2\/media?parent=4071"}],"wp:term":[{"taxonomy":"product_brand","embeddable":true,"href":"https:\/\/backingtracksmusic.com\/pt\/wp-json\/wp\/v2\/product_brand?post=4071"},{"taxonomy":"product_cat","embeddable":true,"href":"https:\/\/backingtracksmusic.com\/pt\/wp-json\/wp\/v2\/product_cat?post=4071"},{"taxonomy":"product_tag","embeddable":true,"href":"https:\/\/backingtracksmusic.com\/pt\/wp-json\/wp\/v2\/product_tag?post=4071"}],"curies":[{"name":"wp","href":"https:\/\/api.w.org\/{rel}","templated":true}]}}