{"id":4054,"date":"2021-12-28T18:34:07","date_gmt":"2021-12-28T21:34:07","guid":{"rendered":"https:\/\/backingtracksmusic.com\/?post_type=product&#038;p=4054"},"modified":"2022-03-22T09:49:30","modified_gmt":"2022-03-22T12:49:30","slug":"maoz-tzur-hanukah-1","status":"publish","type":"product","link":"https:\/\/backingtracksmusic.com\/pt\/produto\/maoz-tzur-hanukah-1\/","title":{"rendered":"Maoz tzur (Hanukah) 1"},"content":{"rendered":"<h3>Informa\u00e7\u00f5es:<\/h3>\n<p><strong>Maoz Tzur<\/strong>\/<strong>\u05de\u05b8\u05e2\u05d5\u05b9\u05d6 \u05e6\u05d5\u05bc\u05e8<\/strong>\u00a0es un poema lit\u00fargico o\u00a0<strong>piyut<\/strong>\u00a0en\u00a0hebreo\u00a0y se canta en la festividad de\u00a0Januc\u00e1\u00a0, despu\u00e9s del encendido de las luces.\u00a0\u00a0El himno significa \u201c<strong>Fortaleza de la roca<\/strong>\u201c, en referencia a D-s.<\/p>\n<p>Se cree que esta canci\u00f3n se escribi\u00f3 en alg\u00fan momento del siglo XIII.\u00a0Originalmente solo se cantaba en el hogar, pero se ha usado en la\u00a0sinagoga\u00a0desde el siglo XIX o antes.\u00a0En a\u00f1os m\u00e1s recientes, de sus seis estrofas solo se canta la primera (o la primera y la quinta).<\/p>\n<p>&nbsp;<\/p>\n<p>&nbsp;<\/p>","protected":false},"excerpt":{"rendered":"<h3>Demo:<\/h3>\n<div class=\"wp-playlist wp-audio-playlist wp-playlist-light\">\n<div class=\"wp-playlist-current-item\"><\/div>\n<p>\t\t<audio controls=\"controls\" preload=\"none\" width=\"1378\"\n\t\t\t><\/audio><\/p>\n<div class=\"wp-playlist-next\"><\/div>\n<div class=\"wp-playlist-prev\"><\/div>\n<p>\t<noscript><\/p>\n<ol>\n<li><a href='https:\/\/backingtracksmusic.com\/wp-content\/uploads\/2021\/12\/maoz-tzur-D-play-v.modern-DEMO.mp3'>maoz tzur D play (v.modern) DEMO<\/a><\/li>\n<li><a href='https:\/\/backingtracksmusic.com\/wp-content\/uploads\/2021\/12\/maoz-tzur-D-play-referencia-saxo-v.modern-DEMO.mp3'>maoz tzur D play + referencia saxo (v.modern) DEMO<\/a><\/li>\n<\/ol>\n<p>\t<\/noscript><br \/>\n\t<script type=\"application\/json\" class=\"wp-playlist-script\">{\"type\":\"audio\",\"tracklist\":true,\"tracknumbers\":true,\"images\":false,\"artists\":false,\"tracks\":[{\"src\":\"https:\/\/backingtracksmusic.com\/wp-content\/uploads\/2021\/12\/maoz-tzur-D-play-v.modern-DEMO.mp3\",\"type\":\"audio\/mpeg\",\"title\":\"maoz tzur D play (v.modern) DEMO\",\"caption\":\"\",\"description\":\"\\\"maoz tzur D play (v.modern) DEMO\\\". G\\u00e9nero: Otro.\",\"meta\":{\"genre\":\"Otro\",\"length_formatted\":\"0:54\"},\"image\":{\"src\":\"https:\/\/backingtracksmusic.com\/wp-includes\/images\/media\/audio.svg\",\"width\":48,\"height\":64},\"thumb\":{\"src\":\"https:\/\/backingtracksmusic.com\/wp-includes\/images\/media\/audio.svg\",\"width\":48,\"height\":64}},{\"src\":\"https:\/\/backingtracksmusic.com\/wp-content\/uploads\/2021\/12\/maoz-tzur-D-play-referencia-saxo-v.modern-DEMO.mp3\",\"type\":\"audio\/mpeg\",\"title\":\"maoz tzur D play + referencia saxo (v.modern) DEMO\",\"caption\":\"\",\"description\":\"\\\"maoz tzur D play + referencia saxo (v.modern) DEMO\\\". G\\u00e9nero: Otro.\",\"meta\":{\"genre\":\"Otro\",\"length_formatted\":\"0:49\"},\"image\":{\"src\":\"https:\/\/backingtracksmusic.com\/wp-includes\/images\/media\/audio.svg\",\"width\":48,\"height\":64},\"thumb\":{\"src\":\"https:\/\/backingtracksmusic.com\/wp-includes\/images\/media\/audio.svg\",\"width\":48,\"height\":64}}]}<\/script>\n<\/div>","protected":false},"featured_media":4056,"template":"","meta":{"_acf_changed":false},"product_brand":[],"product_cat":[95],"product_tag":[194],"class_list":{"0":"post-4054","1":"product","2":"type-product","3":"status-publish","4":"has-post-thumbnail","6":"product_cat-11-jewish-israeli-music","7":"product_tag-jewish-traditional","9":"first","10":"instock","11":"virtual","12":"purchasable","13":"product-type-simple"},"acf":[],"_links":{"self":[{"href":"https:\/\/backingtracksmusic.com\/pt\/wp-json\/wp\/v2\/product\/4054","targetHints":{"allow":["GET"]}}],"collection":[{"href":"https:\/\/backingtracksmusic.com\/pt\/wp-json\/wp\/v2\/product"}],"about":[{"href":"https:\/\/backingtracksmusic.com\/pt\/wp-json\/wp\/v2\/types\/product"}],"wp:featuredmedia":[{"embeddable":true,"href":"https:\/\/backingtracksmusic.com\/pt\/wp-json\/wp\/v2\/media\/4056"}],"wp:attachment":[{"href":"https:\/\/backingtracksmusic.com\/pt\/wp-json\/wp\/v2\/media?parent=4054"}],"wp:term":[{"taxonomy":"product_brand","embeddable":true,"href":"https:\/\/backingtracksmusic.com\/pt\/wp-json\/wp\/v2\/product_brand?post=4054"},{"taxonomy":"product_cat","embeddable":true,"href":"https:\/\/backingtracksmusic.com\/pt\/wp-json\/wp\/v2\/product_cat?post=4054"},{"taxonomy":"product_tag","embeddable":true,"href":"https:\/\/backingtracksmusic.com\/pt\/wp-json\/wp\/v2\/product_tag?post=4054"}],"curies":[{"name":"wp","href":"https:\/\/api.w.org\/{rel}","templated":true}]}}