{"id":4046,"date":"2021-12-28T18:26:27","date_gmt":"2021-12-28T21:26:27","guid":{"rendered":"https:\/\/backingtracksmusic.com\/?post_type=product&#038;p=4046"},"modified":"2022-03-22T09:49:30","modified_gmt":"2022-03-22T12:49:30","slug":"jerusalem-de-oro","status":"publish","type":"product","link":"https:\/\/backingtracksmusic.com\/pt\/produto\/jerusalem-de-oro\/","title":{"rendered":"Jerusalem de oro"},"content":{"rendered":"<h3>Informa\u00e7\u00f5es:<\/h3>\n<p>es una canci\u00f3n escrita por la compositora\u00a0<a title=\"Israel\" href=\"https:\/\/es.wikipedia.org\/wiki\/Israel\">israel\u00ed<\/a>\u00a0<a title=\"Naomi Shemer\" href=\"https:\/\/es.wikipedia.org\/wiki\/Naomi_Shemer\">Naomi Shemer<\/a>\u00a0en\u00a0<a title=\"1967\" href=\"https:\/\/es.wikipedia.org\/wiki\/1967\">1967<\/a>\u00a0e interpretada por ella misma y muchos otros, como\u00a0<a title=\"Ofra Haza\" href=\"https:\/\/es.wikipedia.org\/wiki\/Ofra_Haza\">Ofra Haza<\/a>. Fue elegida la &#8220;Canci\u00f3n del A\u00f1o&#8221; en Israel en 1967. Est\u00e1 considerada como un segundo himno extraoficial de Israel.<sup id=\"cite_ref-1\" class=\"reference separada\"><a href=\"https:\/\/es.wikipedia.org\/wiki\/Jerusal%C3%A9n_de_oro#cite_note-1\">1<\/a><\/sup>\u200b<\/p>\n<p>Esta canci\u00f3n de Naomi Shemer esta basada en una canci\u00f3n de cuna tradicional vasca llamada &#8220;Peio Joxepe&#8221;. Naomi la escuch\u00f3 en un concierto ofrecido por\u00a0<a class=\"mw-redirect\" title=\"Paco Iba\u00f1ez\" href=\"https:\/\/es.wikipedia.org\/wiki\/Paco_Iba%C3%B1ez\">Paco Ib\u00e1\u00f1ez<\/a>\u00a0en Israel en 1962 y, a pesar de que lo hab\u00eda negado siempre, ella misma se lo confes\u00f3 a su amigo Gil Aldema en una carta escrita poco antes de morir, que fue publicada por el diario Haaretz el 5 de mayo de 2005.<\/p>\n<p>&nbsp;<\/p>\n<p>&nbsp;<\/p>","protected":false},"excerpt":{"rendered":"<h3>Demo:<\/h3>\n<div class=\"wp-playlist wp-audio-playlist wp-playlist-light\">\n<div class=\"wp-playlist-current-item\"><\/div>\n<p>\t\t<audio controls=\"controls\" preload=\"none\" width=\"1378\"\n\t\t\t><\/audio><\/p>\n<div class=\"wp-playlist-next\"><\/div>\n<div class=\"wp-playlist-prev\"><\/div>\n<p>\t<noscript><\/p>\n<ol>\n<li><a href='https:\/\/backingtracksmusic.com\/wp-content\/uploads\/2021\/12\/Jerusalem-of-gold-Dm-piano-play-DEMO.mp3'>Jerusalem of gold Dm piano play DEMO<\/a><\/li>\n<li><a href='https:\/\/backingtracksmusic.com\/wp-content\/uploads\/2021\/12\/Jerusalem-of-gold-Dm-piano-play-violin-reference-DEMO.mp3'>Jerusalem of gold Dm piano play + violin reference DEMO<\/a><\/li>\n<\/ol>\n<p>\t<\/noscript><br \/>\n\t<script type=\"application\/json\" class=\"wp-playlist-script\">{\"type\":\"audio\",\"tracklist\":true,\"tracknumbers\":true,\"images\":false,\"artists\":false,\"tracks\":[{\"src\":\"https:\/\/backingtracksmusic.com\/wp-content\/uploads\/2021\/12\/Jerusalem-of-gold-Dm-piano-play-DEMO.mp3\",\"type\":\"audio\/mpeg\",\"title\":\"Jerusalem of gold Dm piano play DEMO\",\"caption\":\"\",\"description\":\"\\\"Jerusalem of gold Dm piano play DEMO\\\". G\\u00e9nero: Otro.\",\"meta\":{\"genre\":\"Otro\",\"length_formatted\":\"1:08\"},\"image\":{\"src\":\"https:\/\/backingtracksmusic.com\/wp-includes\/images\/media\/audio.svg\",\"width\":48,\"height\":64},\"thumb\":{\"src\":\"https:\/\/backingtracksmusic.com\/wp-includes\/images\/media\/audio.svg\",\"width\":48,\"height\":64}},{\"src\":\"https:\/\/backingtracksmusic.com\/wp-content\/uploads\/2021\/12\/Jerusalem-of-gold-Dm-piano-play-violin-reference-DEMO.mp3\",\"type\":\"audio\/mpeg\",\"title\":\"Jerusalem of gold Dm piano play + violin reference DEMO\",\"caption\":\"\",\"description\":\"\\\"Jerusalem of gold Dm piano play + violin reference DEMO\\\". G\\u00e9nero: Otro.\",\"meta\":{\"genre\":\"Otro\",\"length_formatted\":\"1:26\"},\"image\":{\"src\":\"https:\/\/backingtracksmusic.com\/wp-includes\/images\/media\/audio.svg\",\"width\":48,\"height\":64},\"thumb\":{\"src\":\"https:\/\/backingtracksmusic.com\/wp-includes\/images\/media\/audio.svg\",\"width\":48,\"height\":64}}]}<\/script>\n<\/div>","protected":false},"featured_media":4047,"template":"","meta":{"_acf_changed":false},"product_brand":[],"product_cat":[95],"product_tag":[197,198],"class_list":{"0":"post-4046","1":"product","2":"type-product","3":"status-publish","4":"has-post-thumbnail","6":"product_cat-11-jewish-israeli-music","7":"product_tag-naomi-shemer","8":"product_tag-peio-joxepe","10":"first","11":"instock","12":"virtual","13":"purchasable","14":"product-type-simple"},"acf":[],"_links":{"self":[{"href":"https:\/\/backingtracksmusic.com\/pt\/wp-json\/wp\/v2\/product\/4046","targetHints":{"allow":["GET"]}}],"collection":[{"href":"https:\/\/backingtracksmusic.com\/pt\/wp-json\/wp\/v2\/product"}],"about":[{"href":"https:\/\/backingtracksmusic.com\/pt\/wp-json\/wp\/v2\/types\/product"}],"wp:featuredmedia":[{"embeddable":true,"href":"https:\/\/backingtracksmusic.com\/pt\/wp-json\/wp\/v2\/media\/4047"}],"wp:attachment":[{"href":"https:\/\/backingtracksmusic.com\/pt\/wp-json\/wp\/v2\/media?parent=4046"}],"wp:term":[{"taxonomy":"product_brand","embeddable":true,"href":"https:\/\/backingtracksmusic.com\/pt\/wp-json\/wp\/v2\/product_brand?post=4046"},{"taxonomy":"product_cat","embeddable":true,"href":"https:\/\/backingtracksmusic.com\/pt\/wp-json\/wp\/v2\/product_cat?post=4046"},{"taxonomy":"product_tag","embeddable":true,"href":"https:\/\/backingtracksmusic.com\/pt\/wp-json\/wp\/v2\/product_tag?post=4046"}],"curies":[{"name":"wp","href":"https:\/\/api.w.org\/{rel}","templated":true}]}}