{"id":4034,"date":"2021-12-28T18:14:20","date_gmt":"2021-12-28T21:14:20","guid":{"rendered":"https:\/\/backingtracksmusic.com\/?post_type=product&#038;p=4034"},"modified":"2022-03-22T09:49:37","modified_gmt":"2022-03-22T12:49:37","slug":"bei-mir-bistu-shein","status":"publish","type":"product","link":"https:\/\/backingtracksmusic.com\/pt\/produto\/bei-mir-bistu-shein\/","title":{"rendered":"Bei mir bistu shein"},"content":{"rendered":"<h3>Informa\u00e7\u00f5es:<\/h3>\n<p>es una pieza musical de g\u00e9nero swing, compuesta en 1932 con un texto original en idish de Jacob Jacobs (autor del texto) y de Sholom Secunda (autor de la melod\u00eda) para el musical Men ken lebn ni men lost nisht e interpretado por primera vez por Aaron Lebedeff y Lucy Levin . La canci\u00f3n tuvo \u00e9xito en 1937 en la versi\u00f3n discogr\u00e1fica de las Andrews Sisters titulada Bei mir bist du sch\u00f6n y con un texto en ingl\u00e9s escrito por Sammy Cahn y con una adaptaci\u00f3n musical de Saul Chaplin<\/p>\n<p>&nbsp;<\/p>\n<p>&nbsp;<\/p>","protected":false},"excerpt":{"rendered":"<h3>Demo:<\/h3>\n<div class=\"wp-playlist wp-audio-playlist wp-playlist-light\">\n<div class=\"wp-playlist-current-item\"><\/div>\n<p>\t\t<audio controls=\"controls\" preload=\"none\" width=\"1378\"\n\t\t\t><\/audio><\/p>\n<div class=\"wp-playlist-next\"><\/div>\n<div class=\"wp-playlist-prev\"><\/div>\n<p>\t<noscript><\/p>\n<ol>\n<li><a href='https:\/\/backingtracksmusic.com\/wp-content\/uploads\/2021\/12\/Bei-mir-bist-du-schon-play-DEMO.mp3'>Bei mir bist du schon play DEMO<\/a><\/li>\n<li><a href='https:\/\/backingtracksmusic.com\/wp-content\/uploads\/2021\/12\/Bei-mir-bist-du-schon-play-referencia-clarinet-DEMO.mp3'>Bei mir bist du schon play + referencia clarinet DEMO<\/a><\/li>\n<\/ol>\n<p>\t<\/noscript><br \/>\n\t<script type=\"application\/json\" class=\"wp-playlist-script\">{\"type\":\"audio\",\"tracklist\":true,\"tracknumbers\":true,\"images\":false,\"artists\":false,\"tracks\":[{\"src\":\"https:\/\/backingtracksmusic.com\/wp-content\/uploads\/2021\/12\/Bei-mir-bist-du-schon-play-DEMO.mp3\",\"type\":\"audio\/mpeg\",\"title\":\"Bei mir bist du schon play DEMO\",\"caption\":\"\",\"description\":\"\\\"Bei mir bist du schon play DEMO\\\". G\\u00e9nero: Otro.\",\"meta\":{\"genre\":\"Otro\",\"length_formatted\":\"1:49\"},\"image\":{\"src\":\"https:\/\/backingtracksmusic.com\/wp-includes\/images\/media\/audio.svg\",\"width\":48,\"height\":64},\"thumb\":{\"src\":\"https:\/\/backingtracksmusic.com\/wp-includes\/images\/media\/audio.svg\",\"width\":48,\"height\":64}},{\"src\":\"https:\/\/backingtracksmusic.com\/wp-content\/uploads\/2021\/12\/Bei-mir-bist-du-schon-play-referencia-clarinet-DEMO.mp3\",\"type\":\"audio\/mpeg\",\"title\":\"Bei mir bist du schon play + referencia clarinet DEMO\",\"caption\":\"\",\"description\":\"\\\"Bei mir bist du schon play + referencia clarinet DEMO\\\". G\\u00e9nero: Otro.\",\"meta\":{\"genre\":\"Otro\",\"length_formatted\":\"1:38\"},\"image\":{\"src\":\"https:\/\/backingtracksmusic.com\/wp-includes\/images\/media\/audio.svg\",\"width\":48,\"height\":64},\"thumb\":{\"src\":\"https:\/\/backingtracksmusic.com\/wp-includes\/images\/media\/audio.svg\",\"width\":48,\"height\":64}}]}<\/script>\n<\/div>","protected":false},"featured_media":4035,"template":"","meta":{"_acf_changed":false},"product_brand":[],"product_cat":[92,95],"product_tag":[192,193],"class_list":{"0":"post-4034","1":"product","2":"type-product","3":"status-publish","4":"has-post-thumbnail","6":"product_cat-07-jazz","7":"product_cat-11-jewish-israeli-music","8":"product_tag-jacob-jacobs","9":"product_tag-sholom-secunda","11":"first","12":"instock","13":"virtual","14":"purchasable","15":"product-type-simple"},"acf":[],"_links":{"self":[{"href":"https:\/\/backingtracksmusic.com\/pt\/wp-json\/wp\/v2\/product\/4034","targetHints":{"allow":["GET"]}}],"collection":[{"href":"https:\/\/backingtracksmusic.com\/pt\/wp-json\/wp\/v2\/product"}],"about":[{"href":"https:\/\/backingtracksmusic.com\/pt\/wp-json\/wp\/v2\/types\/product"}],"wp:featuredmedia":[{"embeddable":true,"href":"https:\/\/backingtracksmusic.com\/pt\/wp-json\/wp\/v2\/media\/4035"}],"wp:attachment":[{"href":"https:\/\/backingtracksmusic.com\/pt\/wp-json\/wp\/v2\/media?parent=4034"}],"wp:term":[{"taxonomy":"product_brand","embeddable":true,"href":"https:\/\/backingtracksmusic.com\/pt\/wp-json\/wp\/v2\/product_brand?post=4034"},{"taxonomy":"product_cat","embeddable":true,"href":"https:\/\/backingtracksmusic.com\/pt\/wp-json\/wp\/v2\/product_cat?post=4034"},{"taxonomy":"product_tag","embeddable":true,"href":"https:\/\/backingtracksmusic.com\/pt\/wp-json\/wp\/v2\/product_tag?post=4034"}],"curies":[{"name":"wp","href":"https:\/\/api.w.org\/{rel}","templated":true}]}}