{"id":4013,"date":"2021-12-28T15:21:44","date_gmt":"2021-12-28T18:21:44","guid":{"rendered":"https:\/\/backingtracksmusic.com\/?post_type=product&#038;p=4013"},"modified":"2022-03-24T17:50:24","modified_gmt":"2022-03-24T20:50:24","slug":"zamba-del-panuelo","status":"publish","type":"product","link":"https:\/\/backingtracksmusic.com\/pt\/produto\/zamba-del-panuelo\/","title":{"rendered":"Zamba del pa\u00f1uelo"},"content":{"rendered":"<h3>Informa\u00e7\u00f5es:<\/h3>\n<p>El 11 de julio , 1955 ,se registra la \u201cZamba del Pa\u00f1uelo\u201d.<br \/>\nEste cl\u00e1sico lleva la poes\u00eda de Manuel Jos\u00e9 Castilla y la m\u00fasica de Gustavo \u201cCuchi\u201d Leguizam\u00f3n.<br \/>\n\u201cLos Fronterizos\u201d. \u201c El Chaque\u00f1o Palavecino\u201d y \u201cJorge Rojas\u201d, son algunos de los referentes que interpretaron esta bella zamba.<\/p>\n<p>&nbsp;<\/p>\n<p>&nbsp;<\/p>","protected":false},"excerpt":{"rendered":"<h3>Demo:<\/h3>\n<div class=\"wp-playlist wp-audio-playlist wp-playlist-light\">\n<div class=\"wp-playlist-current-item\"><\/div>\n<p>\t\t<audio controls=\"controls\" preload=\"none\" width=\"1378\"\n\t\t\t><\/audio><\/p>\n<div class=\"wp-playlist-next\"><\/div>\n<div class=\"wp-playlist-prev\"><\/div>\n<p>\t<noscript><\/p>\n<ol>\n<li><a href='https:\/\/backingtracksmusic.com\/wp-content\/uploads\/2021\/12\/zamba-del-panuelo-Dm-play-referencia-violin-tamy-DEMO.mp3'>zamba del pa\u00f1uelo Dm play + referencia violin tamy DEMO<\/a><\/li>\n<li><a href='https:\/\/backingtracksmusic.com\/wp-content\/uploads\/2021\/12\/zamba-del-panuelo-Dm-play-DEMO-1.mp3'>zamba del pa\u00f1uelo Dm play DEMO<\/a><\/li>\n<\/ol>\n<p>\t<\/noscript><br \/>\n\t<script type=\"application\/json\" class=\"wp-playlist-script\">{\"type\":\"audio\",\"tracklist\":true,\"tracknumbers\":true,\"images\":false,\"artists\":false,\"tracks\":[{\"src\":\"https:\/\/backingtracksmusic.com\/wp-content\/uploads\/2021\/12\/zamba-del-panuelo-Dm-play-referencia-violin-tamy-DEMO.mp3\",\"type\":\"audio\/mpeg\",\"title\":\"zamba del pa\\u00f1uelo Dm play + referencia violin tamy DEMO\",\"caption\":\"\",\"description\":\"\\\"zamba del pa\\u00f1uelo Dm play + referencia violin tamy DEMO\\\". G\\u00e9nero: Other.\",\"meta\":{\"genre\":\"Other\",\"length_formatted\":\"1:34\"},\"image\":{\"src\":\"https:\/\/backingtracksmusic.com\/wp-includes\/images\/media\/audio.svg\",\"width\":48,\"height\":64},\"thumb\":{\"src\":\"https:\/\/backingtracksmusic.com\/wp-includes\/images\/media\/audio.svg\",\"width\":48,\"height\":64}},{\"src\":\"https:\/\/backingtracksmusic.com\/wp-content\/uploads\/2021\/12\/zamba-del-panuelo-Dm-play-DEMO-1.mp3\",\"type\":\"audio\/mpeg\",\"title\":\"zamba del pa\\u00f1uelo Dm play DEMO\",\"caption\":\"\",\"description\":\"\\\"zamba del pa\\u00f1uelo Dm play DEMO\\\". G\\u00e9nero: Other.\",\"meta\":{\"genre\":\"Other\",\"length_formatted\":\"1:28\"},\"image\":{\"src\":\"https:\/\/backingtracksmusic.com\/wp-includes\/images\/media\/audio.svg\",\"width\":48,\"height\":64},\"thumb\":{\"src\":\"https:\/\/backingtracksmusic.com\/wp-includes\/images\/media\/audio.svg\",\"width\":48,\"height\":64}}]}<\/script>\n<\/div>","protected":false},"featured_media":4014,"template":"","meta":{"_acf_changed":false},"product_brand":[],"product_cat":[91],"product_tag":[175,176],"class_list":{"0":"post-4013","1":"product","2":"type-product","3":"status-publish","4":"has-post-thumbnail","6":"product_cat-06-folklore-argentino","7":"product_tag-gustavo-cuchi-leguizamon","8":"product_tag-manuel-castilla","10":"first","11":"instock","12":"virtual","13":"purchasable","14":"product-type-simple"},"acf":[],"_links":{"self":[{"href":"https:\/\/backingtracksmusic.com\/pt\/wp-json\/wp\/v2\/product\/4013","targetHints":{"allow":["GET"]}}],"collection":[{"href":"https:\/\/backingtracksmusic.com\/pt\/wp-json\/wp\/v2\/product"}],"about":[{"href":"https:\/\/backingtracksmusic.com\/pt\/wp-json\/wp\/v2\/types\/product"}],"wp:featuredmedia":[{"embeddable":true,"href":"https:\/\/backingtracksmusic.com\/pt\/wp-json\/wp\/v2\/media\/4014"}],"wp:attachment":[{"href":"https:\/\/backingtracksmusic.com\/pt\/wp-json\/wp\/v2\/media?parent=4013"}],"wp:term":[{"taxonomy":"product_brand","embeddable":true,"href":"https:\/\/backingtracksmusic.com\/pt\/wp-json\/wp\/v2\/product_brand?post=4013"},{"taxonomy":"product_cat","embeddable":true,"href":"https:\/\/backingtracksmusic.com\/pt\/wp-json\/wp\/v2\/product_cat?post=4013"},{"taxonomy":"product_tag","embeddable":true,"href":"https:\/\/backingtracksmusic.com\/pt\/wp-json\/wp\/v2\/product_tag?post=4013"}],"curies":[{"name":"wp","href":"https:\/\/api.w.org\/{rel}","templated":true}]}}