{"id":4009,"date":"2021-12-28T15:10:45","date_gmt":"2021-12-28T18:10:45","guid":{"rendered":"https:\/\/backingtracksmusic.com\/?post_type=product&#038;p=4009"},"modified":"2022-03-22T09:49:45","modified_gmt":"2022-03-22T12:49:45","slug":"zamba-de-mi-esperanza","status":"publish","type":"product","link":"https:\/\/backingtracksmusic.com\/pt\/produto\/zamba-de-mi-esperanza\/","title":{"rendered":"Zamba de mi esperanza"},"content":{"rendered":"<h3>Informa\u00e7\u00f5es:<\/h3>\n<p>\u00abZamba de mi esperanza\u00bb, a veces mencionada como \u00abDe mi esperanza\u00bb, es una conocida canci\u00f3n del folclore argentino, en ritmo de zamba, escrita por el mendocino Luis Profili en la d\u00e9cada de 1950, aunque registrada con el seud\u00f3nimo de Luis H. Morales en 1964. La canci\u00f3n fue difundida inicialmente por Jorge Cafrune, que la populariz\u00f3 tanto en Argentina como internacionalmente. El tema tambi\u00e9n es asociado con Los Chalchaleros, quienes lo incorporaron a su repertorio permanente desde 1965. Se trata del tema m\u00e1s popular de la m\u00fasica de ra\u00edz folcl\u00f3rica de Argentina y uno de los trece m\u00e1s populares de la m\u00fasica popular de ese pa\u00eds.<\/p>\n<p>&nbsp;<\/p>\n<p>&nbsp;<\/p>","protected":false},"excerpt":{"rendered":"<h3>Demo:<\/h3>\n<div class=\"wp-playlist wp-audio-playlist wp-playlist-light\">\n<div class=\"wp-playlist-current-item\"><\/div>\n<p>\t\t<audio controls=\"controls\" preload=\"none\" width=\"1378\"\n\t\t\t><\/audio><\/p>\n<div class=\"wp-playlist-next\"><\/div>\n<div class=\"wp-playlist-prev\"><\/div>\n<p>\t<noscript><\/p>\n<ol>\n<li><a href='https:\/\/backingtracksmusic.com\/wp-content\/uploads\/2021\/12\/Zamba-de-mi-esperanza-Bb-play-referencia-flute-DEMO.mp3'>Zamba de mi esperanza Bb play + referencia flute DEMO<\/a><\/li>\n<li><a href='https:\/\/backingtracksmusic.com\/wp-content\/uploads\/2021\/12\/Zamba-de-mi-esperanza-Bb-play-DEMO.mp3'>Zamba de mi esperanza Bb play DEMO<\/a><\/li>\n<\/ol>\n<p>\t<\/noscript><br \/>\n\t<script type=\"application\/json\" class=\"wp-playlist-script\">{\"type\":\"audio\",\"tracklist\":true,\"tracknumbers\":true,\"images\":false,\"artists\":false,\"tracks\":[{\"src\":\"https:\/\/backingtracksmusic.com\/wp-content\/uploads\/2021\/12\/Zamba-de-mi-esperanza-Bb-play-referencia-flute-DEMO.mp3\",\"type\":\"audio\/mpeg\",\"title\":\"Zamba de mi esperanza Bb play + referencia flute DEMO\",\"caption\":\"\",\"description\":\"\\\"Zamba de mi esperanza Bb play + referencia flute DEMO\\\". G\\u00e9nero: Otro.\",\"meta\":{\"genre\":\"Otro\",\"length_formatted\":\"1:43\"},\"image\":{\"src\":\"https:\/\/backingtracksmusic.com\/wp-includes\/images\/media\/audio.svg\",\"width\":48,\"height\":64},\"thumb\":{\"src\":\"https:\/\/backingtracksmusic.com\/wp-includes\/images\/media\/audio.svg\",\"width\":48,\"height\":64}},{\"src\":\"https:\/\/backingtracksmusic.com\/wp-content\/uploads\/2021\/12\/Zamba-de-mi-esperanza-Bb-play-DEMO.mp3\",\"type\":\"audio\/mpeg\",\"title\":\"Zamba de mi esperanza Bb play DEMO\",\"caption\":\"\",\"description\":\"\\\"Zamba de mi esperanza Bb play DEMO\\\". G\\u00e9nero: Otro.\",\"meta\":{\"genre\":\"Otro\",\"length_formatted\":\"1:25\"},\"image\":{\"src\":\"https:\/\/backingtracksmusic.com\/wp-includes\/images\/media\/audio.svg\",\"width\":48,\"height\":64},\"thumb\":{\"src\":\"https:\/\/backingtracksmusic.com\/wp-includes\/images\/media\/audio.svg\",\"width\":48,\"height\":64}}]}<\/script>\n<\/div>","protected":false},"featured_media":4010,"template":"","meta":{"_acf_changed":false},"product_brand":[],"product_cat":[91],"product_tag":[183,182],"class_list":{"0":"post-4009","1":"product","2":"type-product","3":"status-publish","4":"has-post-thumbnail","6":"product_cat-06-folklore-argentino","7":"product_tag-luis-morales","8":"product_tag-luis-profli","10":"first","11":"instock","12":"virtual","13":"purchasable","14":"product-type-simple"},"acf":[],"_links":{"self":[{"href":"https:\/\/backingtracksmusic.com\/pt\/wp-json\/wp\/v2\/product\/4009","targetHints":{"allow":["GET"]}}],"collection":[{"href":"https:\/\/backingtracksmusic.com\/pt\/wp-json\/wp\/v2\/product"}],"about":[{"href":"https:\/\/backingtracksmusic.com\/pt\/wp-json\/wp\/v2\/types\/product"}],"wp:featuredmedia":[{"embeddable":true,"href":"https:\/\/backingtracksmusic.com\/pt\/wp-json\/wp\/v2\/media\/4010"}],"wp:attachment":[{"href":"https:\/\/backingtracksmusic.com\/pt\/wp-json\/wp\/v2\/media?parent=4009"}],"wp:term":[{"taxonomy":"product_brand","embeddable":true,"href":"https:\/\/backingtracksmusic.com\/pt\/wp-json\/wp\/v2\/product_brand?post=4009"},{"taxonomy":"product_cat","embeddable":true,"href":"https:\/\/backingtracksmusic.com\/pt\/wp-json\/wp\/v2\/product_cat?post=4009"},{"taxonomy":"product_tag","embeddable":true,"href":"https:\/\/backingtracksmusic.com\/pt\/wp-json\/wp\/v2\/product_tag?post=4009"}],"curies":[{"name":"wp","href":"https:\/\/api.w.org\/{rel}","templated":true}]}}