{"id":4001,"date":"2021-12-28T15:05:44","date_gmt":"2021-12-28T18:05:44","guid":{"rendered":"https:\/\/backingtracksmusic.com\/?post_type=product&#038;p=4001"},"modified":"2022-03-22T09:49:52","modified_gmt":"2022-03-22T12:49:52","slug":"la-pulpera-de-santa-lucia","status":"publish","type":"product","link":"https:\/\/backingtracksmusic.com\/pt\/produto\/la-pulpera-de-santa-lucia\/","title":{"rendered":"La pulpera de Santa Lucia"},"content":{"rendered":"<h3>Informa\u00e7\u00f5es:<\/h3>\n<p>La pulpera de Santa Luc\u00eda es un vals cuya letra pertenece a H\u00e9ctor Pedro Blomberg en tanto que la m\u00fasica es de Enrique Maciel, que fue estrenado en Radio Prieto en 1928 por Ignacio Corsini y grabado por el mismo el 22 de abril de 1929 acompa\u00f1ado por las guitarras de Rosendo Pesoa, Armando Pag\u00e9s y Enrique Maciel. El personaje de la canci\u00f3n es una joven que atend\u00eda en la \u00e9poca de Juan Manuel de Rosas el establecimiento que dio el nombre a la obra y existen algunas versiones en el sentido que la obra est\u00e1 inspirada en un personaje real.<\/p>\n<p>&nbsp;<\/p>\n<p>&nbsp;<\/p>","protected":false},"excerpt":{"rendered":"<h3>Demo:<\/h3>\n<div class=\"wp-playlist wp-audio-playlist wp-playlist-light\">\n<div class=\"wp-playlist-current-item\"><\/div>\n<p>\t\t<audio controls=\"controls\" preload=\"none\" width=\"1378\"\n\t\t\t><\/audio><\/p>\n<div class=\"wp-playlist-next\"><\/div>\n<div class=\"wp-playlist-prev\"><\/div>\n<p>\t<noscript><\/p>\n<ol>\n<li><a href='https:\/\/backingtracksmusic.com\/wp-content\/uploads\/2021\/12\/La-pulpera-de-Santa-lucia-play-ful-DEMO.mp3'>La pulpera de Santa lucia play ful DEMO<\/a><\/li>\n<li><a href='https:\/\/backingtracksmusic.com\/wp-content\/uploads\/2021\/12\/La-pulpera-de-Santa-lucia-play-full-referencia-DEMO.mp3'>La pulpera de Santa lucia play full + referencia DEMO<\/a><\/li>\n<\/ol>\n<p>\t<\/noscript><br \/>\n\t<script type=\"application\/json\" class=\"wp-playlist-script\">{\"type\":\"audio\",\"tracklist\":true,\"tracknumbers\":true,\"images\":false,\"artists\":false,\"tracks\":[{\"src\":\"https:\/\/backingtracksmusic.com\/wp-content\/uploads\/2021\/12\/La-pulpera-de-Santa-lucia-play-ful-DEMO.mp3\",\"type\":\"audio\/mpeg\",\"title\":\"La pulpera de Santa lucia play ful DEMO\",\"caption\":\"\",\"description\":\"\\\"La pulpera de Santa lucia play ful DEMO\\\". G\\u00e9nero: Otro.\",\"meta\":{\"genre\":\"Otro\",\"length_formatted\":\"1:57\"},\"image\":{\"src\":\"https:\/\/backingtracksmusic.com\/wp-includes\/images\/media\/audio.svg\",\"width\":48,\"height\":64},\"thumb\":{\"src\":\"https:\/\/backingtracksmusic.com\/wp-includes\/images\/media\/audio.svg\",\"width\":48,\"height\":64}},{\"src\":\"https:\/\/backingtracksmusic.com\/wp-content\/uploads\/2021\/12\/La-pulpera-de-Santa-lucia-play-full-referencia-DEMO.mp3\",\"type\":\"audio\/mpeg\",\"title\":\"La pulpera de Santa lucia play full + referencia DEMO\",\"caption\":\"\",\"description\":\"\\\"La pulpera de Santa lucia play full + referencia DEMO\\\". G\\u00e9nero: Otro.\",\"meta\":{\"genre\":\"Otro\",\"length_formatted\":\"1:27\"},\"image\":{\"src\":\"https:\/\/backingtracksmusic.com\/wp-includes\/images\/media\/audio.svg\",\"width\":48,\"height\":64},\"thumb\":{\"src\":\"https:\/\/backingtracksmusic.com\/wp-includes\/images\/media\/audio.svg\",\"width\":48,\"height\":64}}]}<\/script>\n<\/div>","protected":false},"featured_media":4002,"template":"","meta":{"_acf_changed":false},"product_brand":[],"product_cat":[91],"product_tag":[179,178],"class_list":{"0":"post-4001","1":"product","2":"type-product","3":"status-publish","4":"has-post-thumbnail","6":"product_cat-06-folklore-argentino","7":"product_tag-enrique-maciel","8":"product_tag-hector-blomberg","10":"first","11":"instock","12":"virtual","13":"purchasable","14":"product-type-simple"},"acf":[],"_links":{"self":[{"href":"https:\/\/backingtracksmusic.com\/pt\/wp-json\/wp\/v2\/product\/4001","targetHints":{"allow":["GET"]}}],"collection":[{"href":"https:\/\/backingtracksmusic.com\/pt\/wp-json\/wp\/v2\/product"}],"about":[{"href":"https:\/\/backingtracksmusic.com\/pt\/wp-json\/wp\/v2\/types\/product"}],"wp:featuredmedia":[{"embeddable":true,"href":"https:\/\/backingtracksmusic.com\/pt\/wp-json\/wp\/v2\/media\/4002"}],"wp:attachment":[{"href":"https:\/\/backingtracksmusic.com\/pt\/wp-json\/wp\/v2\/media?parent=4001"}],"wp:term":[{"taxonomy":"product_brand","embeddable":true,"href":"https:\/\/backingtracksmusic.com\/pt\/wp-json\/wp\/v2\/product_brand?post=4001"},{"taxonomy":"product_cat","embeddable":true,"href":"https:\/\/backingtracksmusic.com\/pt\/wp-json\/wp\/v2\/product_cat?post=4001"},{"taxonomy":"product_tag","embeddable":true,"href":"https:\/\/backingtracksmusic.com\/pt\/wp-json\/wp\/v2\/product_tag?post=4001"}],"curies":[{"name":"wp","href":"https:\/\/api.w.org\/{rel}","templated":true}]}}