{"id":3985,"date":"2021-12-28T14:44:23","date_gmt":"2021-12-28T17:44:23","guid":{"rendered":"https:\/\/backingtracksmusic.com\/?post_type=product&#038;p=3985"},"modified":"2022-03-22T09:49:59","modified_gmt":"2022-03-22T12:49:59","slug":"alfonsina-y-el-mar","status":"publish","type":"product","link":"https:\/\/backingtracksmusic.com\/pt\/produto\/alfonsina-y-el-mar\/","title":{"rendered":"Alfonsina y el mar"},"content":{"rendered":"<h3>Informa\u00e7\u00f5es:<\/h3>\n<p>La canci\u00f3n es un homenaje a la poetisa de la misma nacionalidad Alfonsina Storni, que se suicid\u00f3 en 1938 en Mar del Plata, saltando al agua desde una escollera, aunque, seg\u00fan la canci\u00f3n, se intern\u00f3 lentamente en el mar. compuesta por el pianista y compositor Ariel Ramirez<\/p>\n<p>&nbsp;<\/p>\n<p>&nbsp;<\/p>","protected":false},"excerpt":{"rendered":"<h3>Demo:<\/h3>\n<div class=\"wp-playlist wp-audio-playlist wp-playlist-light\">\n<div class=\"wp-playlist-current-item\"><\/div>\n<p>\t\t<audio controls=\"controls\" preload=\"none\" width=\"1378\"\n\t\t\t><\/audio><\/p>\n<div class=\"wp-playlist-next\"><\/div>\n<div class=\"wp-playlist-prev\"><\/div>\n<p>\t<noscript><\/p>\n<ol>\n<li><a href='https:\/\/backingtracksmusic.com\/wp-content\/uploads\/2021\/12\/Alfonsina-y-el-mar-Em-play-full-DEMO.mp3'>Alfonsina y el mar Em play full DEMO<\/a><\/li>\n<li><a href='https:\/\/backingtracksmusic.com\/wp-content\/uploads\/2021\/12\/Alfonsina-y-el-mar-Em-play-full-trumpet-DEMO.mp3'>Alfonsina y el mar Em play full + trumpet DEMO<\/a><\/li>\n<\/ol>\n<p>\t<\/noscript><br \/>\n\t<script type=\"application\/json\" class=\"wp-playlist-script\">{\"type\":\"audio\",\"tracklist\":true,\"tracknumbers\":true,\"images\":false,\"artists\":false,\"tracks\":[{\"src\":\"https:\/\/backingtracksmusic.com\/wp-content\/uploads\/2021\/12\/Alfonsina-y-el-mar-Em-play-full-DEMO.mp3\",\"type\":\"audio\/mpeg\",\"title\":\"Alfonsina y el mar Em play full DEMO\",\"caption\":\"\",\"description\":\"\\\"Alfonsina y el mar Em play full DEMO\\\". G\\u00e9nero: Otro.\",\"meta\":{\"genre\":\"Otro\",\"length_formatted\":\"1:14\"},\"image\":{\"src\":\"https:\/\/backingtracksmusic.com\/wp-includes\/images\/media\/audio.svg\",\"width\":48,\"height\":64},\"thumb\":{\"src\":\"https:\/\/backingtracksmusic.com\/wp-includes\/images\/media\/audio.svg\",\"width\":48,\"height\":64}},{\"src\":\"https:\/\/backingtracksmusic.com\/wp-content\/uploads\/2021\/12\/Alfonsina-y-el-mar-Em-play-full-trumpet-DEMO.mp3\",\"type\":\"audio\/mpeg\",\"title\":\"Alfonsina y el mar Em play full + trumpet DEMO\",\"caption\":\"\",\"description\":\"\\\"Alfonsina y el mar Em play full + trumpet DEMO\\\". G\\u00e9nero: Otro.\",\"meta\":{\"genre\":\"Otro\",\"length_formatted\":\"1:51\"},\"image\":{\"src\":\"https:\/\/backingtracksmusic.com\/wp-includes\/images\/media\/audio.svg\",\"width\":48,\"height\":64},\"thumb\":{\"src\":\"https:\/\/backingtracksmusic.com\/wp-includes\/images\/media\/audio.svg\",\"width\":48,\"height\":64}}]}<\/script>\n<\/div>","protected":false},"featured_media":3986,"template":"","meta":{"_acf_changed":false},"product_brand":[],"product_cat":[91],"product_tag":[174],"class_list":{"0":"post-3985","1":"product","2":"type-product","3":"status-publish","4":"has-post-thumbnail","6":"product_cat-06-folklore-argentino","7":"product_tag-ariel-ramirez","9":"first","10":"instock","11":"virtual","12":"purchasable","13":"product-type-simple"},"acf":[],"_links":{"self":[{"href":"https:\/\/backingtracksmusic.com\/pt\/wp-json\/wp\/v2\/product\/3985","targetHints":{"allow":["GET"]}}],"collection":[{"href":"https:\/\/backingtracksmusic.com\/pt\/wp-json\/wp\/v2\/product"}],"about":[{"href":"https:\/\/backingtracksmusic.com\/pt\/wp-json\/wp\/v2\/types\/product"}],"wp:featuredmedia":[{"embeddable":true,"href":"https:\/\/backingtracksmusic.com\/pt\/wp-json\/wp\/v2\/media\/3986"}],"wp:attachment":[{"href":"https:\/\/backingtracksmusic.com\/pt\/wp-json\/wp\/v2\/media?parent=3985"}],"wp:term":[{"taxonomy":"product_brand","embeddable":true,"href":"https:\/\/backingtracksmusic.com\/pt\/wp-json\/wp\/v2\/product_brand?post=3985"},{"taxonomy":"product_cat","embeddable":true,"href":"https:\/\/backingtracksmusic.com\/pt\/wp-json\/wp\/v2\/product_cat?post=3985"},{"taxonomy":"product_tag","embeddable":true,"href":"https:\/\/backingtracksmusic.com\/pt\/wp-json\/wp\/v2\/product_tag?post=3985"}],"curies":[{"name":"wp","href":"https:\/\/api.w.org\/{rel}","templated":true}]}}