{"id":3973,"date":"2021-12-28T13:58:30","date_gmt":"2021-12-28T16:58:30","guid":{"rendered":"https:\/\/backingtracksmusic.com\/?post_type=product&#038;p=3973"},"modified":"2022-03-22T09:49:59","modified_gmt":"2022-03-22T12:49:59","slug":"himno-general-san-martin","status":"publish","type":"product","link":"https:\/\/backingtracksmusic.com\/pt\/produto\/himno-general-san-martin\/","title":{"rendered":"Himno general San martin"},"content":{"rendered":"<h3>Informa\u00e7\u00f5es:<\/h3>\n<p><em>Himno<\/em>\u00a0al\u00a0<em>Gral San Mart\u00edn<\/em>. El\u00a0<em>General<\/em>\u00a0Jos\u00e9 de\u00a0<em>San Mart\u00edn<\/em> es el h\u00e9roe m\u00e1ximo de los argentinos. Se lo nombra como el Padre de La Patria. con m\u00fasica de Arturo Luzzatti y letra de Segundo M. Arga\u00f1araz.<\/p>\n<p>&nbsp;<\/p>\n<p>&nbsp;<\/p>","protected":false},"excerpt":{"rendered":"<h3>Demo:<\/h3>\n<div class=\"wp-playlist wp-audio-playlist wp-playlist-light\">\n<div class=\"wp-playlist-current-item\"><\/div>\n<p>\t\t<audio controls=\"controls\" preload=\"none\" width=\"1378\"\n\t\t\t><\/audio><\/p>\n<div class=\"wp-playlist-next\"><\/div>\n<div class=\"wp-playlist-prev\"><\/div>\n<p>\t<noscript><\/p>\n<ol>\n<li><a href='https:\/\/backingtracksmusic.com\/wp-content\/uploads\/2021\/12\/Himno-a-san-martin-piano-solo-play-DEMO.mp3'>Himno a san martin piano solo play DEMO<\/a><\/li>\n<li><a href='https:\/\/backingtracksmusic.com\/wp-content\/uploads\/2021\/12\/Himno-a-san-martin-piano-solo-play-referencia-DEMO.mp3'>Himno a san martin piano solo play + referencia DEMO<\/a><\/li>\n<\/ol>\n<p>\t<\/noscript><br \/>\n\t<script type=\"application\/json\" class=\"wp-playlist-script\">{\"type\":\"audio\",\"tracklist\":true,\"tracknumbers\":true,\"images\":false,\"artists\":false,\"tracks\":[{\"src\":\"https:\/\/backingtracksmusic.com\/wp-content\/uploads\/2021\/12\/Himno-a-san-martin-piano-solo-play-DEMO.mp3\",\"type\":\"audio\/mpeg\",\"title\":\"Himno a san martin piano solo play DEMO\",\"caption\":\"\",\"description\":\"\\\"Himno a san martin piano solo play DEMO\\\". G\\u00e9nero: Other.\",\"meta\":{\"genre\":\"Other\",\"length_formatted\":\"0:59\"},\"image\":{\"src\":\"https:\/\/backingtracksmusic.com\/wp-includes\/images\/media\/audio.svg\",\"width\":48,\"height\":64},\"thumb\":{\"src\":\"https:\/\/backingtracksmusic.com\/wp-includes\/images\/media\/audio.svg\",\"width\":48,\"height\":64}},{\"src\":\"https:\/\/backingtracksmusic.com\/wp-content\/uploads\/2021\/12\/Himno-a-san-martin-piano-solo-play-referencia-DEMO.mp3\",\"type\":\"audio\/mpeg\",\"title\":\"Himno a san martin piano solo play + referencia DEMO\",\"caption\":\"\",\"description\":\"\\\"Himno a san martin piano solo play + referencia DEMO\\\". G\\u00e9nero: Otro.\",\"meta\":{\"genre\":\"Otro\",\"length_formatted\":\"0:55\"},\"image\":{\"src\":\"https:\/\/backingtracksmusic.com\/wp-includes\/images\/media\/audio.svg\",\"width\":48,\"height\":64},\"thumb\":{\"src\":\"https:\/\/backingtracksmusic.com\/wp-includes\/images\/media\/audio.svg\",\"width\":48,\"height\":64}}]}<\/script>\n<\/div>","protected":false},"featured_media":3974,"template":"","meta":{"_acf_changed":false},"product_brand":[],"product_cat":[91],"product_tag":[169,170],"class_list":{"0":"post-3973","1":"product","2":"type-product","3":"status-publish","4":"has-post-thumbnail","6":"product_cat-06-folklore-argentino","7":"product_tag-arturo-luzzatti","8":"product_tag-segundo-arganaraz","10":"first","11":"instock","12":"virtual","13":"purchasable","14":"product-type-simple"},"acf":[],"_links":{"self":[{"href":"https:\/\/backingtracksmusic.com\/pt\/wp-json\/wp\/v2\/product\/3973","targetHints":{"allow":["GET"]}}],"collection":[{"href":"https:\/\/backingtracksmusic.com\/pt\/wp-json\/wp\/v2\/product"}],"about":[{"href":"https:\/\/backingtracksmusic.com\/pt\/wp-json\/wp\/v2\/types\/product"}],"wp:featuredmedia":[{"embeddable":true,"href":"https:\/\/backingtracksmusic.com\/pt\/wp-json\/wp\/v2\/media\/3974"}],"wp:attachment":[{"href":"https:\/\/backingtracksmusic.com\/pt\/wp-json\/wp\/v2\/media?parent=3973"}],"wp:term":[{"taxonomy":"product_brand","embeddable":true,"href":"https:\/\/backingtracksmusic.com\/pt\/wp-json\/wp\/v2\/product_brand?post=3973"},{"taxonomy":"product_cat","embeddable":true,"href":"https:\/\/backingtracksmusic.com\/pt\/wp-json\/wp\/v2\/product_cat?post=3973"},{"taxonomy":"product_tag","embeddable":true,"href":"https:\/\/backingtracksmusic.com\/pt\/wp-json\/wp\/v2\/product_tag?post=3973"}],"curies":[{"name":"wp","href":"https:\/\/api.w.org\/{rel}","templated":true}]}}