{"id":3945,"date":"2021-12-28T13:33:24","date_gmt":"2021-12-28T16:33:24","guid":{"rendered":"https:\/\/backingtracksmusic.com\/?post_type=product&#038;p=3945"},"modified":"2022-03-22T09:50:14","modified_gmt":"2022-03-22T12:50:14","slug":"taquito-militar-1","status":"publish","type":"product","link":"https:\/\/backingtracksmusic.com\/pt\/produto\/taquito-militar-1\/","title":{"rendered":"Taquito militar 2"},"content":{"rendered":"<h3>Informa\u00e7\u00f5es:<\/h3>\n<p>&#8220;Taquito militar&#8221; es un tema instrumental en estilo de milonga compuesto por el m\u00fasico argentino Mariano Mores. Fue lanzada como disco simple (78 RPM) en 1952, primer disco grabado por Mariano Mores con orquesta propia. El tema form\u00f3 parte de la banda de sonido de La voz de mi ciudad, pel\u00edcula de 1953 dirigida por Tulio Demicheli en la que Mariano Mores represent\u00f3 el papel protag\u00f3nico. Fue estrenada en 1952 durante el gobierno del Presidente Juan D. Per\u00f3n, generando una fuerte controversia pol\u00edtica y cultural entre visiones diferentes de los conceptos de m\u00fasica &#8220;culta&#8221; y m\u00fasica &#8220;popular&#8221;, as\u00ed como sobre el v\u00ednculos entre ambas &#8220;culturas&#8221;.<\/p>\n<p>&nbsp;<\/p>\n<p>&nbsp;<\/p>","protected":false},"excerpt":{"rendered":"<h3>Demo:<\/h3>\n<div class=\"wp-playlist wp-audio-playlist wp-playlist-light\">\n<div class=\"wp-playlist-current-item\"><\/div>\n<p>\t\t<audio controls=\"controls\" preload=\"none\" width=\"1378\"\n\t\t\t><\/audio><\/p>\n<div class=\"wp-playlist-next\"><\/div>\n<div class=\"wp-playlist-prev\"><\/div>\n<p>\t<noscript><\/p>\n<ol>\n<li><a href='https:\/\/backingtracksmusic.com\/wp-content\/uploads\/2021\/12\/Taquito-militar-playback-full-referencia-alto-sax-O.Kreimer-DEMO.mp3'>Taquito militar playback full + referencia alto sax (O.Kreimer) DEMO<\/a><\/li>\n<li><a href='https:\/\/backingtracksmusic.com\/wp-content\/uploads\/2021\/12\/taquito-militar-playback-full-DEMO.mp3'>taquito militar playback full DEMO<\/a><\/li>\n<\/ol>\n<p>\t<\/noscript><br \/>\n\t<script type=\"application\/json\" class=\"wp-playlist-script\">{\"type\":\"audio\",\"tracklist\":true,\"tracknumbers\":true,\"images\":false,\"artists\":false,\"tracks\":[{\"src\":\"https:\/\/backingtracksmusic.com\/wp-content\/uploads\/2021\/12\/Taquito-militar-playback-full-referencia-alto-sax-O.Kreimer-DEMO.mp3\",\"type\":\"audio\/mpeg\",\"title\":\"Taquito militar playback full + referencia alto sax (O.Kreimer) DEMO\",\"caption\":\"\",\"description\":\"\\\"Taquito militar playback full + referencia alto sax (O.Kreimer) DEMO\\\". G\\u00e9nero: Otro.\",\"meta\":{\"genre\":\"Otro\",\"length_formatted\":\"1:30\"},\"image\":{\"src\":\"https:\/\/backingtracksmusic.com\/wp-includes\/images\/media\/audio.svg\",\"width\":48,\"height\":64},\"thumb\":{\"src\":\"https:\/\/backingtracksmusic.com\/wp-includes\/images\/media\/audio.svg\",\"width\":48,\"height\":64}},{\"src\":\"https:\/\/backingtracksmusic.com\/wp-content\/uploads\/2021\/12\/taquito-militar-playback-full-DEMO.mp3\",\"type\":\"audio\/mpeg\",\"title\":\"taquito militar playback full DEMO\",\"caption\":\"\",\"description\":\"\\\"taquito militar playback full DEMO\\\". G\\u00e9nero: Otro.\",\"meta\":{\"genre\":\"Otro\",\"length_formatted\":\"1:29\"},\"image\":{\"src\":\"https:\/\/backingtracksmusic.com\/wp-includes\/images\/media\/audio.svg\",\"width\":48,\"height\":64},\"thumb\":{\"src\":\"https:\/\/backingtracksmusic.com\/wp-includes\/images\/media\/audio.svg\",\"width\":48,\"height\":64}}]}<\/script>\n<\/div>","protected":false},"featured_media":3949,"template":"","meta":{"_acf_changed":false},"product_brand":[],"product_cat":[86],"product_tag":[163],"class_list":{"0":"post-3945","1":"product","2":"type-product","3":"status-publish","4":"has-post-thumbnail","6":"product_cat-01-tango","7":"product_tag-mariano-mores","9":"first","10":"instock","11":"virtual","12":"purchasable","13":"product-type-simple"},"acf":[],"_links":{"self":[{"href":"https:\/\/backingtracksmusic.com\/pt\/wp-json\/wp\/v2\/product\/3945","targetHints":{"allow":["GET"]}}],"collection":[{"href":"https:\/\/backingtracksmusic.com\/pt\/wp-json\/wp\/v2\/product"}],"about":[{"href":"https:\/\/backingtracksmusic.com\/pt\/wp-json\/wp\/v2\/types\/product"}],"wp:featuredmedia":[{"embeddable":true,"href":"https:\/\/backingtracksmusic.com\/pt\/wp-json\/wp\/v2\/media\/3949"}],"wp:attachment":[{"href":"https:\/\/backingtracksmusic.com\/pt\/wp-json\/wp\/v2\/media?parent=3945"}],"wp:term":[{"taxonomy":"product_brand","embeddable":true,"href":"https:\/\/backingtracksmusic.com\/pt\/wp-json\/wp\/v2\/product_brand?post=3945"},{"taxonomy":"product_cat","embeddable":true,"href":"https:\/\/backingtracksmusic.com\/pt\/wp-json\/wp\/v2\/product_cat?post=3945"},{"taxonomy":"product_tag","embeddable":true,"href":"https:\/\/backingtracksmusic.com\/pt\/wp-json\/wp\/v2\/product_tag?post=3945"}],"curies":[{"name":"wp","href":"https:\/\/api.w.org\/{rel}","templated":true}]}}