{"id":3933,"date":"2021-12-28T13:23:03","date_gmt":"2021-12-28T16:23:03","guid":{"rendered":"https:\/\/backingtracksmusic.com\/?post_type=product&#038;p=3933"},"modified":"2022-03-22T09:50:21","modified_gmt":"2022-03-22T12:50:21","slug":"quejas-de-bandoneon","status":"publish","type":"product","link":"https:\/\/backingtracksmusic.com\/pt\/produto\/quejas-de-bandoneon\/","title":{"rendered":"Quejas de bandoneon"},"content":{"rendered":"<h3>Informa\u00e7\u00f5es:<\/h3>\n<p>Quejas de bandone\u00f3n es un tango instrumental compuesto por Juan de Dios Filiberto en 1918. El autor no encontr\u00f3 interesados en publicarlo, por lo que reci\u00e9n pudo hacerlo, por su cuenta, en 1920. Fue grabado por distintos conjuntos pero el espaldarazo final se produjo en 1944 cuando lo incorpor\u00f3 a su repertorio An\u00edbal Troilo con un arreglo realizado por Astor Piazzolla.<\/p>\n<p>&nbsp;<\/p>\n<p>&nbsp;<\/p>","protected":false},"excerpt":{"rendered":"<h3>Demo:<\/h3>\n<div class=\"wp-playlist wp-audio-playlist wp-playlist-light\">\n<div class=\"wp-playlist-current-item\"><\/div>\n<p>\t\t<audio controls=\"controls\" preload=\"none\" width=\"1378\"\n\t\t\t><\/audio><\/p>\n<div class=\"wp-playlist-next\"><\/div>\n<div class=\"wp-playlist-prev\"><\/div>\n<p>\t<noscript><\/p>\n<ol>\n<li><a href='https:\/\/backingtracksmusic.com\/wp-content\/uploads\/2021\/12\/quejas-de-bandoneon-Dm-play-full-referencia-DEMO.mp3'>quejas de bandoneon Dm play full + referencia DEMO<\/a><\/li>\n<li><a href='https:\/\/backingtracksmusic.com\/wp-content\/uploads\/2021\/12\/quejas-de-bandoneon-Dm-play-full-DEMO.mp3'>quejas de bandoneon Dm play full DEMO<\/a><\/li>\n<\/ol>\n<p>\t<\/noscript><br \/>\n\t<script type=\"application\/json\" class=\"wp-playlist-script\">{\"type\":\"audio\",\"tracklist\":true,\"tracknumbers\":true,\"images\":false,\"artists\":false,\"tracks\":[{\"src\":\"https:\/\/backingtracksmusic.com\/wp-content\/uploads\/2021\/12\/quejas-de-bandoneon-Dm-play-full-referencia-DEMO.mp3\",\"type\":\"audio\/mpeg\",\"title\":\"quejas de bandoneon Dm play full + referencia DEMO\",\"caption\":\"\",\"description\":\"\\\"quejas de bandoneon Dm play full + referencia DEMO\\\". G\\u00e9nero: Otro.\",\"meta\":{\"genre\":\"Otro\",\"length_formatted\":\"1:27\"},\"image\":{\"src\":\"https:\/\/backingtracksmusic.com\/wp-includes\/images\/media\/audio.svg\",\"width\":48,\"height\":64},\"thumb\":{\"src\":\"https:\/\/backingtracksmusic.com\/wp-includes\/images\/media\/audio.svg\",\"width\":48,\"height\":64}},{\"src\":\"https:\/\/backingtracksmusic.com\/wp-content\/uploads\/2021\/12\/quejas-de-bandoneon-Dm-play-full-DEMO.mp3\",\"type\":\"audio\/mpeg\",\"title\":\"quejas de bandoneon Dm play full DEMO\",\"caption\":\"\",\"description\":\"\\\"quejas de bandoneon Dm play full DEMO\\\". G\\u00e9nero: Otro.\",\"meta\":{\"genre\":\"Otro\",\"length_formatted\":\"1:25\"},\"image\":{\"src\":\"https:\/\/backingtracksmusic.com\/wp-includes\/images\/media\/audio.svg\",\"width\":48,\"height\":64},\"thumb\":{\"src\":\"https:\/\/backingtracksmusic.com\/wp-includes\/images\/media\/audio.svg\",\"width\":48,\"height\":64}}]}<\/script>\n<\/div>","protected":false},"featured_media":3934,"template":"","meta":{"_acf_changed":false},"product_brand":[],"product_cat":[86],"product_tag":[135],"class_list":{"0":"post-3933","1":"product","2":"type-product","3":"status-publish","4":"has-post-thumbnail","6":"product_cat-01-tango","7":"product_tag-juan-de-dios-filiberto","9":"first","10":"instock","11":"virtual","12":"purchasable","13":"product-type-simple"},"acf":[],"_links":{"self":[{"href":"https:\/\/backingtracksmusic.com\/pt\/wp-json\/wp\/v2\/product\/3933","targetHints":{"allow":["GET"]}}],"collection":[{"href":"https:\/\/backingtracksmusic.com\/pt\/wp-json\/wp\/v2\/product"}],"about":[{"href":"https:\/\/backingtracksmusic.com\/pt\/wp-json\/wp\/v2\/types\/product"}],"wp:featuredmedia":[{"embeddable":true,"href":"https:\/\/backingtracksmusic.com\/pt\/wp-json\/wp\/v2\/media\/3934"}],"wp:attachment":[{"href":"https:\/\/backingtracksmusic.com\/pt\/wp-json\/wp\/v2\/media?parent=3933"}],"wp:term":[{"taxonomy":"product_brand","embeddable":true,"href":"https:\/\/backingtracksmusic.com\/pt\/wp-json\/wp\/v2\/product_brand?post=3933"},{"taxonomy":"product_cat","embeddable":true,"href":"https:\/\/backingtracksmusic.com\/pt\/wp-json\/wp\/v2\/product_cat?post=3933"},{"taxonomy":"product_tag","embeddable":true,"href":"https:\/\/backingtracksmusic.com\/pt\/wp-json\/wp\/v2\/product_tag?post=3933"}],"curies":[{"name":"wp","href":"https:\/\/api.w.org\/{rel}","templated":true}]}}