{"id":3888,"date":"2021-12-28T12:26:49","date_gmt":"2021-12-28T15:26:49","guid":{"rendered":"https:\/\/backingtracksmusic.com\/?post_type=product&#038;p=3888"},"modified":"2022-03-22T09:50:37","modified_gmt":"2022-03-22T12:50:37","slug":"la-punalada","status":"publish","type":"product","link":"https:\/\/backingtracksmusic.com\/pt\/produto\/la-punalada\/","title":{"rendered":"La pu\u00f1alada"},"content":{"rendered":"<h3>Informa\u00e7\u00f5es:<\/h3>\n<p>Horacio Antonio Castellanos Alves, conocido con el apodo de Pint\u00edn Castellanos, fue un pianista, compositor, letrista y director de orquesta dedicado al g\u00e9nero del tango.1\u200b2\u200b3\u200bEra uno de los \u00faltimos grandes compositores de tangos de su pa\u00eds, tuvo continuos \u00e9xitos y su tema La pu\u00f1alada, fue su m\u00e1xima creaci\u00f3n. Grabada como milonga por primera vez en 1937 por el maestro argentino Juan D&#8217;Arienzo, se vendieron de ella 20 millones de discos<\/p>\n<p>&nbsp;<\/p>\n<p>&nbsp;<\/p>","protected":false},"excerpt":{"rendered":"<h3>Demo:<\/h3>\n<div class=\"wp-playlist wp-audio-playlist wp-playlist-light\">\n<div class=\"wp-playlist-current-item\"><\/div>\n<p>\t\t<audio controls=\"controls\" preload=\"none\" width=\"1378\"\n\t\t\t><\/audio><\/p>\n<div class=\"wp-playlist-next\"><\/div>\n<div class=\"wp-playlist-prev\"><\/div>\n<p>\t<noscript><\/p>\n<ol>\n<li><a href='https:\/\/backingtracksmusic.com\/wp-content\/uploads\/2021\/12\/la-punalada-play-full-DEMO.mp3'>la pu\u00f1alada play full DEMO<\/a><\/li>\n<li><a href='https:\/\/backingtracksmusic.com\/wp-content\/uploads\/2021\/12\/la-punalada-play-full-referencia-TRUMPET-demo.mp3'>la pu\u00f1alada play full + referencia TRUMPET demo<\/a><\/li>\n<\/ol>\n<p>\t<\/noscript><br \/>\n\t<script type=\"application\/json\" class=\"wp-playlist-script\">{\"type\":\"audio\",\"tracklist\":true,\"tracknumbers\":true,\"images\":false,\"artists\":false,\"tracks\":[{\"src\":\"https:\/\/backingtracksmusic.com\/wp-content\/uploads\/2021\/12\/la-punalada-play-full-DEMO.mp3\",\"type\":\"audio\/mpeg\",\"title\":\"la pu\\u00f1alada play full DEMO\",\"caption\":\"\",\"description\":\"\\\"la pu\\u00f1alada play full DEMO\\\". G\\u00e9nero: Otro.\",\"meta\":{\"genre\":\"Otro\",\"length_formatted\":\"1:10\"},\"image\":{\"src\":\"https:\/\/backingtracksmusic.com\/wp-includes\/images\/media\/audio.svg\",\"width\":48,\"height\":64},\"thumb\":{\"src\":\"https:\/\/backingtracksmusic.com\/wp-includes\/images\/media\/audio.svg\",\"width\":48,\"height\":64}},{\"src\":\"https:\/\/backingtracksmusic.com\/wp-content\/uploads\/2021\/12\/la-punalada-play-full-referencia-TRUMPET-demo.mp3\",\"type\":\"audio\/mpeg\",\"title\":\"la pu\\u00f1alada play full + referencia TRUMPET demo\",\"caption\":\"\",\"description\":\"\\\"la pu\\u00f1alada play full + referencia TRUMPET demo\\\". G\\u00e9nero: Otro.\",\"meta\":{\"genre\":\"Otro\",\"length_formatted\":\"1:13\"},\"image\":{\"src\":\"https:\/\/backingtracksmusic.com\/wp-includes\/images\/media\/audio.svg\",\"width\":48,\"height\":64},\"thumb\":{\"src\":\"https:\/\/backingtracksmusic.com\/wp-includes\/images\/media\/audio.svg\",\"width\":48,\"height\":64}}]}<\/script>\n<\/div>","protected":false},"featured_media":3889,"template":"","meta":{"_acf_changed":false},"product_brand":[],"product_cat":[86],"product_tag":[152],"class_list":{"0":"post-3888","1":"product","2":"type-product","3":"status-publish","4":"has-post-thumbnail","6":"product_cat-01-tango","7":"product_tag-pintin-castellanos","9":"first","10":"instock","11":"virtual","12":"purchasable","13":"product-type-simple"},"acf":[],"_links":{"self":[{"href":"https:\/\/backingtracksmusic.com\/pt\/wp-json\/wp\/v2\/product\/3888","targetHints":{"allow":["GET"]}}],"collection":[{"href":"https:\/\/backingtracksmusic.com\/pt\/wp-json\/wp\/v2\/product"}],"about":[{"href":"https:\/\/backingtracksmusic.com\/pt\/wp-json\/wp\/v2\/types\/product"}],"wp:featuredmedia":[{"embeddable":true,"href":"https:\/\/backingtracksmusic.com\/pt\/wp-json\/wp\/v2\/media\/3889"}],"wp:attachment":[{"href":"https:\/\/backingtracksmusic.com\/pt\/wp-json\/wp\/v2\/media?parent=3888"}],"wp:term":[{"taxonomy":"product_brand","embeddable":true,"href":"https:\/\/backingtracksmusic.com\/pt\/wp-json\/wp\/v2\/product_brand?post=3888"},{"taxonomy":"product_cat","embeddable":true,"href":"https:\/\/backingtracksmusic.com\/pt\/wp-json\/wp\/v2\/product_cat?post=3888"},{"taxonomy":"product_tag","embeddable":true,"href":"https:\/\/backingtracksmusic.com\/pt\/wp-json\/wp\/v2\/product_tag?post=3888"}],"curies":[{"name":"wp","href":"https:\/\/api.w.org\/{rel}","templated":true}]}}