{"id":3876,"date":"2021-12-28T12:12:06","date_gmt":"2021-12-28T15:12:06","guid":{"rendered":"https:\/\/backingtracksmusic.com\/?post_type=product&#038;p=3876"},"modified":"2022-03-22T09:50:45","modified_gmt":"2022-03-22T12:50:45","slug":"el-motivo","status":"publish","type":"product","link":"https:\/\/backingtracksmusic.com\/pt\/produto\/el-motivo\/","title":{"rendered":"El motivo"},"content":{"rendered":"<h3>Informa\u00e7\u00f5es:<\/h3>\n<p>El motivo es un tango de 1914\u200b cuya letra pertenece a Pascual Contursi en tanto la m\u00fasica es de Juan Carlos Cobi\u00e1n. Fue cantado por Ren\u00e9e Pocov\u00ed en una obra teatral de 1919 y grabado por Carlos Gardel en 1920 y hay otra letra, autor\u00eda de Enrique Cad\u00edcamo que este retir\u00f3 despu\u00e9s de haberla editado, por pedido de Jos\u00e9 Mar\u00eda Contursi y de la cual no hay registros<\/p>\n<p>&nbsp;<\/p>\n<p>&nbsp;<\/p>","protected":false},"excerpt":{"rendered":"<h3>Demo:<\/h3>\n<div class=\"wp-playlist wp-audio-playlist wp-playlist-light\">\n<div class=\"wp-playlist-current-item\"><\/div>\n<p>\t\t<audio controls=\"controls\" preload=\"none\" width=\"1378\"\n\t\t\t><\/audio><\/p>\n<div class=\"wp-playlist-next\"><\/div>\n<div class=\"wp-playlist-prev\"><\/div>\n<p>\t<noscript><\/p>\n<ol>\n<li><a href='https:\/\/backingtracksmusic.com\/wp-content\/uploads\/2021\/12\/El-motivo-Dm-play-referencia-clarinet-DEMO.mp3'>El motivo Dm play + referencia clarinet DEMO<\/a><\/li>\n<li><a href='https:\/\/backingtracksmusic.com\/wp-content\/uploads\/2021\/12\/El-motivo-Dm-play-DEMO.mp3'>El motivo Dm play DEMO<\/a><\/li>\n<\/ol>\n<p>\t<\/noscript><br \/>\n\t<script type=\"application\/json\" class=\"wp-playlist-script\">{\"type\":\"audio\",\"tracklist\":true,\"tracknumbers\":true,\"images\":false,\"artists\":false,\"tracks\":[{\"src\":\"https:\/\/backingtracksmusic.com\/wp-content\/uploads\/2021\/12\/El-motivo-Dm-play-referencia-clarinet-DEMO.mp3\",\"type\":\"audio\/mpeg\",\"title\":\"El motivo Dm play + referencia clarinet DEMO\",\"caption\":\"\",\"description\":\"\\\"El motivo Dm play + referencia clarinet DEMO\\\". G\\u00e9nero: Otro.\",\"meta\":{\"genre\":\"Otro\",\"length_formatted\":\"1:43\"},\"image\":{\"src\":\"https:\/\/backingtracksmusic.com\/wp-includes\/images\/media\/audio.svg\",\"width\":48,\"height\":64},\"thumb\":{\"src\":\"https:\/\/backingtracksmusic.com\/wp-includes\/images\/media\/audio.svg\",\"width\":48,\"height\":64}},{\"src\":\"https:\/\/backingtracksmusic.com\/wp-content\/uploads\/2021\/12\/El-motivo-Dm-play-DEMO.mp3\",\"type\":\"audio\/mpeg\",\"title\":\"El motivo Dm play DEMO\",\"caption\":\"\",\"description\":\"\\\"El motivo Dm play DEMO\\\". G\\u00e9nero: Otro.\",\"meta\":{\"genre\":\"Otro\",\"length_formatted\":\"1:47\"},\"image\":{\"src\":\"https:\/\/backingtracksmusic.com\/wp-includes\/images\/media\/audio.svg\",\"width\":48,\"height\":64},\"thumb\":{\"src\":\"https:\/\/backingtracksmusic.com\/wp-includes\/images\/media\/audio.svg\",\"width\":48,\"height\":64}}]}<\/script>\n<\/div>","protected":false},"featured_media":3877,"template":"","meta":{"_acf_changed":false},"product_brand":[],"product_cat":[86],"product_tag":[147,148],"class_list":{"0":"post-3876","1":"product","2":"type-product","3":"status-publish","4":"has-post-thumbnail","6":"product_cat-01-tango","7":"product_tag-juan-carlos-cobian","8":"product_tag-pascual","10":"first","11":"instock","12":"virtual","13":"purchasable","14":"product-type-simple"},"acf":[],"_links":{"self":[{"href":"https:\/\/backingtracksmusic.com\/pt\/wp-json\/wp\/v2\/product\/3876","targetHints":{"allow":["GET"]}}],"collection":[{"href":"https:\/\/backingtracksmusic.com\/pt\/wp-json\/wp\/v2\/product"}],"about":[{"href":"https:\/\/backingtracksmusic.com\/pt\/wp-json\/wp\/v2\/types\/product"}],"wp:featuredmedia":[{"embeddable":true,"href":"https:\/\/backingtracksmusic.com\/pt\/wp-json\/wp\/v2\/media\/3877"}],"wp:attachment":[{"href":"https:\/\/backingtracksmusic.com\/pt\/wp-json\/wp\/v2\/media?parent=3876"}],"wp:term":[{"taxonomy":"product_brand","embeddable":true,"href":"https:\/\/backingtracksmusic.com\/pt\/wp-json\/wp\/v2\/product_brand?post=3876"},{"taxonomy":"product_cat","embeddable":true,"href":"https:\/\/backingtracksmusic.com\/pt\/wp-json\/wp\/v2\/product_cat?post=3876"},{"taxonomy":"product_tag","embeddable":true,"href":"https:\/\/backingtracksmusic.com\/pt\/wp-json\/wp\/v2\/product_tag?post=3876"}],"curies":[{"name":"wp","href":"https:\/\/api.w.org\/{rel}","templated":true}]}}