{"id":3839,"date":"2021-12-28T11:35:18","date_gmt":"2021-12-28T14:35:18","guid":{"rendered":"https:\/\/backingtracksmusic.com\/?post_type=product&#038;p=3839"},"modified":"2022-03-22T09:51:04","modified_gmt":"2022-03-22T12:51:04","slug":"como-dos-extranos","status":"publish","type":"product","link":"https:\/\/backingtracksmusic.com\/pt\/produto\/como-dos-extranos\/","title":{"rendered":"Como dos extra\u00f1os"},"content":{"rendered":"<h3>Informa\u00e7\u00f5es:<\/h3>\n<p>Como dos extra\u00f1os es un tango cuya letra pertenece a Jos\u00e9 Mar\u00eda Contursi en tanto que la m\u00fasica es de Pedro L\u00e1urenz, que fue grabado por este el 28 de junio de 1940 con la voz de Juan Carlos Casas. El protagonista encuentra a la mujer de la que se hab\u00eda alejado y sufre una desilusi\u00f3n.<\/p>\n<p>&nbsp;<\/p>\n<p>&nbsp;<\/p>","protected":false},"excerpt":{"rendered":"<h3>Demo:<\/h3>\n<div class=\"wp-playlist wp-audio-playlist wp-playlist-light\">\n<div class=\"wp-playlist-current-item\"><\/div>\n<p>\t\t<audio controls=\"controls\" preload=\"none\" width=\"1378\"\n\t\t\t><\/audio><\/p>\n<div class=\"wp-playlist-next\"><\/div>\n<div class=\"wp-playlist-prev\"><\/div>\n<p>\t<noscript><\/p>\n<ol>\n<li><a href='https:\/\/backingtracksmusic.com\/wp-content\/uploads\/2021\/12\/Como-dos-extranos-Bb-play-full-Referencia-trumpet-DEMO.mp3'>Como dos extra\u00f1os Bb play full + Referencia trumpet DEMO<\/a><\/li>\n<li><a href='https:\/\/backingtracksmusic.com\/wp-content\/uploads\/2021\/12\/Como-dos-extranos-Bb-play-full-DEMO.mp3'>Como dos extra\u00f1os Bb play full DEMO<\/a><\/li>\n<\/ol>\n<p>\t<\/noscript><br \/>\n\t<script type=\"application\/json\" class=\"wp-playlist-script\">{\"type\":\"audio\",\"tracklist\":true,\"tracknumbers\":true,\"images\":false,\"artists\":false,\"tracks\":[{\"src\":\"https:\/\/backingtracksmusic.com\/wp-content\/uploads\/2021\/12\/Como-dos-extranos-Bb-play-full-Referencia-trumpet-DEMO.mp3\",\"type\":\"audio\/mpeg\",\"title\":\"Como dos extra\\u00f1os Bb play full + Referencia trumpet DEMO\",\"caption\":\"\",\"description\":\"\\\"Como dos extra\\u00f1os Bb play full + Referencia trumpet DEMO\\\". G\\u00e9nero: Otro.\",\"meta\":{\"genre\":\"Otro\",\"length_formatted\":\"1:21\"},\"image\":{\"src\":\"https:\/\/backingtracksmusic.com\/wp-includes\/images\/media\/audio.svg\",\"width\":48,\"height\":64},\"thumb\":{\"src\":\"https:\/\/backingtracksmusic.com\/wp-includes\/images\/media\/audio.svg\",\"width\":48,\"height\":64}},{\"src\":\"https:\/\/backingtracksmusic.com\/wp-content\/uploads\/2021\/12\/Como-dos-extranos-Bb-play-full-DEMO.mp3\",\"type\":\"audio\/mpeg\",\"title\":\"Como dos extra\\u00f1os Bb play full DEMO\",\"caption\":\"\",\"description\":\"\\\"Como dos extra\\u00f1os Bb play full DEMO\\\". G\\u00e9nero: Other.\",\"meta\":{\"genre\":\"Other\",\"length_formatted\":\"1:05\"},\"image\":{\"src\":\"https:\/\/backingtracksmusic.com\/wp-includes\/images\/media\/audio.svg\",\"width\":48,\"height\":64},\"thumb\":{\"src\":\"https:\/\/backingtracksmusic.com\/wp-includes\/images\/media\/audio.svg\",\"width\":48,\"height\":64}}]}<\/script>\n<\/div>","protected":false},"featured_media":3840,"template":"","meta":{"_acf_changed":false},"product_brand":[],"product_cat":[86],"product_tag":[139,138],"class_list":{"0":"post-3839","1":"product","2":"type-product","3":"status-publish","4":"has-post-thumbnail","6":"product_cat-01-tango","7":"product_tag-pascual-contursi","8":"product_tag-pedro-laurenz","10":"first","11":"instock","12":"downloadable","13":"virtual","14":"purchasable","15":"product-type-simple"},"acf":[],"_links":{"self":[{"href":"https:\/\/backingtracksmusic.com\/pt\/wp-json\/wp\/v2\/product\/3839","targetHints":{"allow":["GET"]}}],"collection":[{"href":"https:\/\/backingtracksmusic.com\/pt\/wp-json\/wp\/v2\/product"}],"about":[{"href":"https:\/\/backingtracksmusic.com\/pt\/wp-json\/wp\/v2\/types\/product"}],"wp:featuredmedia":[{"embeddable":true,"href":"https:\/\/backingtracksmusic.com\/pt\/wp-json\/wp\/v2\/media\/3840"}],"wp:attachment":[{"href":"https:\/\/backingtracksmusic.com\/pt\/wp-json\/wp\/v2\/media?parent=3839"}],"wp:term":[{"taxonomy":"product_brand","embeddable":true,"href":"https:\/\/backingtracksmusic.com\/pt\/wp-json\/wp\/v2\/product_brand?post=3839"},{"taxonomy":"product_cat","embeddable":true,"href":"https:\/\/backingtracksmusic.com\/pt\/wp-json\/wp\/v2\/product_cat?post=3839"},{"taxonomy":"product_tag","embeddable":true,"href":"https:\/\/backingtracksmusic.com\/pt\/wp-json\/wp\/v2\/product_tag?post=3839"}],"curies":[{"name":"wp","href":"https:\/\/api.w.org\/{rel}","templated":true}]}}