{"id":3734,"date":"2021-12-28T08:57:01","date_gmt":"2021-12-28T11:57:01","guid":{"rendered":"https:\/\/backingtracksmusic.com\/?post_type=product&#038;p=3734"},"modified":"2022-03-22T09:51:50","modified_gmt":"2022-03-22T12:51:50","slug":"lo-que-vendra","status":"publish","type":"product","link":"https:\/\/backingtracksmusic.com\/pt\/produto\/lo-que-vendra\/","title":{"rendered":"Lo que vendra"},"content":{"rendered":"<h3>Informa\u00e7\u00f5es:<\/h3>\n<p>En\u00a0<i>Tango progresivo<\/i>\u00a0hab\u00eda una sola pieza de Piazzolla, \u00abLo que vendr\u00e1\u00bb, que hasta ese momento solo hab\u00eda sido grabada en 1954, con arreglos debussyanos expl\u00edcitos en el tema inicial (arreglos que desaparecer\u00edan en versiones posteriores).<\/p>\n<p>&nbsp;<\/p>\n<p>&nbsp;<\/p>","protected":false},"excerpt":{"rendered":"<h3>Demo:<\/h3>\n<div class=\"wp-playlist wp-audio-playlist wp-playlist-light\">\n<div class=\"wp-playlist-current-item\"><\/div>\n<p>\t\t<audio controls=\"controls\" preload=\"none\" width=\"1378\"\n\t\t\t><\/audio><\/p>\n<div class=\"wp-playlist-next\"><\/div>\n<div class=\"wp-playlist-prev\"><\/div>\n<p>\t<noscript><\/p>\n<ol>\n<li><a href='https:\/\/backingtracksmusic.com\/wp-content\/uploads\/2021\/12\/Lo-que-vendra-play-full-referencia-flute-DEMO.mp3'>Lo que vendra play full + referencia flute DEMO<\/a><\/li>\n<li><a href='https:\/\/backingtracksmusic.com\/wp-content\/uploads\/2021\/12\/Lo-que-vendra-play-full-DEMO.mp3'>Lo que vendra play full DEMO<\/a><\/li>\n<\/ol>\n<p>\t<\/noscript><br \/>\n\t<script type=\"application\/json\" class=\"wp-playlist-script\">{\"type\":\"audio\",\"tracklist\":true,\"tracknumbers\":true,\"images\":false,\"artists\":false,\"tracks\":[{\"src\":\"https:\/\/backingtracksmusic.com\/wp-content\/uploads\/2021\/12\/Lo-que-vendra-play-full-referencia-flute-DEMO.mp3\",\"type\":\"audio\/mpeg\",\"title\":\"Lo que vendra play full + referencia flute DEMO\",\"caption\":\"\",\"description\":\"\\\"Lo que vendra play full + referencia flute DEMO\\\". G\\u00e9nero: Otro.\",\"meta\":{\"genre\":\"Otro\",\"length_formatted\":\"1:43\"},\"image\":{\"src\":\"https:\/\/backingtracksmusic.com\/wp-includes\/images\/media\/audio.svg\",\"width\":48,\"height\":64},\"thumb\":{\"src\":\"https:\/\/backingtracksmusic.com\/wp-includes\/images\/media\/audio.svg\",\"width\":48,\"height\":64}},{\"src\":\"https:\/\/backingtracksmusic.com\/wp-content\/uploads\/2021\/12\/Lo-que-vendra-play-full-DEMO.mp3\",\"type\":\"audio\/mpeg\",\"title\":\"Lo que vendra play full DEMO\",\"caption\":\"\",\"description\":\"\\\"Lo que vendra play full DEMO\\\". G\\u00e9nero: Otro.\",\"meta\":{\"genre\":\"Otro\",\"length_formatted\":\"1:25\"},\"image\":{\"src\":\"https:\/\/backingtracksmusic.com\/wp-includes\/images\/media\/audio.svg\",\"width\":48,\"height\":64},\"thumb\":{\"src\":\"https:\/\/backingtracksmusic.com\/wp-includes\/images\/media\/audio.svg\",\"width\":48,\"height\":64}}]}<\/script>\n<\/div>","protected":false},"featured_media":3735,"template":"","meta":{"_acf_changed":false},"product_brand":[],"product_cat":[87],"product_tag":[109],"class_list":{"0":"post-3734","1":"product","2":"type-product","3":"status-publish","4":"has-post-thumbnail","6":"product_cat-02-piazzolla-new-tango","7":"product_tag-astor-piazzolla","9":"first","10":"instock","11":"downloadable","12":"virtual","13":"purchasable","14":"product-type-simple"},"acf":[],"_links":{"self":[{"href":"https:\/\/backingtracksmusic.com\/pt\/wp-json\/wp\/v2\/product\/3734","targetHints":{"allow":["GET"]}}],"collection":[{"href":"https:\/\/backingtracksmusic.com\/pt\/wp-json\/wp\/v2\/product"}],"about":[{"href":"https:\/\/backingtracksmusic.com\/pt\/wp-json\/wp\/v2\/types\/product"}],"wp:featuredmedia":[{"embeddable":true,"href":"https:\/\/backingtracksmusic.com\/pt\/wp-json\/wp\/v2\/media\/3735"}],"wp:attachment":[{"href":"https:\/\/backingtracksmusic.com\/pt\/wp-json\/wp\/v2\/media?parent=3734"}],"wp:term":[{"taxonomy":"product_brand","embeddable":true,"href":"https:\/\/backingtracksmusic.com\/pt\/wp-json\/wp\/v2\/product_brand?post=3734"},{"taxonomy":"product_cat","embeddable":true,"href":"https:\/\/backingtracksmusic.com\/pt\/wp-json\/wp\/v2\/product_cat?post=3734"},{"taxonomy":"product_tag","embeddable":true,"href":"https:\/\/backingtracksmusic.com\/pt\/wp-json\/wp\/v2\/product_tag?post=3734"}],"curies":[{"name":"wp","href":"https:\/\/api.w.org\/{rel}","templated":true}]}}