{"id":3718,"date":"2021-12-27T19:42:47","date_gmt":"2021-12-27T22:42:47","guid":{"rendered":"https:\/\/backingtracksmusic.com\/?post_type=product&#038;p=3718"},"modified":"2022-03-22T09:51:57","modified_gmt":"2022-03-22T12:51:57","slug":"la-misma-pena","status":"publish","type":"product","link":"https:\/\/backingtracksmusic.com\/pt\/produto\/la-misma-pena\/","title":{"rendered":"La misma pena"},"content":{"rendered":"<h3>Informa\u00e7\u00f5es:<\/h3>\n<p>Este tango que compusieron en 1951 Homero Exp\u00f3sito y Astor Piazzolla es un eslab\u00f3n m\u00e1s en la\u00a0<i>piccola\u00a0<\/i>obra que tejieron entre ambos.<\/p>\n<p>&nbsp;<\/p>\n<p>&nbsp;<\/p>","protected":false},"excerpt":{"rendered":"<h3>Demo:<\/h3>\n<div class=\"wp-playlist wp-audio-playlist wp-playlist-light\">\n<div class=\"wp-playlist-current-item\"><\/div>\n<p>\t\t<audio controls=\"controls\" preload=\"none\" width=\"1378\"\n\t\t\t><\/audio><\/p>\n<div class=\"wp-playlist-next\"><\/div>\n<div class=\"wp-playlist-prev\"><\/div>\n<p>\t<noscript><\/p>\n<ol>\n<li><a href='https:\/\/backingtracksmusic.com\/wp-content\/uploads\/2021\/12\/La-misma-pena-Fm-play-full-referencia-armonica-DEMO.mp3'>La misma pena Fm play full + referencia armonica DEMO<\/a><\/li>\n<li><a href='https:\/\/backingtracksmusic.com\/wp-content\/uploads\/2021\/12\/La-misma-pena-Fm-play-full-demo.mp3'>La misma pena Fm play full demo<\/a><\/li>\n<\/ol>\n<p>\t<\/noscript><br \/>\n\t<script type=\"application\/json\" class=\"wp-playlist-script\">{\"type\":\"audio\",\"tracklist\":true,\"tracknumbers\":true,\"images\":false,\"artists\":false,\"tracks\":[{\"src\":\"https:\/\/backingtracksmusic.com\/wp-content\/uploads\/2021\/12\/La-misma-pena-Fm-play-full-referencia-armonica-DEMO.mp3\",\"type\":\"audio\/mpeg\",\"title\":\"La misma pena Fm play full + referencia armonica DEMO\",\"caption\":\"\",\"description\":\"\\\"La misma pena Fm play full + referencia armonica DEMO\\\". G\\u00e9nero: Otro.\",\"meta\":{\"genre\":\"Otro\",\"length_formatted\":\"1:46\"},\"image\":{\"src\":\"https:\/\/backingtracksmusic.com\/wp-includes\/images\/media\/audio.svg\",\"width\":48,\"height\":64},\"thumb\":{\"src\":\"https:\/\/backingtracksmusic.com\/wp-includes\/images\/media\/audio.svg\",\"width\":48,\"height\":64}},{\"src\":\"https:\/\/backingtracksmusic.com\/wp-content\/uploads\/2021\/12\/La-misma-pena-Fm-play-full-demo.mp3\",\"type\":\"audio\/mpeg\",\"title\":\"La misma pena Fm play full demo\",\"caption\":\"\",\"description\":\"\\\"La misma pena Fm play full demo\\\". G\\u00e9nero: Otro.\",\"meta\":{\"genre\":\"Otro\",\"length_formatted\":\"1:25\"},\"image\":{\"src\":\"https:\/\/backingtracksmusic.com\/wp-includes\/images\/media\/audio.svg\",\"width\":48,\"height\":64},\"thumb\":{\"src\":\"https:\/\/backingtracksmusic.com\/wp-includes\/images\/media\/audio.svg\",\"width\":48,\"height\":64}}]}<\/script>\n<\/div>","protected":false},"featured_media":3719,"template":"","meta":{"_acf_changed":false},"product_brand":[],"product_cat":[87],"product_tag":[109],"class_list":{"0":"post-3718","1":"product","2":"type-product","3":"status-publish","4":"has-post-thumbnail","6":"product_cat-02-piazzolla-new-tango","7":"product_tag-astor-piazzolla","9":"first","10":"instock","11":"downloadable","12":"virtual","13":"purchasable","14":"product-type-simple"},"acf":[],"_links":{"self":[{"href":"https:\/\/backingtracksmusic.com\/pt\/wp-json\/wp\/v2\/product\/3718","targetHints":{"allow":["GET"]}}],"collection":[{"href":"https:\/\/backingtracksmusic.com\/pt\/wp-json\/wp\/v2\/product"}],"about":[{"href":"https:\/\/backingtracksmusic.com\/pt\/wp-json\/wp\/v2\/types\/product"}],"wp:featuredmedia":[{"embeddable":true,"href":"https:\/\/backingtracksmusic.com\/pt\/wp-json\/wp\/v2\/media\/3719"}],"wp:attachment":[{"href":"https:\/\/backingtracksmusic.com\/pt\/wp-json\/wp\/v2\/media?parent=3718"}],"wp:term":[{"taxonomy":"product_brand","embeddable":true,"href":"https:\/\/backingtracksmusic.com\/pt\/wp-json\/wp\/v2\/product_brand?post=3718"},{"taxonomy":"product_cat","embeddable":true,"href":"https:\/\/backingtracksmusic.com\/pt\/wp-json\/wp\/v2\/product_cat?post=3718"},{"taxonomy":"product_tag","embeddable":true,"href":"https:\/\/backingtracksmusic.com\/pt\/wp-json\/wp\/v2\/product_tag?post=3718"}],"curies":[{"name":"wp","href":"https:\/\/api.w.org\/{rel}","templated":true}]}}